{"id":771161,"date":"2025-08-28T14:56:01","date_gmt":"2025-08-28T11:56:01","guid":{"rendered":"https:\/\/roveyayinevi.com.tr\/index.php\/urun\/allahin-isimlerinin-anlami\/"},"modified":"2026-04-15T03:37:38","modified_gmt":"2026-04-15T00:37:38","slug":"allahin-isimlerinin-anlami","status":"publish","type":"product","link":"https:\/\/roveyayinevi.com.tr\/index.php\/urun\/allahin-isimlerinin-anlami\/","title":{"rendered":"Allah\u2019\u0131n \u0130simlerinin Anlam\u0131"},"content":{"rendered":"<p>Her ismi g\u00fczel her ismi iyi ve her ismi y\u00fccedir Allah\u2019\u0131n. Bunun sonucunda ise \u00e2lem ve bilhassa insan en m\u00fckemmel \u015fekilde var oldu, hayat bir lutuf ve ihsan olarak yarat\u0131ld\u0131. Metafizik\u00e7ilerin son b\u00fcy\u00fck halkas\u0131n\u0131 te\u015fkil eden Sadreddin Konev\u00ee\u2019nin (\u00f6. 673\/1274) Allah ve insan g\u00f6r\u00fc\u015f\u00fcn\u00fcn ana konusu bu c\u00fcmleler \u00fczerine kuruludur. Allah ger\u00e7ek varl\u0131kt\u0131r, b\u00fct\u00fcn varl\u0131klar da O\u2019nun kemalinin delilidir. \u0130l\u00e2h\u00ee isimler \u00fczerinde konu\u015fmak, M\u00fcsl\u00fcman bilim gelene\u011finin en \u00f6nemli literat\u00fcr alanlar\u0131ndan birini te\u015fkil etmi\u015ftir. Bu itibarla farkl\u0131 bilim gelenekleri Allah hakk\u0131ndaki d\u00fc\u015f\u00fcncelerini il\u00e2h\u00ee isimlere yans\u0131tm\u0131\u015f, bu isimleri a\u00e7\u0131klayarak bir yandan Allah\u2019\u0131n kem\u00e2l ve y\u00fcceli\u011fini izah etmi\u015fler, \u00f6te yandan isimlerin \u00e2lem ve insandaki tecellilerini g\u00f6stermi\u015flerdir. \u0130sl\u00e2m metafizik gelene\u011finin son b\u00fcy\u00fck ismi kabul edilebilecek Konev\u00ee\u2019nin il\u00e2h\u00ee isimleri a\u00e7\u0131klad\u0131\u011f\u0131 bu kitab\u0131 ise bu literat\u00fcr\u00fcn en \u00f6nemlilerinden biri, belki de ba\u015fta gelenidir. Konev\u00ee b\u00fcy\u00fck bir metafizik gelene\u011fin yakla\u015f\u0131mlar\u0131n\u0131 dikkate alarak Allah hakk\u0131nda bu gelenekte s\u00f6ylenebilecek hemen b\u00fct\u00fcn bahisleri eserine toplam\u0131\u015ft\u0131r. \u0130l\u00e2h\u00ee isimler \u00fczerine dilimizdeki en \u00f6nemli eserlerinden biri olan bu eser, b\u00fcy\u00fck bir gelenek ile g\u00fcn\u00fcm\u00fcz d\u00fc\u015f\u00fcncesinin ba\u011f\u0131n\u0131 kuracak ve modern insana Allah-\u00e2lem ve insan hakk\u0131nda hikmetli bir bak\u0131\u015f a\u00e7\u0131s\u0131 sunacakt\u0131r.<\/p>\n","protected":false},"excerpt":{"rendered":"<p>Her ismi g\u00fczel her ismi iyi ve her ismi y\u00fccedir Allah\u2019\u0131n. Bunun sonucunda ise \u00e2lem ve bilhassa insan en m\u00fckemmel \u015fekilde var oldu, hayat bir lutuf<span class=\"excerpt-hellip\"> [\u2026]<\/span><\/p>\n","protected":false},"featured_media":0,"template":"","meta":{"_monsterinsights_skip_tracking":false,"_monsterinsights_sitenote_active":false,"_monsterinsights_sitenote_note":"","_monsterinsights_sitenote_category":0},"product_brand":[],"product_cat":[12718,12719],"product_tag":[],"class_list":{"0":"post-771161","1":"product","2":"type-product","3":"status-publish","5":"product_cat-din","6":"product_cat-islam","7":"pa_cilt-ciltsiz","8":"pa_tur-kitap","9":"pa_yayinevi-fikriyat-yayinlari","10":"pa_yazar-sadreddin-konevi","12":"first","13":"instock","14":"sale","15":"shipping-taxable","16":"purchasable","17":"product-type-simple"},"_links":{"self":[{"href":"https:\/\/roveyayinevi.com.tr\/index.php\/wp-json\/wp\/v2\/product\/771161","targetHints":{"allow":["GET"]}}],"collection":[{"href":"https:\/\/roveyayinevi.com.tr\/index.php\/wp-json\/wp\/v2\/product"}],"about":[{"href":"https:\/\/roveyayinevi.com.tr\/index.php\/wp-json\/wp\/v2\/types\/product"}],"wp:attachment":[{"href":"https:\/\/roveyayinevi.com.tr\/index.php\/wp-json\/wp\/v2\/media?parent=771161"}],"wp:term":[{"taxonomy":"product_brand","embeddable":true,"href":"https:\/\/roveyayinevi.com.tr\/index.php\/wp-json\/wp\/v2\/product_brand?post=771161"},{"taxonomy":"product_cat","embeddable":true,"href":"https:\/\/roveyayinevi.com.tr\/index.php\/wp-json\/wp\/v2\/product_cat?post=771161"},{"taxonomy":"product_tag","embeddable":true,"href":"https:\/\/roveyayinevi.com.tr\/index.php\/wp-json\/wp\/v2\/product_tag?post=771161"}],"curies":[{"name":"wp","href":"https:\/\/api.w.org\/{rel}","templated":true}]}}