{"id":771160,"date":"2025-08-28T14:55:59","date_gmt":"2025-08-28T11:55:59","guid":{"rendered":"https:\/\/roveyayinevi.com.tr\/index.php\/urun\/kurulmamis-hayaller\/"},"modified":"2026-04-15T03:37:38","modified_gmt":"2026-04-15T00:37:38","slug":"kurulmamis-hayaller","status":"publish","type":"product","link":"https:\/\/roveyayinevi.com.tr\/index.php\/urun\/kurulmamis-hayaller\/","title":{"rendered":"Kurulmam\u0131\u015f Hayaller"},"content":{"rendered":"<p>Ey sevgili! H\u00e2l\u00e2 \u00e7e\u015fme ba\u015f\u0131nda ela bak\u0131\u015flar\u0131nla ya\u015f\u0131yorum. Hani seninle tek kelime etmeden, g\u00f6zlerimizle zaman\u0131 durdurup s\u00f6yle\u015fti\u011fimiz o an. Hani o bir saniyesi bin y\u0131la bedel bak\u0131\u015flar\u0131n Sen bakarken galiba fark etmedin; ama o tek bak\u0131\u015f\u0131n i\u00e7inde hayalleri a\u015fan bir cennet sakl\u0131yd\u0131.Sana bir s\u00f6z\u00fcm vard\u0131 ey sevgili! G\u00fcne\u015fe \u00e7\u0131kan merdivenleri beraber t\u0131rmanacakt\u0131k. Yanacakt\u0131k birlikte doya doya Ate\u015fi ci\u011ferlerimize \u00e7ekerken, kalbimiz vuslat\u0131n tad\u0131n\u0131 \u00e7\u0131karacakt\u0131. Sonra G\u00fcne\u015fin b\u00fct\u00fcn bah\u00e7elerini gezecektik birlikte. Ate\u015ften imzam\u0131z\u0131 atacakt\u0131k alevlerin g\u00f6lgesinden a\u011fa\u00e7lar\u0131n g\u00f6vdesine!Bir tur atacakt\u0131k zaman\u0131n k\u0131y\u0131s\u0131nda. Yoldan ge\u00e7ene anlatacakt\u0131k kurulmam\u0131\u015f hayallerimizi. \u015eimdi dar sokaklarda zemheriyi ya\u015f\u0131yorum. Kalbim bir t\u00fcrl\u00fc bahar\u0131 g\u00f6remeyen kelebek gibi. Ve sen ey sevgili! Yoksun art\u0131k en son emanet etti\u011fim bak\u0131\u015flarda! Ben yorgun, sen kay\u0131p!<\/p>\n","protected":false},"excerpt":{"rendered":"<p>Ey sevgili! H\u00e2l\u00e2 \u00e7e\u015fme ba\u015f\u0131nda ela bak\u0131\u015flar\u0131nla ya\u015f\u0131yorum. Hani seninle tek kelime etmeden, g\u00f6zlerimizle zaman\u0131 durdurup s\u00f6yle\u015fti\u011fimiz o an. Hani o bir saniyesi bin y\u0131la bedel<span class=\"excerpt-hellip\"> [\u2026]<\/span><\/p>\n","protected":false},"featured_media":0,"template":"","meta":{"_monsterinsights_skip_tracking":false,"_monsterinsights_sitenote_active":false,"_monsterinsights_sitenote_note":"","_monsterinsights_sitenote_category":0},"product_brand":[],"product_cat":[12291,12711],"product_tag":[],"class_list":{"0":"post-771160","1":"product","2":"type-product","3":"status-publish","5":"product_cat-edebiyat","6":"product_cat-roman-oyku","7":"pa_cilt-ciltsiz","8":"pa_tur-kitap","9":"pa_yayinevi-yediveren-yayinlari","10":"pa_yazar-bilal-civelek","12":"first","13":"instock","14":"sale","15":"shipping-taxable","16":"purchasable","17":"product-type-simple"},"_links":{"self":[{"href":"https:\/\/roveyayinevi.com.tr\/index.php\/wp-json\/wp\/v2\/product\/771160","targetHints":{"allow":["GET"]}}],"collection":[{"href":"https:\/\/roveyayinevi.com.tr\/index.php\/wp-json\/wp\/v2\/product"}],"about":[{"href":"https:\/\/roveyayinevi.com.tr\/index.php\/wp-json\/wp\/v2\/types\/product"}],"wp:attachment":[{"href":"https:\/\/roveyayinevi.com.tr\/index.php\/wp-json\/wp\/v2\/media?parent=771160"}],"wp:term":[{"taxonomy":"product_brand","embeddable":true,"href":"https:\/\/roveyayinevi.com.tr\/index.php\/wp-json\/wp\/v2\/product_brand?post=771160"},{"taxonomy":"product_cat","embeddable":true,"href":"https:\/\/roveyayinevi.com.tr\/index.php\/wp-json\/wp\/v2\/product_cat?post=771160"},{"taxonomy":"product_tag","embeddable":true,"href":"https:\/\/roveyayinevi.com.tr\/index.php\/wp-json\/wp\/v2\/product_tag?post=771160"}],"curies":[{"name":"wp","href":"https:\/\/api.w.org\/{rel}","templated":true}]}}