{"id":771156,"date":"2025-08-28T14:55:50","date_gmt":"2025-08-28T11:55:50","guid":{"rendered":"https:\/\/roveyayinevi.com.tr\/index.php\/urun\/istila-2\/"},"modified":"2026-04-15T03:37:38","modified_gmt":"2026-04-15T00:37:38","slug":"istila-2","status":"publish","type":"product","link":"https:\/\/roveyayinevi.com.tr\/index.php\/urun\/istila-2\/","title":{"rendered":"\u0130stila 2"},"content":{"rendered":"<p>\u0130lk kitab\u0131yla 2023\u2019\u00fcn \u00e7ok satanlar listesine damga vuran \u0130stila serisi, ikinci b\u00f6l\u00fcm\u00fcyle heyecan\u0131 doruklara ta\u015f\u0131yor.Macera, kald\u0131\u011f\u0131 yerden t\u00fcm h\u0131z\u0131yla devam ederken, gizemlerle dolu bir d\u00fcnya derin s\u0131rlar\u0131yla okuyucuyu sarsmaya haz\u0131rlan\u0131yor. Y\u0131l 2040. Yery\u00fcz\u00fc, insan ya\u015fam\u0131na elveri\u015fsiz h\u00e2le gelmi\u015f, medeniyetin son k\u0131r\u0131nt\u0131lar\u0131 ise \u00dcrd\u00fcn \u00e7\u00f6l\u00fcnde in\u015fa edilen, d\u00fcnyadan kopuk bir \u015fehirde varl\u0131\u011f\u0131n\u0131 s\u00fcrd\u00fcrmektedir.&#8221;Nuh\u2019un Yeni Gemisi&#8221; olarak an\u0131lan Neom \u015fehrinin karanl\u0131k ve distopik d\u00fcnyas\u0131nda, insanl\u0131\u011f\u0131n kurtulu\u015f mu yoksa yok olu\u015f mu arad\u0131\u011f\u0131n\u0131 sorgulatan nefes kesici bir ser\u00fcven. Yerin derinliklerinde kurtar\u0131lmay\u0131 bekleyen on binlerce \u00e7ocuk hakk\u0131nda t\u00fcm d\u00fcnyadan saklanan t\u00fcyler \u00fcrpertici bir s\u0131rr\u0131n pe\u015finden giden Yasin&#8217;in ad\u0131mlar\u0131 hem ger\u00e7e\u011fin pe\u015finde hem de belirsizli\u011fin i\u00e7inde bulan\u0131kla\u015f\u0131yor. Modern d\u00fcnyan\u0131n en b\u00fcy\u00fck gizemlerinden birini a\u00e7\u0131\u011fa \u00e7\u0131karan, soluksuz okuyaca\u011f\u0131n\u0131z gerilim dolu bir macera sizi bekliyor.<\/p>\n","protected":false},"excerpt":{"rendered":"<p>\u0130lk kitab\u0131yla 2023\u2019\u00fcn \u00e7ok satanlar listesine damga vuran \u0130stila serisi, ikinci b\u00f6l\u00fcm\u00fcyle heyecan\u0131 doruklara ta\u015f\u0131yor.Macera, kald\u0131\u011f\u0131 yerden t\u00fcm h\u0131z\u0131yla devam ederken, gizemlerle dolu bir d\u00fcnya derin<span class=\"excerpt-hellip\"> [\u2026]<\/span><\/p>\n","protected":false},"featured_media":0,"template":"","meta":{"_monsterinsights_skip_tracking":false,"_monsterinsights_sitenote_active":false,"_monsterinsights_sitenote_note":"","_monsterinsights_sitenote_category":0},"product_brand":[],"product_cat":[12291,12711],"product_tag":[],"class_list":{"0":"post-771156","1":"product","2":"type-product","3":"status-publish","5":"product_cat-edebiyat","6":"product_cat-roman-oyku","7":"pa_cilt-ciltsiz","8":"pa_tur-kitap","9":"pa_yayinevi-yediveren-yayinlari","10":"pa_yazar-tuncer-gizem-avcisi","12":"first","13":"instock","14":"sale","15":"shipping-taxable","16":"purchasable","17":"product-type-simple"},"_links":{"self":[{"href":"https:\/\/roveyayinevi.com.tr\/index.php\/wp-json\/wp\/v2\/product\/771156","targetHints":{"allow":["GET"]}}],"collection":[{"href":"https:\/\/roveyayinevi.com.tr\/index.php\/wp-json\/wp\/v2\/product"}],"about":[{"href":"https:\/\/roveyayinevi.com.tr\/index.php\/wp-json\/wp\/v2\/types\/product"}],"wp:attachment":[{"href":"https:\/\/roveyayinevi.com.tr\/index.php\/wp-json\/wp\/v2\/media?parent=771156"}],"wp:term":[{"taxonomy":"product_brand","embeddable":true,"href":"https:\/\/roveyayinevi.com.tr\/index.php\/wp-json\/wp\/v2\/product_brand?post=771156"},{"taxonomy":"product_cat","embeddable":true,"href":"https:\/\/roveyayinevi.com.tr\/index.php\/wp-json\/wp\/v2\/product_cat?post=771156"},{"taxonomy":"product_tag","embeddable":true,"href":"https:\/\/roveyayinevi.com.tr\/index.php\/wp-json\/wp\/v2\/product_tag?post=771156"}],"curies":[{"name":"wp","href":"https:\/\/api.w.org\/{rel}","templated":true}]}}