{"id":771152,"date":"2025-08-28T14:55:41","date_gmt":"2025-08-28T11:55:41","guid":{"rendered":"https:\/\/roveyayinevi.com.tr\/index.php\/urun\/alerjik\/"},"modified":"2026-04-15T03:37:38","modified_gmt":"2026-04-15T00:37:38","slug":"alerjik","status":"publish","type":"product","link":"https:\/\/roveyayinevi.com.tr\/index.php\/urun\/alerjik\/","title":{"rendered":"Alerjik"},"content":{"rendered":"<p>HAP\u015eU!Eyvah, yoksa alerjiniz mi var? \u00c7ocuklu\u011funda alerjik bir b\u00fcnyeye sahip olan Megan Wagner Lloyd&#8217;un ger\u00e7ek deneyimlerinden ilham alan Alerjik, hayattaki de\u011fi\u015fimlerle ve zorluklarla nas\u0131l ba\u015fa \u00e7\u0131k\u0131laca\u011f\u0131n\u0131 g\u00f6steren y\u00fcreklendirici bir \u00e7izgi roman. En b\u00fcy\u00fck hayali b\u00fcy\u00fck bir hayal k\u0131r\u0131kl\u0131\u011f\u0131na d\u00f6n\u00fc\u015fen 10 ya\u015f\u0131ndaki bir k\u0131z\u0131n b\u00fcy\u00fcme ve kendini ke\u015ffetme ser\u00fcvenini anlatan bu sevgi dolu hik\u00e2ye, aile ve dostluk ba\u011flar\u0131n\u0131n g\u00fcc\u00fcn\u00fc kalbimizde hissettiriyor.   Maggie i\u00e7in hayat bug\u00fcnlerde biraz zor. Yeni bir bebek bekleyen anne babas\u0131n\u0131n tela\u015f\u0131 yetmezmi\u015f gibi ikiz karde\u015flerinin bitmek bilmez at\u0131\u015fmalar\u0131 y\u00fcz\u00fcnden evdeki gergin ortamdan kurtulam\u0131yor. Neyse ki do\u011fum g\u00fcn\u00fcnde ya\u015fad\u0131\u011f\u0131 t\u00fcm bu huzursuzlu\u011fu unutturacak bir hediyeye kavu\u015facak: Y\u0131llar s\u00fcren yalvar\u0131p yakarmalar\u0131n sonucunda evcil bir hayvan sahiplenme hayali nihayet ger\u00e7ek olacak. Maggie, bir k\u00f6pek yavrusunun kaybetti\u011fi ne\u015fesini geri getirece\u011fine emin. Fakat daha bar\u0131na\u011fa var\u0131r varmaz muhtelif kabar\u0131kl\u0131klar ve k\u0131zar\u0131kl\u0131klarla kendisini belli edecek tats\u0131z bir s\u00fcrpriz kahraman\u0131m\u0131z\u0131 bekliyor. Me\u011fer Maggie&#8217;nin k\u00fcrkl\u00fc ve t\u00fcyl\u00fc hayvanlara kar\u015f\u0131 ciddi bir alerjisi varm\u0131\u015f! Hayat\u0131n\u0131n en harika do\u011fum g\u00fcn\u00fcn\u00fc ge\u00e7irece\u011fini d\u00fc\u015f\u00fcn\u00fcrken hi\u00e7 beklemedi\u011fi bir ger\u00e7ekle ya\u015famak zorunda kald\u0131\u011f\u0131n\u0131 \u00f6\u011frenen Maggie&#8217;nin alerjik reaksiyonlarla imtihan\u0131n\u0131 ele alan bu s\u0131cac\u0131k kitap, alerjik hastal\u0131klar\u0131n tan\u0131 ve tedavisi hakk\u0131nda okurlar\u0131n fark\u0131ndal\u0131\u011f\u0131n\u0131 art\u0131r\u0131yor.     T\u00fcm engellere ra\u011fmen hayallerden vazge\u00e7memenin \u00f6nemini vurgulayan Alerjik, hayvanlar\u0131 g\u00f6n\u00fclden sevmenin &#8221;iyile\u015ftirici&#8221; etkisini g\u00f6zler \u00f6n\u00fcne seriyor.<\/p>\n","protected":false},"excerpt":{"rendered":"<p>HAP\u015eU!Eyvah, yoksa alerjiniz mi var? \u00c7ocuklu\u011funda alerjik bir b\u00fcnyeye sahip olan Megan Wagner Lloyd&#8217;un ger\u00e7ek deneyimlerinden ilham alan Alerjik, hayattaki de\u011fi\u015fimlerle ve zorluklarla nas\u0131l ba\u015fa \u00e7\u0131k\u0131laca\u011f\u0131n\u0131<span class=\"excerpt-hellip\"> [\u2026]<\/span><\/p>\n","protected":false},"featured_media":0,"template":"","meta":{"_monsterinsights_skip_tracking":false,"_monsterinsights_sitenote_active":false,"_monsterinsights_sitenote_note":"","_monsterinsights_sitenote_category":0},"product_brand":[],"product_cat":[12274,12284],"product_tag":[],"class_list":{"0":"post-771152","1":"product","2":"type-product","3":"status-publish","5":"product_cat-cocuk-ve-genclik-kitaplari","6":"product_cat-hikayeler","7":"pa_cilt-ciltsiz","8":"pa_tur-kitap","9":"pa_yayinevi-desen-yayinlari","10":"pa_yazar-megan-wagner-lloyd","12":"first","13":"instock","14":"sale","15":"shipping-taxable","16":"purchasable","17":"product-type-simple"},"_links":{"self":[{"href":"https:\/\/roveyayinevi.com.tr\/index.php\/wp-json\/wp\/v2\/product\/771152","targetHints":{"allow":["GET"]}}],"collection":[{"href":"https:\/\/roveyayinevi.com.tr\/index.php\/wp-json\/wp\/v2\/product"}],"about":[{"href":"https:\/\/roveyayinevi.com.tr\/index.php\/wp-json\/wp\/v2\/types\/product"}],"wp:attachment":[{"href":"https:\/\/roveyayinevi.com.tr\/index.php\/wp-json\/wp\/v2\/media?parent=771152"}],"wp:term":[{"taxonomy":"product_brand","embeddable":true,"href":"https:\/\/roveyayinevi.com.tr\/index.php\/wp-json\/wp\/v2\/product_brand?post=771152"},{"taxonomy":"product_cat","embeddable":true,"href":"https:\/\/roveyayinevi.com.tr\/index.php\/wp-json\/wp\/v2\/product_cat?post=771152"},{"taxonomy":"product_tag","embeddable":true,"href":"https:\/\/roveyayinevi.com.tr\/index.php\/wp-json\/wp\/v2\/product_tag?post=771152"}],"curies":[{"name":"wp","href":"https:\/\/api.w.org\/{rel}","templated":true}]}}