{"id":771149,"date":"2025-08-28T14:55:34","date_gmt":"2025-08-28T11:55:34","guid":{"rendered":"https:\/\/roveyayinevi.com.tr\/index.php\/urun\/kaya\/"},"modified":"2026-04-15T03:37:38","modified_gmt":"2026-04-15T00:37:38","slug":"kaya","status":"publish","type":"product","link":"https:\/\/roveyayinevi.com.tr\/index.php\/urun\/kaya\/","title":{"rendered":"Kaya"},"content":{"rendered":"<p>Bir demircinin o\u011flu olan Thom, Elizabeth Douglas\u2019\u0131 ilk g\u00f6rd\u00fc\u011f\u00fcnde onun bir prenses oldu\u011funu d\u00fc\u015f\u00fcn\u00fcr. Asl\u0131nda haks\u0131z da say\u0131lmaz; \u00e7\u00fcnk\u00fc Elizabeth, g\u00fc\u00e7l\u00fc Douglas Lordu\u2019nun k\u0131z\u0131d\u0131r ve onun d\u00fcnyas\u0131nda b\u00f6yle biriyle yan yana durmak bile neredeyse imk\u00e2ns\u0131zd\u0131r.\u00c7ocukluklar\u0131n\u0131 birlikte ge\u00e7irmelerine ra\u011fmen Elizabeth, yan\u0131nda b\u00fcy\u00fcyen bu sad\u0131k dosta hi\u00e7bir zaman farkl\u0131 bir g\u00f6zle bakmaz.Ancak aralar\u0131ndaki u\u00e7urum, Thom\u2019un i\u00e7ten i\u00e7e b\u00fcy\u00fcyen hislerine kar\u015f\u0131l\u0131k bulma ihtimalini her ge\u00e7en g\u00fcn daha da olanaks\u0131z k\u0131lar. Fakat o, kaderini kendi elleriyle yazmaya kararl\u0131d\u0131r.Y\u0131llar sonra Elizabeth, karde\u015fini \u0130ngilizlerin elinden kurtarmak i\u00e7in ondan yard\u0131m istedi\u011finde, \u00e7ocukluk arkada\u015f\u0131 onun g\u00f6z\u00fcnde h\u00e2l\u00e2 cesur bir dosttan ibarettir. Ancak Thom i\u00e7in bu hik\u00e2ye, \u00e7oktan yaz\u0131lmaya ba\u015flanm\u0131\u015f bir destand\u0131r.Acaba Thom\u2019un \u00fclkedeki t\u00fcm kalelerin duvarlar\u0131n\u0131 a\u015fabilecek kaya gibi sa\u011flam iradesi, Elizabeth\u2019in kalbini kazanmas\u0131na da yard\u0131medecek midir?<\/p>\n","protected":false},"excerpt":{"rendered":"<p>Bir demircinin o\u011flu olan Thom, Elizabeth Douglas\u2019\u0131 ilk g\u00f6rd\u00fc\u011f\u00fcnde onun bir prenses oldu\u011funu d\u00fc\u015f\u00fcn\u00fcr. Asl\u0131nda haks\u0131z da say\u0131lmaz; \u00e7\u00fcnk\u00fc Elizabeth, g\u00fc\u00e7l\u00fc Douglas Lordu\u2019nun k\u0131z\u0131d\u0131r ve onun<span class=\"excerpt-hellip\"> [\u2026]<\/span><\/p>\n","protected":false},"featured_media":0,"template":"","meta":{"_monsterinsights_skip_tracking":false,"_monsterinsights_sitenote_active":false,"_monsterinsights_sitenote_note":"","_monsterinsights_sitenote_category":0},"product_brand":[],"product_cat":[12291,12711],"product_tag":[],"class_list":{"0":"post-771149","1":"product","2":"type-product","3":"status-publish","5":"product_cat-edebiyat","6":"product_cat-roman-oyku","7":"pa_cilt-ciltsiz","8":"pa_tur-kitap","9":"pa_yayinevi-nemesis-kitap","10":"pa_yazar-monica-mccarty","12":"first","13":"instock","14":"sale","15":"shipping-taxable","16":"purchasable","17":"product-type-simple"},"_links":{"self":[{"href":"https:\/\/roveyayinevi.com.tr\/index.php\/wp-json\/wp\/v2\/product\/771149","targetHints":{"allow":["GET"]}}],"collection":[{"href":"https:\/\/roveyayinevi.com.tr\/index.php\/wp-json\/wp\/v2\/product"}],"about":[{"href":"https:\/\/roveyayinevi.com.tr\/index.php\/wp-json\/wp\/v2\/types\/product"}],"wp:attachment":[{"href":"https:\/\/roveyayinevi.com.tr\/index.php\/wp-json\/wp\/v2\/media?parent=771149"}],"wp:term":[{"taxonomy":"product_brand","embeddable":true,"href":"https:\/\/roveyayinevi.com.tr\/index.php\/wp-json\/wp\/v2\/product_brand?post=771149"},{"taxonomy":"product_cat","embeddable":true,"href":"https:\/\/roveyayinevi.com.tr\/index.php\/wp-json\/wp\/v2\/product_cat?post=771149"},{"taxonomy":"product_tag","embeddable":true,"href":"https:\/\/roveyayinevi.com.tr\/index.php\/wp-json\/wp\/v2\/product_tag?post=771149"}],"curies":[{"name":"wp","href":"https:\/\/api.w.org\/{rel}","templated":true}]}}