{"id":771148,"date":"2025-08-28T14:55:32","date_gmt":"2025-08-28T11:55:32","guid":{"rendered":"https:\/\/roveyayinevi.com.tr\/index.php\/urun\/ukde\/"},"modified":"2026-04-15T03:37:38","modified_gmt":"2026-04-15T00:37:38","slug":"ukde","status":"publish","type":"product","link":"https:\/\/roveyayinevi.com.tr\/index.php\/urun\/ukde\/","title":{"rendered":"Ukde"},"content":{"rendered":"<p>&#8220;O g\u00fcn babam, annem, amcam ve ben \u00f6ld\u00fck. Sadece babam\u0131 g\u00f6md\u00fcler&#8230; 21 ya\u015f\u0131nda bitti babam\u0131n d\u00fcnya hayat\u0131. Annem hen\u00fcz 19\u2019unda, ben ise 2 ya\u015f\u0131mdayd\u0131m&#8230;&#8221; *** &#8220;Annemin bay\u0131lmas\u0131n\u0131n nedeni day\u0131m\u0131n dedemin aln\u0131na silah dayamas\u0131 de\u011fil, dedemin day\u0131m\u0131n silah\u0131na davranmas\u0131na neden olan c\u00fcmlesiydi. Annem de duymu\u015ftu. Duydu\u011fu c\u00fcmlenin kelimeleri harf harf pi\u015fman, annem dilsiz, day\u0131m \u00f6fkeli, dedem emin ve ben \u00e7ocuktum. Yetim.&#8221; *** &#8220;Duvarlar\u0131n dili vard\u0131 ve annem o duvarlardan g\u00fcnlerce, gecelerce ayn\u0131 c\u00fcmleyi duydu. Ne duvarlar\u0131 susturabildi, ne kendi a\u011flamalar\u0131n\u0131. Her \u015feyin sebebi gibi g\u00f6rd\u00fc\u011f\u00fc beni, bir isyan\u0131 bast\u0131rmak istercesine gecelerce g\u00f6\u011fs\u00fcne bast\u0131rd\u0131.&#8221; *** Mehmet Ercan, uzun bir aradan sonra okurlar\u0131n\u0131n kar\u015f\u0131s\u0131nda. Ger\u00e7ek olamayacak kadar \u00e7arp\u0131c\u0131 bu hayat hik\u00e2yesini okurken kimi zaman g\u00f6zya\u015flar\u0131n\u0131za h\u00e2kim olamayacak kimi zaman da kendinizi istemsizce kahkaha atarken bulacaks\u0131n\u0131z.<\/p>\n","protected":false},"excerpt":{"rendered":"<p>&#8220;O g\u00fcn babam, annem, amcam ve ben \u00f6ld\u00fck. Sadece babam\u0131 g\u00f6md\u00fcler&#8230; 21 ya\u015f\u0131nda bitti babam\u0131n d\u00fcnya hayat\u0131. Annem hen\u00fcz 19\u2019unda, ben ise 2 ya\u015f\u0131mdayd\u0131m&#8230;&#8221; *** &#8220;Annemin<span class=\"excerpt-hellip\"> [\u2026]<\/span><\/p>\n","protected":false},"featured_media":0,"template":"","meta":{"_monsterinsights_skip_tracking":false,"_monsterinsights_sitenote_active":false,"_monsterinsights_sitenote_note":"","_monsterinsights_sitenote_category":0},"product_brand":[],"product_cat":[12540,12291],"product_tag":[],"class_list":{"0":"post-771148","1":"product","2":"type-product","3":"status-publish","5":"product_cat-bilim-kurgu","6":"product_cat-edebiyat","7":"pa_cilt-ciltsiz","8":"pa_tur-kitap","9":"pa_yayinevi-nemesis-kitap","10":"pa_yazar-mehmet-ercan","12":"first","13":"instock","14":"sale","15":"shipping-taxable","16":"purchasable","17":"product-type-simple"},"_links":{"self":[{"href":"https:\/\/roveyayinevi.com.tr\/index.php\/wp-json\/wp\/v2\/product\/771148","targetHints":{"allow":["GET"]}}],"collection":[{"href":"https:\/\/roveyayinevi.com.tr\/index.php\/wp-json\/wp\/v2\/product"}],"about":[{"href":"https:\/\/roveyayinevi.com.tr\/index.php\/wp-json\/wp\/v2\/types\/product"}],"wp:attachment":[{"href":"https:\/\/roveyayinevi.com.tr\/index.php\/wp-json\/wp\/v2\/media?parent=771148"}],"wp:term":[{"taxonomy":"product_brand","embeddable":true,"href":"https:\/\/roveyayinevi.com.tr\/index.php\/wp-json\/wp\/v2\/product_brand?post=771148"},{"taxonomy":"product_cat","embeddable":true,"href":"https:\/\/roveyayinevi.com.tr\/index.php\/wp-json\/wp\/v2\/product_cat?post=771148"},{"taxonomy":"product_tag","embeddable":true,"href":"https:\/\/roveyayinevi.com.tr\/index.php\/wp-json\/wp\/v2\/product_tag?post=771148"}],"curies":[{"name":"wp","href":"https:\/\/api.w.org\/{rel}","templated":true}]}}