{"id":771147,"date":"2025-08-28T14:55:30","date_gmt":"2025-08-28T11:55:30","guid":{"rendered":"https:\/\/roveyayinevi.com.tr\/index.php\/urun\/geri-donuyoruz\/"},"modified":"2026-04-15T03:37:38","modified_gmt":"2026-04-15T00:37:38","slug":"geri-donuyoruz","status":"publish","type":"product","link":"https:\/\/roveyayinevi.com.tr\/index.php\/urun\/geri-donuyoruz\/","title":{"rendered":"Geri D\u00f6n\u00fcyoruz"},"content":{"rendered":"<p>Mitos ve hik\u00e2yeyi birbirinden ay\u0131ran \u015fey ne?Bu insan denen canl\u0131, \u00f6l\u00fcm\u00fc neden b\u00f6ylesine tak\u0131nt\u0131 h\u00e2linegetirmi\u015f durumda?Hem nedir bu \u00f6l\u00fcm dedikleri?Peki ya reenkarnasyon ger\u00e7ekten var m\u0131?\u00d6te d\u00fcnya ve \u00f6l\u00fcmden sonra ya\u015fam inanc\u0131 nas\u0131l do\u011fdu?Dinler nas\u0131l milyonlarca insan\u0131 pe\u015finden s\u00fcr\u00fckleyerekbug\u00fcnlere gelebildi?Kurtar\u0131c\u0131 ihtiyac\u0131n\u0131n \u00f6z\u00fcnde yatan as\u0131l sebep ne?T\u00f6re Sivrio\u011flu ve Mahir \u00dcnsal Eri\u015f\u2019in keyifli ve ufuk a\u00e7\u0131c\u0131sohbetlerinden olu\u015fan Geri D\u00f6n\u00fcyoruz adl\u0131 podcast program\u0131ndanderlenen bu eserde, mitolojiden reenkarnasyona, dinden \u00f6l\u00fcmkavram\u0131na bir\u00e7ok konunun ele al\u0131nd\u0131\u011f\u0131 uzun uzad\u0131ya bir sohbetedavetlisiniz.<\/p>\n","protected":false},"excerpt":{"rendered":"<p>Mitos ve hik\u00e2yeyi birbirinden ay\u0131ran \u015fey ne?Bu insan denen canl\u0131, \u00f6l\u00fcm\u00fc neden b\u00f6ylesine tak\u0131nt\u0131 h\u00e2linegetirmi\u015f durumda?Hem nedir bu \u00f6l\u00fcm dedikleri?Peki ya reenkarnasyon ger\u00e7ekten var m\u0131?\u00d6te d\u00fcnya<span class=\"excerpt-hellip\"> [\u2026]<\/span><\/p>\n","protected":false},"featured_media":0,"template":"","meta":{"_monsterinsights_skip_tracking":false,"_monsterinsights_sitenote_active":false,"_monsterinsights_sitenote_note":"","_monsterinsights_sitenote_category":0},"product_brand":[],"product_cat":[12291,30969],"product_tag":[],"class_list":{"0":"post-771147","1":"product","2":"type-product","3":"status-publish","5":"product_cat-edebiyat","6":"product_cat-soylesi-edebiyat","7":"pa_cilt-ciltsiz","8":"pa_tur-kitap","9":"pa_yayinevi-kafka-yayinevi","10":"pa_yazar-tore-sivrioglu-mahir-unsal-eris","12":"first","13":"instock","14":"sale","15":"shipping-taxable","16":"purchasable","17":"product-type-simple"},"_links":{"self":[{"href":"https:\/\/roveyayinevi.com.tr\/index.php\/wp-json\/wp\/v2\/product\/771147","targetHints":{"allow":["GET"]}}],"collection":[{"href":"https:\/\/roveyayinevi.com.tr\/index.php\/wp-json\/wp\/v2\/product"}],"about":[{"href":"https:\/\/roveyayinevi.com.tr\/index.php\/wp-json\/wp\/v2\/types\/product"}],"wp:attachment":[{"href":"https:\/\/roveyayinevi.com.tr\/index.php\/wp-json\/wp\/v2\/media?parent=771147"}],"wp:term":[{"taxonomy":"product_brand","embeddable":true,"href":"https:\/\/roveyayinevi.com.tr\/index.php\/wp-json\/wp\/v2\/product_brand?post=771147"},{"taxonomy":"product_cat","embeddable":true,"href":"https:\/\/roveyayinevi.com.tr\/index.php\/wp-json\/wp\/v2\/product_cat?post=771147"},{"taxonomy":"product_tag","embeddable":true,"href":"https:\/\/roveyayinevi.com.tr\/index.php\/wp-json\/wp\/v2\/product_tag?post=771147"}],"curies":[{"name":"wp","href":"https:\/\/api.w.org\/{rel}","templated":true}]}}