{"id":771144,"date":"2025-08-28T14:55:24","date_gmt":"2025-08-28T11:55:24","guid":{"rendered":"https:\/\/roveyayinevi.com.tr\/index.php\/urun\/ada-ve-galaksiler\/"},"modified":"2026-04-15T03:37:38","modified_gmt":"2026-04-15T00:37:38","slug":"ada-ve-galaksiler","status":"publish","type":"product","link":"https:\/\/roveyayinevi.com.tr\/index.php\/urun\/ada-ve-galaksiler\/","title":{"rendered":"Ada ve Galaksiler"},"content":{"rendered":"<p>Maine\u2019de bir adada ya\u015fayan b\u00fcy\u00fckanne ve b\u00fcy\u00fckbabas\u0131n\u0131 ziyarete giden Ada\u2019y\u0131 ke\u015fif dolu g\u00fcnler bekliyor. G\u00fcn boyu sahilde dola\u015fmak veya kay\u0131kla gezmek\u2026 Ancak geceleyin parlak ve g\u00fczel y\u0131ld\u0131zlar\u0131 seyretmenin yerini hi\u00e7biri tutamaz. G\u00fcne\u015f\u2019in batmas\u0131n\u0131 sab\u0131rs\u0131zl\u0131kla bekleyen Ada\u2019n\u0131n y\u0131ld\u0131zlar\u0131 seyretme plan\u0131, aniden \u00e7\u00f6ken kal\u0131n bir sis tabakas\u0131 y\u00fcz\u00fcnden suya m\u0131 d\u00fc\u015fecek?<\/p>\n","protected":false},"excerpt":{"rendered":"<p>Maine\u2019de bir adada ya\u015fayan b\u00fcy\u00fckanne ve b\u00fcy\u00fckbabas\u0131n\u0131 ziyarete giden Ada\u2019y\u0131 ke\u015fif dolu g\u00fcnler bekliyor. G\u00fcn boyu sahilde dola\u015fmak veya kay\u0131kla gezmek\u2026 Ancak geceleyin parlak ve g\u00fczel<span class=\"excerpt-hellip\"> [\u2026]<\/span><\/p>\n","protected":false},"featured_media":0,"template":"","meta":{"_monsterinsights_skip_tracking":false,"_monsterinsights_sitenote_active":false,"_monsterinsights_sitenote_note":"","_monsterinsights_sitenote_category":0},"product_brand":[],"product_cat":[12274,12518],"product_tag":[],"class_list":{"0":"post-771144","1":"product","2":"type-product","3":"status-publish","5":"product_cat-cocuk-ve-genclik-kitaplari","6":"product_cat-okul-oncesi-kitaplar","7":"pa_cilt-ciltsiz","8":"pa_tur-kitap","9":"pa_yayinevi-is-bankasi-kultur-yayinlari","10":"pa_yazar-alan-lightman-olga-pastuchiv","12":"first","13":"instock","14":"sale","15":"shipping-taxable","16":"purchasable","17":"product-type-simple"},"_links":{"self":[{"href":"https:\/\/roveyayinevi.com.tr\/index.php\/wp-json\/wp\/v2\/product\/771144","targetHints":{"allow":["GET"]}}],"collection":[{"href":"https:\/\/roveyayinevi.com.tr\/index.php\/wp-json\/wp\/v2\/product"}],"about":[{"href":"https:\/\/roveyayinevi.com.tr\/index.php\/wp-json\/wp\/v2\/types\/product"}],"wp:attachment":[{"href":"https:\/\/roveyayinevi.com.tr\/index.php\/wp-json\/wp\/v2\/media?parent=771144"}],"wp:term":[{"taxonomy":"product_brand","embeddable":true,"href":"https:\/\/roveyayinevi.com.tr\/index.php\/wp-json\/wp\/v2\/product_brand?post=771144"},{"taxonomy":"product_cat","embeddable":true,"href":"https:\/\/roveyayinevi.com.tr\/index.php\/wp-json\/wp\/v2\/product_cat?post=771144"},{"taxonomy":"product_tag","embeddable":true,"href":"https:\/\/roveyayinevi.com.tr\/index.php\/wp-json\/wp\/v2\/product_tag?post=771144"}],"curies":[{"name":"wp","href":"https:\/\/api.w.org\/{rel}","templated":true}]}}