{"id":771143,"date":"2025-08-28T14:55:22","date_gmt":"2025-08-28T11:55:22","guid":{"rendered":"https:\/\/roveyayinevi.com.tr\/index.php\/urun\/yaz-ormaninda\/"},"modified":"2026-04-15T03:37:38","modified_gmt":"2026-04-15T00:37:38","slug":"yaz-ormaninda","status":"publish","type":"product","link":"https:\/\/roveyayinevi.com.tr\/index.php\/urun\/yaz-ormaninda\/","title":{"rendered":"Yaz Orman\u0131nda"},"content":{"rendered":"<p>Hava \u00e7ok s\u0131cakt\u0131! Tilki, fare ve karga s\u0131caktan bunalm\u0131\u015ft\u0131. Sincap ise ne yapmas\u0131 gerekti\u011fini \u00e7ok iyi biliyordu: Bu havada g\u00f6lde serinlemek gibisi yoktu! Di\u011ferleri d\u00fc\u015f\u00fcn\u00fcrken, sincap suya atlay\u0131verdi. G\u00f6lde serinledikten sonra sudan \u00e7\u0131kamayan sincab\u0131n yard\u0131m\u0131na kim ko\u015ftu acaba? <\/p>\n","protected":false},"excerpt":{"rendered":"<p>Hava \u00e7ok s\u0131cakt\u0131! Tilki, fare ve karga s\u0131caktan bunalm\u0131\u015ft\u0131. Sincap ise ne yapmas\u0131 gerekti\u011fini \u00e7ok iyi biliyordu: Bu havada g\u00f6lde serinlemek gibisi yoktu! Di\u011ferleri d\u00fc\u015f\u00fcn\u00fcrken, sincap<span class=\"excerpt-hellip\"> [\u2026]<\/span><\/p>\n","protected":false},"featured_media":0,"template":"","meta":{"_monsterinsights_skip_tracking":false,"_monsterinsights_sitenote_active":false,"_monsterinsights_sitenote_note":"","_monsterinsights_sitenote_category":0},"product_brand":[],"product_cat":[12274,12518],"product_tag":[],"class_list":{"0":"post-771143","1":"product","2":"type-product","3":"status-publish","5":"product_cat-cocuk-ve-genclik-kitaplari","6":"product_cat-okul-oncesi-kitaplar","7":"pa_cilt-ciltsiz","8":"pa_tur-kitap","9":"pa_yayinevi-is-bankasi-kultur-yayinlari","10":"pa_yazar-daniela-kulot","12":"first","13":"instock","14":"sale","15":"shipping-taxable","16":"purchasable","17":"product-type-simple"},"_links":{"self":[{"href":"https:\/\/roveyayinevi.com.tr\/index.php\/wp-json\/wp\/v2\/product\/771143","targetHints":{"allow":["GET"]}}],"collection":[{"href":"https:\/\/roveyayinevi.com.tr\/index.php\/wp-json\/wp\/v2\/product"}],"about":[{"href":"https:\/\/roveyayinevi.com.tr\/index.php\/wp-json\/wp\/v2\/types\/product"}],"wp:attachment":[{"href":"https:\/\/roveyayinevi.com.tr\/index.php\/wp-json\/wp\/v2\/media?parent=771143"}],"wp:term":[{"taxonomy":"product_brand","embeddable":true,"href":"https:\/\/roveyayinevi.com.tr\/index.php\/wp-json\/wp\/v2\/product_brand?post=771143"},{"taxonomy":"product_cat","embeddable":true,"href":"https:\/\/roveyayinevi.com.tr\/index.php\/wp-json\/wp\/v2\/product_cat?post=771143"},{"taxonomy":"product_tag","embeddable":true,"href":"https:\/\/roveyayinevi.com.tr\/index.php\/wp-json\/wp\/v2\/product_tag?post=771143"}],"curies":[{"name":"wp","href":"https:\/\/api.w.org\/{rel}","templated":true}]}}