{"id":771142,"date":"2025-08-28T14:55:20","date_gmt":"2025-08-28T11:55:20","guid":{"rendered":"https:\/\/roveyayinevi.com.tr\/index.php\/urun\/duan-kadar-varsin\/"},"modified":"2026-04-15T03:37:38","modified_gmt":"2026-04-15T00:37:38","slug":"duan-kadar-varsin","status":"publish","type":"product","link":"https:\/\/roveyayinevi.com.tr\/index.php\/urun\/duan-kadar-varsin\/","title":{"rendered":"Duan Kadar Vars\u0131n"},"content":{"rendered":"<p>Allah, insan\u0131 \u00f6nce kendi varl\u0131\u011f\u0131ndan haberdar etmi\u015f, insan da varl\u0131\u011f\u0131n\u0131 benimsedi\u011fi bu y\u00fcce kudret kar\u015f\u0131s\u0131nda duydu\u011fu sayg\u0131 ve \u00fcmit hisleri sebebiyle kendisinden daha \u00fcst\u00fcn olanla irtibat ihtiyac\u0131n\u0131 duymu\u015ftur. Dua b\u00f6yle bir irtibat neticesinde insan\u0131n bir taraftan kendi ihtiya\u00e7 ve eksiklerinin telafisini, di\u011fer taraftan daha m\u00fckemmele ula\u015fmas\u0131n\u0131 hedefleyen bir diyalog vas\u0131tas\u0131d\u0131r. Bir ba\u015fka s\u00f6yleyi\u015fle dua s\u0131n\u0131rl\u0131, sonlu ve \u00e2ciz olan varl\u0131\u011f\u0131n s\u0131n\u0131rs\u0131z ve sonsuz kudret sahibi ile kurdu\u011fu bir k\u00f6pr\u00fcd\u00fcr. *** Dua, bizimle Allah aras\u0131nda, arac\u0131ya ihtiya\u00e7 duymaks\u0131z\u0131n kurulan bir ba\u011fd\u0131r. Dua, acizli\u011fimizi itiraf ederek Allah\u2019\u0131 yard\u0131m\u0131na \u00e7a\u011f\u0131rmakt\u0131r. Dua, \u201cKullar\u0131m, beni senden sorarlarsa, bilsinler ki ger\u00e7ekten ben onlara \u00e7ok yak\u0131n\u0131m. Bana dua edince, dua edenin duas\u0131na cevap veririm.\u201d ayetiyle yap\u0131lan davete icabet etmektir. Dua, bizim hayat\u0131m\u0131z ve biz dualar\u0131m\u0131z kadar var\u0131z.<\/p>\n","protected":false},"excerpt":{"rendered":"<p>Allah, insan\u0131 \u00f6nce kendi varl\u0131\u011f\u0131ndan haberdar etmi\u015f, insan da varl\u0131\u011f\u0131n\u0131 benimsedi\u011fi bu y\u00fcce kudret kar\u015f\u0131s\u0131nda duydu\u011fu sayg\u0131 ve \u00fcmit hisleri sebebiyle kendisinden daha \u00fcst\u00fcn olanla irtibat<span class=\"excerpt-hellip\"> [\u2026]<\/span><\/p>\n","protected":false},"featured_media":0,"template":"","meta":{"_monsterinsights_skip_tracking":false,"_monsterinsights_sitenote_active":false,"_monsterinsights_sitenote_note":"","_monsterinsights_sitenote_category":0},"product_brand":[],"product_cat":[12777,12291],"product_tag":[],"class_list":{"0":"post-771142","1":"product","2":"type-product","3":"status-publish","5":"product_cat-deneme","6":"product_cat-edebiyat","7":"pa_cilt-ciltsiz","8":"pa_tur-kitap","9":"pa_yayinevi-yediveren-yayinlari","10":"pa_yazar-bilal-civelek","12":"first","13":"instock","14":"sale","15":"shipping-taxable","16":"purchasable","17":"product-type-simple"},"_links":{"self":[{"href":"https:\/\/roveyayinevi.com.tr\/index.php\/wp-json\/wp\/v2\/product\/771142","targetHints":{"allow":["GET"]}}],"collection":[{"href":"https:\/\/roveyayinevi.com.tr\/index.php\/wp-json\/wp\/v2\/product"}],"about":[{"href":"https:\/\/roveyayinevi.com.tr\/index.php\/wp-json\/wp\/v2\/types\/product"}],"wp:attachment":[{"href":"https:\/\/roveyayinevi.com.tr\/index.php\/wp-json\/wp\/v2\/media?parent=771142"}],"wp:term":[{"taxonomy":"product_brand","embeddable":true,"href":"https:\/\/roveyayinevi.com.tr\/index.php\/wp-json\/wp\/v2\/product_brand?post=771142"},{"taxonomy":"product_cat","embeddable":true,"href":"https:\/\/roveyayinevi.com.tr\/index.php\/wp-json\/wp\/v2\/product_cat?post=771142"},{"taxonomy":"product_tag","embeddable":true,"href":"https:\/\/roveyayinevi.com.tr\/index.php\/wp-json\/wp\/v2\/product_tag?post=771142"}],"curies":[{"name":"wp","href":"https:\/\/api.w.org\/{rel}","templated":true}]}}