{"id":771141,"date":"2025-08-28T14:55:18","date_gmt":"2025-08-28T11:55:18","guid":{"rendered":"https:\/\/roveyayinevi.com.tr\/index.php\/urun\/sahzade-2\/"},"modified":"2026-04-15T03:37:38","modified_gmt":"2026-04-15T00:37:38","slug":"sahzade-2","status":"publish","type":"product","link":"https:\/\/roveyayinevi.com.tr\/index.php\/urun\/sahzade-2\/","title":{"rendered":"\u015eahzade"},"content":{"rendered":"<p>\u015eehzade\u2019nin art\u0131k d\u00fc\u015f\u00fcnecek h\u00e2li yoktu. \u015eah \u0130smail kendi aya\u011f\u0131 ile gelmi\u015f gibiydi, vezirine hamlesini yapt\u0131rd\u0131 ve sakince konu\u015ftu:-\u015eah!\u015eah \u0130smail ve di\u011ferleri neye u\u011frad\u0131klar\u0131n\u0131 \u015fa\u015f\u0131rd\u0131lar birden. Bundan ilerisi yoktu, ka\u00e7aca\u011f\u0131 bir yer kalmam\u0131\u015ft\u0131 ve oyun bitmi\u015fti. \u015eehzade Selim ne denli usta bir oyuncu oldu\u011funu g\u00f6stermi\u015f ve o vakte kadar yenilgi y\u00fcz\u00fc g\u00f6rmeyen \u015eah \u0130smail\u2019i kendi saray\u0131nda ve kendi adamlar\u0131n\u0131n yan\u0131nda mat etmi\u015fti. Bundan sonra yenilgiyi kabullenmek ve galip gelene de sayg\u0131 g\u00f6stermek gerekirdi.\u015eah \u0130smail bekledi\u011fi hamlenin tam tersinde bir hamle ile mat olman\u0131n verdi\u011fi \u015fa\u015fk\u0131nl\u0131\u011f\u0131 \u00fczerinden atmaya \u00e7al\u0131\u015ft\u0131 bir s\u00fcre. Etraf\u0131nda bulunan onca insan \u015fimdi neler olaca\u011f\u0131n\u0131 merak ediyordu. \u015eah \u0130smail yenilemezdi; \u00e7ok zekiydi ve her hamlesi ak\u0131l doluydu. Ama ger\u00e7ek olan \u015fey onun yenildi\u011fi, \u00fcstelik \u00e7ok ustaca mat oldu\u011fuydu. \u015eehzade Selim ba\u015f\u0131n\u0131 tahtadan kald\u0131rarak g\u00f6zlerini \u015eah \u0130smail\u2019e kenetledi. Oyunu tek ba\u015f\u0131na oynamam\u0131\u015ft\u0131 asl\u0131nda; atas\u0131 Mehmed Han, hocalar\u0131, \u00e2limleri ve b\u00fcy\u00fck Osmanl\u0131 ordusu ile birlikte oynam\u0131\u015ft\u0131. B\u00fct\u00fcn bunlar\u0131 yan\u0131nda hisseden bir \u015fehzadenin yenilmesine imk\u00e2n da yoktu elbette, sakince konu\u015ftu:-Oyun bitti \u015eah\u0131m!<\/p>\n","protected":false},"excerpt":{"rendered":"<p>\u015eehzade\u2019nin art\u0131k d\u00fc\u015f\u00fcnecek h\u00e2li yoktu. \u015eah \u0130smail kendi aya\u011f\u0131 ile gelmi\u015f gibiydi, vezirine hamlesini yapt\u0131rd\u0131 ve sakince konu\u015ftu:-\u015eah!\u015eah \u0130smail ve di\u011ferleri neye u\u011frad\u0131klar\u0131n\u0131 \u015fa\u015f\u0131rd\u0131lar birden. Bundan<span class=\"excerpt-hellip\"> [\u2026]<\/span><\/p>\n","protected":false},"featured_media":0,"template":"","meta":{"_monsterinsights_skip_tracking":false,"_monsterinsights_sitenote_active":false,"_monsterinsights_sitenote_note":"","_monsterinsights_sitenote_category":0},"product_brand":[],"product_cat":[12291,12745],"product_tag":[],"class_list":{"0":"post-771141","1":"product","2":"type-product","3":"status-publish","5":"product_cat-edebiyat","6":"product_cat-tarihi-roman","7":"pa_cilt-ciltsiz","8":"pa_tur-kitap","9":"pa_yayinevi-yediveren-yayinlari","10":"pa_yazar-gokhan-celik","12":"first","13":"instock","14":"sale","15":"shipping-taxable","16":"purchasable","17":"product-type-simple"},"_links":{"self":[{"href":"https:\/\/roveyayinevi.com.tr\/index.php\/wp-json\/wp\/v2\/product\/771141","targetHints":{"allow":["GET"]}}],"collection":[{"href":"https:\/\/roveyayinevi.com.tr\/index.php\/wp-json\/wp\/v2\/product"}],"about":[{"href":"https:\/\/roveyayinevi.com.tr\/index.php\/wp-json\/wp\/v2\/types\/product"}],"wp:attachment":[{"href":"https:\/\/roveyayinevi.com.tr\/index.php\/wp-json\/wp\/v2\/media?parent=771141"}],"wp:term":[{"taxonomy":"product_brand","embeddable":true,"href":"https:\/\/roveyayinevi.com.tr\/index.php\/wp-json\/wp\/v2\/product_brand?post=771141"},{"taxonomy":"product_cat","embeddable":true,"href":"https:\/\/roveyayinevi.com.tr\/index.php\/wp-json\/wp\/v2\/product_cat?post=771141"},{"taxonomy":"product_tag","embeddable":true,"href":"https:\/\/roveyayinevi.com.tr\/index.php\/wp-json\/wp\/v2\/product_tag?post=771141"}],"curies":[{"name":"wp","href":"https:\/\/api.w.org\/{rel}","templated":true}]}}