{"id":771140,"date":"2025-08-28T14:55:16","date_gmt":"2025-08-28T11:55:16","guid":{"rendered":"https:\/\/roveyayinevi.com.tr\/index.php\/urun\/kirik-kalpler-atolyesi\/"},"modified":"2026-04-15T03:37:38","modified_gmt":"2026-04-15T00:37:38","slug":"kirik-kalpler-atolyesi","status":"publish","type":"product","link":"https:\/\/roveyayinevi.com.tr\/index.php\/urun\/kirik-kalpler-atolyesi\/","title":{"rendered":"K\u0131r\u0131k Kalpler At\u00f6lyesi"},"content":{"rendered":"<p>Y\u00fcre\u011fine kulak verdi, k\u0131r\u0131k&#8230; D\u00f6nd\u00fc arkas\u0131na bakt\u0131, yapayaln\u0131z. Ba\u015f\u0131n\u0131 kald\u0131rd\u0131 g\u00f6ky\u00fcz\u00fcne bakt\u0131, masmavi\u2026 \u201cOlsun\u201d dedi. \u201cDaha yar\u0131n var, yar\u0131n\u0131 yaratan var. Yaradan varsa umut da var. Hadi rastgele&#8230; \u201d dedi, umuda do\u011fru yol ald\u0131. Sen, ben, o, biz, siz, onlar; ne fark eder? Hepimiz insan\u0131z. Hangi \u015fah\u0131s zamirini kullan\u0131rsan kullan, insan olmak yetmez mi? Kad\u0131n erkek s\u0131fat\u0131n\u0131 bir kenara b\u0131rak\u0131rsak, geriye sadece insan kal\u0131r. Bu kitapta \u201cben\u201d var ama egosuyla s\u00f6ylenen \u201cben\u201d de\u011fil. \u00d6l\u00fcm\u00fcne do\u011frular\u0131 hayk\u0131ran bir kahraman bulacaks\u0131n\u0131z, bu y\u00fczden de ba\u015f\u0131m beladan kurtulmuyor. Do\u011frular\u0131 s\u00f6yleyince beni ak\u0131l ve ruh hastas\u0131 diye hastaneye sevk ettiler. Kitab\u0131 okuduktan sonra belki sen de, sen de bana kat\u0131l\u0131rs\u0131n, do\u011fruyu s\u00f6yleyenler olarak biraz kalabal\u0131kla\u015f\u0131r\u0131z, ne dersin?<\/p>\n","protected":false},"excerpt":{"rendered":"<p>Y\u00fcre\u011fine kulak verdi, k\u0131r\u0131k&#8230; D\u00f6nd\u00fc arkas\u0131na bakt\u0131, yapayaln\u0131z. Ba\u015f\u0131n\u0131 kald\u0131rd\u0131 g\u00f6ky\u00fcz\u00fcne bakt\u0131, masmavi\u2026 \u201cOlsun\u201d dedi. \u201cDaha yar\u0131n var, yar\u0131n\u0131 yaratan var. Yaradan varsa umut da var.<span class=\"excerpt-hellip\"> [\u2026]<\/span><\/p>\n","protected":false},"featured_media":0,"template":"","meta":{"_monsterinsights_skip_tracking":false,"_monsterinsights_sitenote_active":false,"_monsterinsights_sitenote_note":"","_monsterinsights_sitenote_category":0},"product_brand":[],"product_cat":[12291,12711],"product_tag":[],"class_list":{"0":"post-771140","1":"product","2":"type-product","3":"status-publish","5":"product_cat-edebiyat","6":"product_cat-roman-oyku","7":"pa_cilt-ciltsiz","8":"pa_tur-kitap","9":"pa_yayinevi-yediveren-yayinlari","10":"pa_yazar-bilal-civelek","12":"first","13":"instock","14":"sale","15":"shipping-taxable","16":"purchasable","17":"product-type-simple"},"_links":{"self":[{"href":"https:\/\/roveyayinevi.com.tr\/index.php\/wp-json\/wp\/v2\/product\/771140","targetHints":{"allow":["GET"]}}],"collection":[{"href":"https:\/\/roveyayinevi.com.tr\/index.php\/wp-json\/wp\/v2\/product"}],"about":[{"href":"https:\/\/roveyayinevi.com.tr\/index.php\/wp-json\/wp\/v2\/types\/product"}],"wp:attachment":[{"href":"https:\/\/roveyayinevi.com.tr\/index.php\/wp-json\/wp\/v2\/media?parent=771140"}],"wp:term":[{"taxonomy":"product_brand","embeddable":true,"href":"https:\/\/roveyayinevi.com.tr\/index.php\/wp-json\/wp\/v2\/product_brand?post=771140"},{"taxonomy":"product_cat","embeddable":true,"href":"https:\/\/roveyayinevi.com.tr\/index.php\/wp-json\/wp\/v2\/product_cat?post=771140"},{"taxonomy":"product_tag","embeddable":true,"href":"https:\/\/roveyayinevi.com.tr\/index.php\/wp-json\/wp\/v2\/product_tag?post=771140"}],"curies":[{"name":"wp","href":"https:\/\/api.w.org\/{rel}","templated":true}]}}