{"id":771138,"date":"2025-08-28T14:55:12","date_gmt":"2025-08-28T11:55:12","guid":{"rendered":"https:\/\/roveyayinevi.com.tr\/index.php\/urun\/kismetse-olur\/"},"modified":"2026-04-15T03:37:38","modified_gmt":"2026-04-15T00:37:38","slug":"kismetse-olur","status":"publish","type":"product","link":"https:\/\/roveyayinevi.com.tr\/index.php\/urun\/kismetse-olur\/","title":{"rendered":"K\u0131smetse Olur"},"content":{"rendered":"<p>Sabret!\u0130\u015fleri zora \u00e7eviren de Allah,Zordan \u00e7eviren de&#8230;Sen umudunu yitirme!G\u00fczel \u015feyler olmadan \u00f6nce,\u0130\u015fler her zaman ters gider.K\u0131\u015f\u0131n en \u00e7etin g\u00fcnleri ya\u015fanmadan,Bahar\u0131n gelmedi\u011fi gibi\u2026Sak\u0131n umutsuz olma!Ve unutma;\u201cHi\u00e7 kimse kendisi i\u00e7in gizlenen m\u00fcjde ve mutlulu\u011fu bilemez.\u201d(Secde s\u00fbresi\/17)<\/p>\n","protected":false},"excerpt":{"rendered":"<p>Sabret!\u0130\u015fleri zora \u00e7eviren de Allah,Zordan \u00e7eviren de&#8230;Sen umudunu yitirme!G\u00fczel \u015feyler olmadan \u00f6nce,\u0130\u015fler her zaman ters gider.K\u0131\u015f\u0131n en \u00e7etin g\u00fcnleri ya\u015fanmadan,Bahar\u0131n gelmedi\u011fi gibi\u2026Sak\u0131n umutsuz olma!Ve unutma;\u201cHi\u00e7 kimse<span class=\"excerpt-hellip\"> [\u2026]<\/span><\/p>\n","protected":false},"featured_media":0,"template":"","meta":{"_monsterinsights_skip_tracking":false,"_monsterinsights_sitenote_active":false,"_monsterinsights_sitenote_note":"","_monsterinsights_sitenote_category":0},"product_brand":[],"product_cat":[12291,12711],"product_tag":[],"class_list":{"0":"post-771138","1":"product","2":"type-product","3":"status-publish","5":"product_cat-edebiyat","6":"product_cat-roman-oyku","7":"pa_cilt-ciltsiz","8":"pa_tur-kitap","9":"pa_yayinevi-yediveren-yayinlari","10":"pa_yazar-osman-sungur-yeken","12":"first","13":"instock","14":"sale","15":"shipping-taxable","16":"purchasable","17":"product-type-simple"},"_links":{"self":[{"href":"https:\/\/roveyayinevi.com.tr\/index.php\/wp-json\/wp\/v2\/product\/771138","targetHints":{"allow":["GET"]}}],"collection":[{"href":"https:\/\/roveyayinevi.com.tr\/index.php\/wp-json\/wp\/v2\/product"}],"about":[{"href":"https:\/\/roveyayinevi.com.tr\/index.php\/wp-json\/wp\/v2\/types\/product"}],"wp:attachment":[{"href":"https:\/\/roveyayinevi.com.tr\/index.php\/wp-json\/wp\/v2\/media?parent=771138"}],"wp:term":[{"taxonomy":"product_brand","embeddable":true,"href":"https:\/\/roveyayinevi.com.tr\/index.php\/wp-json\/wp\/v2\/product_brand?post=771138"},{"taxonomy":"product_cat","embeddable":true,"href":"https:\/\/roveyayinevi.com.tr\/index.php\/wp-json\/wp\/v2\/product_cat?post=771138"},{"taxonomy":"product_tag","embeddable":true,"href":"https:\/\/roveyayinevi.com.tr\/index.php\/wp-json\/wp\/v2\/product_tag?post=771138"}],"curies":[{"name":"wp","href":"https:\/\/api.w.org\/{rel}","templated":true}]}}