{"id":771137,"date":"2025-08-28T14:55:10","date_gmt":"2025-08-28T11:55:10","guid":{"rendered":"https:\/\/roveyayinevi.com.tr\/index.php\/urun\/gizemli-olaylar\/"},"modified":"2026-04-15T03:37:38","modified_gmt":"2026-04-15T00:37:38","slug":"gizemli-olaylar","status":"publish","type":"product","link":"https:\/\/roveyayinevi.com.tr\/index.php\/urun\/gizemli-olaylar\/","title":{"rendered":"Gizemli Olaylar"},"content":{"rendered":"<p>\u201cKaybolan her \u015fey bir g\u00fcn mutlaka bulunur.\u201d \u0130\u015fte bu kitapta tarihin tozlu raflar\u0131nda kaybolan kadim s\u0131rlar\u0131n g\u00fcn y\u00fcz\u00fcne \u00e7\u0131k\u0131\u015f\u0131na tan\u0131kl\u0131k edip insanl\u0131k tarihinin ve yarat\u0131l\u0131\u015f\u0131m\u0131z\u0131n ard\u0131nda yatan gizem denizinde y\u00fcz\u00fcp s\u0131r\u0131ls\u0131klam olaca\u011f\u0131z. Atlantis T\u00fcrkiye&#8217;de mi? Yerin 7 kat alt\u0131nda kimler ya\u015f\u0131yor? Allah&#8217;\u0131n (c.c.) say\u0131lara ve renklere verdi\u011fi gizemler neler? Bu d\u00fcnyaya nas\u0131l geldik ve \u00f6l\u00fcmden sonra bizi ne bekliyor? Hayat\u00ee \u00f6nemdeki su ve bitkiler, t\u0131pk\u0131 bizim gibi d\u00fc\u015f\u00fcn\u00fcp bizi baz\u0131 konularda uyar\u0131yor olabilirler mi? D\u00fcnyan\u0131n en gizemli yerlerinde, t\u00fcm insanlardan gizlenen s\u0131rlardan ahir zamandaki k\u0131yamet alametlerine kadar k\u00e2inat\u0131 ke\u015ffetmeye haz\u0131rsan\u0131z ba\u015flayal\u0131m! \u00d6nce milyonlar\u0131 ekran ba\u015f\u0131na kilitleyen, \u015fimdi de onlar\u0131 kitap sayfalar\u0131 aras\u0131nda muhte\u015fem bir yolculu\u011fa \u00e7\u0131karmaya haz\u0131rlanan, gizemli olaylar\u0131n ba\u015far\u0131l\u0131 anlat\u0131c\u0131s\u0131 Tuncer Gizem Avc\u0131s\u0131, mutlaka raf\u0131n\u0131zda bulunmas\u0131 gereken ilk kitab\u0131yla kar\u015f\u0131n\u0131zda&#8230;<\/p>\n","protected":false},"excerpt":{"rendered":"<p>\u201cKaybolan her \u015fey bir g\u00fcn mutlaka bulunur.\u201d \u0130\u015fte bu kitapta tarihin tozlu raflar\u0131nda kaybolan kadim s\u0131rlar\u0131n g\u00fcn y\u00fcz\u00fcne \u00e7\u0131k\u0131\u015f\u0131na tan\u0131kl\u0131k edip insanl\u0131k tarihinin ve yarat\u0131l\u0131\u015f\u0131m\u0131z\u0131n ard\u0131nda<span class=\"excerpt-hellip\"> [\u2026]<\/span><\/p>\n","protected":false},"featured_media":0,"template":"","meta":{"_monsterinsights_skip_tracking":false,"_monsterinsights_sitenote_active":false,"_monsterinsights_sitenote_note":"","_monsterinsights_sitenote_category":0},"product_brand":[],"product_cat":[12364,16154],"product_tag":[],"class_list":{"0":"post-771137","1":"product","2":"type-product","3":"status-publish","5":"product_cat-genel-konular","6":"product_cat-parapsikoloji","7":"pa_cilt-ciltsiz","8":"pa_tur-kitap","9":"pa_yayinevi-yediveren-yayinlari","10":"pa_yazar-tuncer-gizem-avcisi","12":"first","13":"instock","14":"sale","15":"shipping-taxable","16":"purchasable","17":"product-type-simple"},"_links":{"self":[{"href":"https:\/\/roveyayinevi.com.tr\/index.php\/wp-json\/wp\/v2\/product\/771137","targetHints":{"allow":["GET"]}}],"collection":[{"href":"https:\/\/roveyayinevi.com.tr\/index.php\/wp-json\/wp\/v2\/product"}],"about":[{"href":"https:\/\/roveyayinevi.com.tr\/index.php\/wp-json\/wp\/v2\/types\/product"}],"wp:attachment":[{"href":"https:\/\/roveyayinevi.com.tr\/index.php\/wp-json\/wp\/v2\/media?parent=771137"}],"wp:term":[{"taxonomy":"product_brand","embeddable":true,"href":"https:\/\/roveyayinevi.com.tr\/index.php\/wp-json\/wp\/v2\/product_brand?post=771137"},{"taxonomy":"product_cat","embeddable":true,"href":"https:\/\/roveyayinevi.com.tr\/index.php\/wp-json\/wp\/v2\/product_cat?post=771137"},{"taxonomy":"product_tag","embeddable":true,"href":"https:\/\/roveyayinevi.com.tr\/index.php\/wp-json\/wp\/v2\/product_tag?post=771137"}],"curies":[{"name":"wp","href":"https:\/\/api.w.org\/{rel}","templated":true}]}}