{"id":771134,"date":"2025-08-28T14:55:02","date_gmt":"2025-08-28T11:55:02","guid":{"rendered":"https:\/\/roveyayinevi.com.tr\/index.php\/urun\/ayperi\/"},"modified":"2026-04-15T03:37:38","modified_gmt":"2026-04-15T00:37:38","slug":"ayperi","status":"publish","type":"product","link":"https:\/\/roveyayinevi.com.tr\/index.php\/urun\/ayperi\/","title":{"rendered":"Ayperi"},"content":{"rendered":"<p>Bir okur yorumuna denk gelmi\u015ftim: \u201cEn samimi kitap arkas\u0131 yaz\u0131lar\u0131 kitab\u0131n yazar\u0131 taraf\u0131ndan yaz\u0131lm\u0131\u015f olan\u0131d\u0131r.\u201d \u015eimdi size bir s\u0131r verece\u011fim: \u201cElinizde tuttu\u011funuz kitab\u0131 da kapak arkas\u0131 yaz\u0131s\u0131n\u0131 da bizzat yazd\u0131m.\u201d A\u015fk hikayeleri anlatmaktan b\u0131kmayan bir yazar olarak bu sefer de size \u201cAyperi\u201d ile geldim. Ayperi, benim yazmay\u0131 en \u00e7ok sevdi\u011fim kesimden, toplum i\u00e7indeki kad\u0131nlardan herhangi biri. Ne eksi\u011fi ne de fazlas\u0131 var bu konuda. Onu \u00f6nce birilerinin k\u0131z\u0131 olarak yazd\u0131m; birilerinin sevgilisi, kar\u0131s\u0131, yine birilerinin annesi\u2026 Bir ba\u015f\u0131na sadece Ayperi\u2019yi yazmak, ondan bahsetmemek gibi oluyordu. \u00c7\u00fcnk\u00fc toplumdaki di\u011fer t\u00fcm kad\u0131nlar i\u00e7in de ayn\u0131s\u0131 ge\u00e7erlidir bunun; kad\u0131n\u0131n sadece kendisi olarak var olmas\u0131n\u0131n istenmemesi&#8230; Maalesef ki ac\u0131t\u0131r. Sadece ac\u0131mak yok bu romanda; d\u00fc\u015f\u00fcnmek, g\u00fclmek, heyecanlanmak, anlamak ve anla\u015f\u0131lmak da var. Kitab\u0131 sadece bir kad\u0131n\u0131n a\u015fka dair yolculu\u011fu olarak okumak isteyene laf\u0131m yok. Ancak g\u00f6rmek isteyene a\u00e7t\u0131\u011f\u0131 pencerelerden \u015fu me\u015fhur filtrelerden her biri kullan\u0131l\u0131r olacak. Bak\u0131\u015f a\u00e7\u0131m\u0131z\u0131 rengarenk bir h\u00e2le getirecek \u201cAyperi\u201d bir solukta, elinizden b\u0131rakamadan okuyaca\u011f\u0131n\u0131z hem sizden hem de bizden bir hik\u00e2ye. Geriye sayfalar\u0131 \u00e7evirmek kal\u0131yor.<\/p>\n","protected":false},"excerpt":{"rendered":"<p>Bir okur yorumuna denk gelmi\u015ftim: \u201cEn samimi kitap arkas\u0131 yaz\u0131lar\u0131 kitab\u0131n yazar\u0131 taraf\u0131ndan yaz\u0131lm\u0131\u015f olan\u0131d\u0131r.\u201d \u015eimdi size bir s\u0131r verece\u011fim: \u201cElinizde tuttu\u011funuz kitab\u0131 da kapak arkas\u0131<span class=\"excerpt-hellip\"> [\u2026]<\/span><\/p>\n","protected":false},"featured_media":0,"template":"","meta":{"_monsterinsights_skip_tracking":false,"_monsterinsights_sitenote_active":false,"_monsterinsights_sitenote_note":"","_monsterinsights_sitenote_category":0},"product_brand":[],"product_cat":[12291,12711],"product_tag":[],"class_list":{"0":"post-771134","1":"product","2":"type-product","3":"status-publish","5":"product_cat-edebiyat","6":"product_cat-roman-oyku","7":"pa_cilt-ciltsiz","8":"pa_tur-kitap","9":"pa_yayinevi-yediveren-yayinlari","10":"pa_yazar-mehtap-soyuduru-cicek","12":"first","13":"instock","14":"sale","15":"shipping-taxable","16":"purchasable","17":"product-type-simple"},"_links":{"self":[{"href":"https:\/\/roveyayinevi.com.tr\/index.php\/wp-json\/wp\/v2\/product\/771134","targetHints":{"allow":["GET"]}}],"collection":[{"href":"https:\/\/roveyayinevi.com.tr\/index.php\/wp-json\/wp\/v2\/product"}],"about":[{"href":"https:\/\/roveyayinevi.com.tr\/index.php\/wp-json\/wp\/v2\/types\/product"}],"wp:attachment":[{"href":"https:\/\/roveyayinevi.com.tr\/index.php\/wp-json\/wp\/v2\/media?parent=771134"}],"wp:term":[{"taxonomy":"product_brand","embeddable":true,"href":"https:\/\/roveyayinevi.com.tr\/index.php\/wp-json\/wp\/v2\/product_brand?post=771134"},{"taxonomy":"product_cat","embeddable":true,"href":"https:\/\/roveyayinevi.com.tr\/index.php\/wp-json\/wp\/v2\/product_cat?post=771134"},{"taxonomy":"product_tag","embeddable":true,"href":"https:\/\/roveyayinevi.com.tr\/index.php\/wp-json\/wp\/v2\/product_tag?post=771134"}],"curies":[{"name":"wp","href":"https:\/\/api.w.org\/{rel}","templated":true}]}}