{"id":771132,"date":"2025-08-28T14:54:59","date_gmt":"2025-08-28T11:54:59","guid":{"rendered":"https:\/\/roveyayinevi.com.tr\/index.php\/urun\/sira-disi-dusuncenin-gucu\/"},"modified":"2026-04-15T03:37:38","modified_gmt":"2026-04-15T00:37:38","slug":"sira-disi-dusuncenin-gucu","status":"publish","type":"product","link":"https:\/\/roveyayinevi.com.tr\/index.php\/urun\/sira-disi-dusuncenin-gucu\/","title":{"rendered":"S\u0131ra D\u0131\u015f\u0131 D\u00fc\u015f\u00fcncenin G\u00fcc\u00fc"},"content":{"rendered":"<p>D\u00fc\u015f\u00fcnce g\u00fcc\u00fc en basit tan\u0131m\u0131yla, bireyin kendi zihin haritas\u0131 varsay\u0131mlar\u0131 ile kendi ve \u00e7evresel sosyal ger\u00e7eklerini olu\u015fturma kapasitesidir. D\u00fc\u015f\u00fcnce g\u00fcc\u00fc, \u00e7ift tarafl\u0131 keskin bir b\u0131\u00e7akt\u0131r. Olumlu ve yap\u0131c\u0131 bir tutum i\u00e7inde olan insanlar, g\u00fc\u00e7l\u00fc y\u00f6nlerine odaklan\u0131r ve pozitif enerjileriyle iyi performans g\u00f6sterebilirler. &#8220;M\u00fcmk\u00fcn de\u011fil&#8221;, &#8220;zaman\u0131m yok&#8221;, &#8220;beceremezler&#8221;, &#8220;torpilim yok&#8221;, &#8220;yapamam&#8221;, &#8220;bizde olmaz&#8221;, &#8220;izin vermezler&#8221;, &#8220;b\u00fct\u00e7e \u00e7\u0131kmaz&#8221; gibi c\u00fcmleler d\u00f6k\u00fcl\u00fcyor mu a\u011fz\u0131n\u0131zdan? Hemen vazge\u00e7in.Bir b\u0131\u00e7a\u011f\u0131n g\u00fcc\u00fc, keskinli\u011finden geldi\u011fi gibi, d\u00fc\u015f\u00fcncenin de g\u00fcc\u00fc fark\u0131ndal\u0131ktan gelmektedir. Fark\u0131ndal\u0131k, bireyin kendi zihin s\u00f6ylem havuzlar\u0131n\u0131n ya\u015fam\u0131n\u0131 ve \u00e7evresindeki ger\u00e7ekleri olu\u015fturdu\u011fu bilincine ula\u015fmas\u0131 ile ger\u00e7ekle\u015fir. Fark\u0131ndal\u0131k sa\u011flayan birey, d\u00fc\u015f\u00fcnce sistemine, bilin\u00e7lice m\u00fcdahale ederek, hedefledi\u011fi \u015feyler do\u011frultusunda en uygun zihinsel zemini haz\u0131rlama g\u00fcc\u00fcne de sahip olmaktad\u0131r.Hayat bir aynad\u0131r. Siz ona g\u00fcl\u00fcmserseniz, o da size g\u00fcl\u00fcmser. Ya\u015fam\u0131n\u0131 iyile\u015ftirmek isteyen herkes ilk \u00f6nce olumlu d\u00fc\u015f\u00fcnmeyi \u00f6\u011frenmelidir. \u00c7\u00fcnk\u00fc d\u00fc\u015f\u00fcnceler inan\u00e7lar\u0131, inan\u00e7lar davran\u0131\u015flar\u0131, davran\u0131\u015flar da \u00e7evreyle etkile\u015fimi belirler. Zihni sa\u011fl\u0131kl\u0131 olanlar\u0131n, bedenleri de daha sa\u011fl\u0131kl\u0131 olur. Dolay\u0131s\u0131yla, olumlu d\u00fc\u015f\u00fcnce hayat\u0131n kalitesini ve s\u00fcresini de art\u0131r\u0131r.<\/p>\n","protected":false},"excerpt":{"rendered":"<p>D\u00fc\u015f\u00fcnce g\u00fcc\u00fc en basit tan\u0131m\u0131yla, bireyin kendi zihin haritas\u0131 varsay\u0131mlar\u0131 ile kendi ve \u00e7evresel sosyal ger\u00e7eklerini olu\u015fturma kapasitesidir. D\u00fc\u015f\u00fcnce g\u00fcc\u00fc, \u00e7ift tarafl\u0131 keskin bir b\u0131\u00e7akt\u0131r. Olumlu<span class=\"excerpt-hellip\"> [\u2026]<\/span><\/p>\n","protected":false},"featured_media":0,"template":"","meta":{"_monsterinsights_skip_tracking":false,"_monsterinsights_sitenote_active":false,"_monsterinsights_sitenote_note":"","_monsterinsights_sitenote_category":0},"product_brand":[],"product_cat":[12364,12376],"product_tag":[],"class_list":{"0":"post-771132","1":"product","2":"type-product","3":"status-publish","5":"product_cat-genel-konular","6":"product_cat-kisisel-gelisim","7":"pa_cilt-ciltsiz","8":"pa_tur-kitap","9":"pa_yayinevi-eftalya-kitap","10":"pa_yazar-meltem-soyuguzel","12":"first","13":"instock","14":"sale","15":"shipping-taxable","16":"purchasable","17":"product-type-simple"},"_links":{"self":[{"href":"https:\/\/roveyayinevi.com.tr\/index.php\/wp-json\/wp\/v2\/product\/771132","targetHints":{"allow":["GET"]}}],"collection":[{"href":"https:\/\/roveyayinevi.com.tr\/index.php\/wp-json\/wp\/v2\/product"}],"about":[{"href":"https:\/\/roveyayinevi.com.tr\/index.php\/wp-json\/wp\/v2\/types\/product"}],"wp:attachment":[{"href":"https:\/\/roveyayinevi.com.tr\/index.php\/wp-json\/wp\/v2\/media?parent=771132"}],"wp:term":[{"taxonomy":"product_brand","embeddable":true,"href":"https:\/\/roveyayinevi.com.tr\/index.php\/wp-json\/wp\/v2\/product_brand?post=771132"},{"taxonomy":"product_cat","embeddable":true,"href":"https:\/\/roveyayinevi.com.tr\/index.php\/wp-json\/wp\/v2\/product_cat?post=771132"},{"taxonomy":"product_tag","embeddable":true,"href":"https:\/\/roveyayinevi.com.tr\/index.php\/wp-json\/wp\/v2\/product_tag?post=771132"}],"curies":[{"name":"wp","href":"https:\/\/api.w.org\/{rel}","templated":true}]}}