{"id":771129,"date":"2025-08-28T14:54:53","date_gmt":"2025-08-28T11:54:53","guid":{"rendered":"https:\/\/roveyayinevi.com.tr\/index.php\/urun\/guz-ormaninda\/"},"modified":"2026-04-15T03:37:37","modified_gmt":"2026-04-15T00:37:37","slug":"guz-ormaninda","status":"publish","type":"product","link":"https:\/\/roveyayinevi.com.tr\/index.php\/urun\/guz-ormaninda\/","title":{"rendered":"G\u00fcz Orman\u0131nda"},"content":{"rendered":"<p>Sonbahar gelmi\u015f, orman\u0131 muhte\u015fem bir renk denizine d\u00f6n\u00fc\u015ft\u00fcrm\u00fc\u015ft\u00fc. Tilki, fare ve karga \u00e7ok \u00fczg\u00fcnd\u00fc. T\u00fcylerini s\u0131cac\u0131k \u0131s\u0131tan, yiyecek bulman\u0131n kolay oldu\u011fu s\u0131cak yaz g\u00fcnleri yak\u0131nda sona erecekti. Sincap ise her zamanki gibi hayat\u0131ndan memnundu. Hatta ormanda kopan f\u0131rt\u0131nadan bile etkilenmedi. Yoksa etkilendi mi? <\/p>\n","protected":false},"excerpt":{"rendered":"<p>Sonbahar gelmi\u015f, orman\u0131 muhte\u015fem bir renk denizine d\u00f6n\u00fc\u015ft\u00fcrm\u00fc\u015ft\u00fc. Tilki, fare ve karga \u00e7ok \u00fczg\u00fcnd\u00fc. T\u00fcylerini s\u0131cac\u0131k \u0131s\u0131tan, yiyecek bulman\u0131n kolay oldu\u011fu s\u0131cak yaz g\u00fcnleri yak\u0131nda sona<span class=\"excerpt-hellip\"> [\u2026]<\/span><\/p>\n","protected":false},"featured_media":0,"template":"","meta":{"_monsterinsights_skip_tracking":false,"_monsterinsights_sitenote_active":false,"_monsterinsights_sitenote_note":"","_monsterinsights_sitenote_category":0},"product_brand":[],"product_cat":[12274,12518],"product_tag":[],"class_list":{"0":"post-771129","1":"product","2":"type-product","3":"status-publish","5":"product_cat-cocuk-ve-genclik-kitaplari","6":"product_cat-okul-oncesi-kitaplar","7":"pa_cilt-ciltsiz","8":"pa_tur-kitap","9":"pa_yayinevi-is-bankasi-kultur-yayinlari","10":"pa_yazar-daniela-kulot","12":"first","13":"instock","14":"sale","15":"shipping-taxable","16":"purchasable","17":"product-type-simple"},"_links":{"self":[{"href":"https:\/\/roveyayinevi.com.tr\/index.php\/wp-json\/wp\/v2\/product\/771129","targetHints":{"allow":["GET"]}}],"collection":[{"href":"https:\/\/roveyayinevi.com.tr\/index.php\/wp-json\/wp\/v2\/product"}],"about":[{"href":"https:\/\/roveyayinevi.com.tr\/index.php\/wp-json\/wp\/v2\/types\/product"}],"wp:attachment":[{"href":"https:\/\/roveyayinevi.com.tr\/index.php\/wp-json\/wp\/v2\/media?parent=771129"}],"wp:term":[{"taxonomy":"product_brand","embeddable":true,"href":"https:\/\/roveyayinevi.com.tr\/index.php\/wp-json\/wp\/v2\/product_brand?post=771129"},{"taxonomy":"product_cat","embeddable":true,"href":"https:\/\/roveyayinevi.com.tr\/index.php\/wp-json\/wp\/v2\/product_cat?post=771129"},{"taxonomy":"product_tag","embeddable":true,"href":"https:\/\/roveyayinevi.com.tr\/index.php\/wp-json\/wp\/v2\/product_tag?post=771129"}],"curies":[{"name":"wp","href":"https:\/\/api.w.org\/{rel}","templated":true}]}}