{"id":771127,"date":"2025-08-28T14:54:50","date_gmt":"2025-08-28T11:54:50","guid":{"rendered":"https:\/\/roveyayinevi.com.tr\/index.php\/urun\/her-okuduguna-inanma\/"},"modified":"2026-04-15T03:37:37","modified_gmt":"2026-04-15T00:37:37","slug":"her-okuduguna-inanma","status":"publish","type":"product","link":"https:\/\/roveyayinevi.com.tr\/index.php\/urun\/her-okuduguna-inanma\/","title":{"rendered":"Her Okudu\u011funa \u0130nanma"},"content":{"rendered":"<p>Kar tatili bekleyen bir \u00e7ocuk, sosyal medyada h\u0131zla yay\u0131lan bir haber ve kontrol edilemeyen sonu\u00e7lar\u2026 Efe, bir yalan haberin nelere yol a\u00e7abilece\u011fini \u00f6\u011frenmek \u00fczere. Efe\u2019nin e\u011flenceli ve bol bol soru sorduran hik\u00e2yesini okurken dijital d\u00fcnyada g\u00fcvenli ve bilin\u00e7li davranman\u0131n ipu\u00e7lar\u0131n\u0131 da bulacaks\u0131n. 21. Y\u00fczy\u0131l Becerileri, \u00e7ocuklar ve gen\u00e7lerin dijital \u00e7a\u011fda ba\u015far\u0131l\u0131 ve \u00fcretken olmalar\u0131 i\u00e7in ihtiya\u00e7 duyaca\u011f\u0131 ya\u015fam becerileridir. Bilgi ak\u0131\u015f\u0131n\u0131n ve ileti\u015fimin son derece h\u0131zlanarak \u00e7o\u011fald\u0131\u011f\u0131 bir d\u00fcnyada, \u00e7ocuklar ve gen\u00e7lerin bilgiyi do\u011fru kaynaklardan edinmeyi bilmesi, do\u011fru anlamas\u0131, kullanmas\u0131 ve payla\u015fmas\u0131 b\u00fcy\u00fck \u00f6nem ta\u015f\u0131yor. \u00c7ocuklar i\u00e7in 21. Y\u00fczy\u0131l Becerileri serisi, ele\u015ftirel d\u00fc\u015f\u00fcnme ve problem \u00e7\u00f6zme, bilgi okuryazarl\u0131\u011f\u0131, do\u011fru ileti\u015fim kurma, bilimsel ara\u015ft\u0131rma gibi becerilerin kazand\u0131r\u0131lmas\u0131na destek olma amac\u0131yla haz\u0131rlanm\u0131\u015ft\u0131r. <\/p>\n","protected":false},"excerpt":{"rendered":"<p>Kar tatili bekleyen bir \u00e7ocuk, sosyal medyada h\u0131zla yay\u0131lan bir haber ve kontrol edilemeyen sonu\u00e7lar\u2026 Efe, bir yalan haberin nelere yol a\u00e7abilece\u011fini \u00f6\u011frenmek \u00fczere. Efe\u2019nin e\u011flenceli<span class=\"excerpt-hellip\"> [\u2026]<\/span><\/p>\n","protected":false},"featured_media":0,"template":"","meta":{"_monsterinsights_skip_tracking":false,"_monsterinsights_sitenote_active":false,"_monsterinsights_sitenote_note":"","_monsterinsights_sitenote_category":0},"product_brand":[],"product_cat":[13829,12274],"product_tag":[],"class_list":{"0":"post-771127","1":"product","2":"type-product","3":"status-publish","5":"product_cat-bilimsel-kitaplar","6":"product_cat-cocuk-ve-genclik-kitaplari","7":"pa_cilt-ciltsiz","8":"pa_tur-kitap","9":"pa_yayinevi-is-bankasi-kultur-yayinlari","10":"pa_yazar-ezgi-emel","12":"first","13":"instock","14":"sale","15":"shipping-taxable","16":"purchasable","17":"product-type-simple"},"_links":{"self":[{"href":"https:\/\/roveyayinevi.com.tr\/index.php\/wp-json\/wp\/v2\/product\/771127","targetHints":{"allow":["GET"]}}],"collection":[{"href":"https:\/\/roveyayinevi.com.tr\/index.php\/wp-json\/wp\/v2\/product"}],"about":[{"href":"https:\/\/roveyayinevi.com.tr\/index.php\/wp-json\/wp\/v2\/types\/product"}],"wp:attachment":[{"href":"https:\/\/roveyayinevi.com.tr\/index.php\/wp-json\/wp\/v2\/media?parent=771127"}],"wp:term":[{"taxonomy":"product_brand","embeddable":true,"href":"https:\/\/roveyayinevi.com.tr\/index.php\/wp-json\/wp\/v2\/product_brand?post=771127"},{"taxonomy":"product_cat","embeddable":true,"href":"https:\/\/roveyayinevi.com.tr\/index.php\/wp-json\/wp\/v2\/product_cat?post=771127"},{"taxonomy":"product_tag","embeddable":true,"href":"https:\/\/roveyayinevi.com.tr\/index.php\/wp-json\/wp\/v2\/product_tag?post=771127"}],"curies":[{"name":"wp","href":"https:\/\/api.w.org\/{rel}","templated":true}]}}