{"id":771121,"date":"2025-08-28T14:54:39","date_gmt":"2025-08-28T11:54:39","guid":{"rendered":"https:\/\/roveyayinevi.com.tr\/index.php\/urun\/dipten-gelen-ses-arifiye-koy-enstitusu-1940-1946\/"},"modified":"2026-04-15T03:37:37","modified_gmt":"2026-04-15T00:37:37","slug":"dipten-gelen-ses-arifiye-koy-enstitusu-1940-1946","status":"publish","type":"product","link":"https:\/\/roveyayinevi.com.tr\/index.php\/urun\/dipten-gelen-ses-arifiye-koy-enstitusu-1940-1946\/","title":{"rendered":"Dipten Gelen Ses Arifiye K\u00f6y Enstit\u00fcs\u00fc 1940-1946"},"content":{"rendered":"<p>Arifiye! \u015eof\u00f6r durdu, Enstit\u00fc Mektebi, dedi, S\u00fcleyman Edip bey m\u00fcd\u00fcr\u00fcn ad\u0131. Bir yol da burada dural\u0131m: Ellerinde nas\u0131r, y\u00fczlerinde nur, Yar\u0131na \u00fcmitle y\u00fcr\u00fcyenlere Bir sel\u00e2m u\u00e7ural\u0131m.                            Orhan VeliS\u00fcleyman Edip Balk\u0131r, 2022\u2019de yay\u0131nlad\u0131\u011f\u0131m\u0131z Eski Bir \u00d6\u011fretmenin An\u0131lar\u0131 \u2019nda, yeti\u015fti\u011fi son d\u00f6nem Osmanl\u0131 okullar\u0131n\u0131, Kurtulu\u015f Sava\u015f\u0131 y\u0131llar\u0131nda ald\u0131\u011f\u0131 \u00f6\u011fretmenlik e\u011fitimini, yirmi ya\u015f\u0131nda k\u00f6yde ba\u015flayan \u00f6\u011fretmenlik hayat\u0131n\u0131 ve ard\u0131ndan \u00f6nce m\u00fcfetti\u015fli\u011fe sonra ilk e\u011fitmen kurslar\u0131na uzanan hik\u00e2yesini anlat\u0131yordu.Balk\u0131r\u2019\u0131n hik\u00e2yesi Arifiye K\u00f6y Enstit\u00fcs\u00fc ile devam ediyor&#8230; S\u00fcleyman Edip Balk\u0131r\u2019\u0131n torunu Beng\u00fc Balk\u0131r M\u0131s\u0131rl\u0131o\u011flu taraf\u0131ndan ar\u015fiv foto\u011fraflar\u0131yla ve belgeleriyle zenginle\u015ftirilerek yay\u0131na haz\u0131rlanan Dipten Gelen Ses, Arifiye K\u00f6y Enstit\u00fcs\u00fc \u2019nde, enstit\u00fcn\u00fcn kurulu\u015f, geli\u015fim ve sona gidi\u015f d\u00f6nemleri an\u0131lar ve belgeler e\u015fli\u011finde sunuluyor.Y\u00f6neticilerin, \u00f6\u011fretmenlerin, e\u011fitmenlerin ve \u00f6\u011frencilerin b\u00fcy\u00fck \u00e7abalar\u0131yla kurulan k\u00f6y enstit\u00fclerinin kapat\u0131lmas\u0131yla ilgili duygular\u0131n\u0131 kitab\u0131n son sat\u0131rlar\u0131nda \u015f\u00f6yle ifade ediyor Balk\u0131r: \u201cYoksul vatan\u0131n kara baht\u0131 de\u011fi\u015fecek, al\u0131n yaz\u0131s\u0131 mutluluk i\u00e7inde \u0131\u015f\u0131lday\u0131p \u00e7i\u00e7eklenecekti. Ama ne yaz\u0131k ki ate\u015ften bir yel esti, \u00f6zl\u00fc yurt meyveleri kavruldu, onun c\u00f6mert a\u011fa\u00e7lar\u0131 kurudu. \u015eimdi yak\u0131n ge\u00e7mi\u015fte kalm\u0131\u015flar\u0131n a\u011f\u0131t\u0131n\u0131 okuyoruz. Fakat bu fukara memleketin hak etti\u011fi iyi geleceklere g\u00f6n\u00fcl ba\u011flayan umutlar ayakta. Bu umutlar\u0131 ger\u00e7ekle\u015ftirecek ayd\u0131n ve g\u00fc\u00e7l\u00fc kafalar, y\u00fcrekler meydanda. Bunlar\u0131n getireceklerini \u00f6zlemle, inan\u00e7la bekliyoruz.\u201d<\/p>\n","protected":false},"excerpt":{"rendered":"<p>Arifiye! \u015eof\u00f6r durdu, Enstit\u00fc Mektebi, dedi, S\u00fcleyman Edip bey m\u00fcd\u00fcr\u00fcn ad\u0131. Bir yol da burada dural\u0131m: Ellerinde nas\u0131r, y\u00fczlerinde nur, Yar\u0131na \u00fcmitle y\u00fcr\u00fcyenlere Bir sel\u00e2m u\u00e7ural\u0131m.<span class=\"excerpt-hellip\"> [\u2026]<\/span><\/p>\n","protected":false},"featured_media":0,"template":"","meta":{"_monsterinsights_skip_tracking":false,"_monsterinsights_sitenote_active":false,"_monsterinsights_sitenote_note":"","_monsterinsights_sitenote_category":0},"product_brand":[],"product_cat":[13701,12291],"product_tag":[],"class_list":{"0":"post-771121","1":"product","2":"type-product","3":"status-publish","5":"product_cat-ani-mektup-gunluk","6":"product_cat-edebiyat","7":"pa_cilt-ciltsiz","8":"pa_tur-kitap","9":"pa_yayinevi-is-bankasi-kultur-yayinlari","10":"pa_yazar-suleyman-edip-balkir","12":"first","13":"instock","14":"sale","15":"shipping-taxable","16":"purchasable","17":"product-type-simple"},"_links":{"self":[{"href":"https:\/\/roveyayinevi.com.tr\/index.php\/wp-json\/wp\/v2\/product\/771121","targetHints":{"allow":["GET"]}}],"collection":[{"href":"https:\/\/roveyayinevi.com.tr\/index.php\/wp-json\/wp\/v2\/product"}],"about":[{"href":"https:\/\/roveyayinevi.com.tr\/index.php\/wp-json\/wp\/v2\/types\/product"}],"wp:attachment":[{"href":"https:\/\/roveyayinevi.com.tr\/index.php\/wp-json\/wp\/v2\/media?parent=771121"}],"wp:term":[{"taxonomy":"product_brand","embeddable":true,"href":"https:\/\/roveyayinevi.com.tr\/index.php\/wp-json\/wp\/v2\/product_brand?post=771121"},{"taxonomy":"product_cat","embeddable":true,"href":"https:\/\/roveyayinevi.com.tr\/index.php\/wp-json\/wp\/v2\/product_cat?post=771121"},{"taxonomy":"product_tag","embeddable":true,"href":"https:\/\/roveyayinevi.com.tr\/index.php\/wp-json\/wp\/v2\/product_tag?post=771121"}],"curies":[{"name":"wp","href":"https:\/\/api.w.org\/{rel}","templated":true}]}}