{"id":771119,"date":"2025-08-28T14:54:34","date_gmt":"2025-08-28T11:54:34","guid":{"rendered":"https:\/\/roveyayinevi.com.tr\/index.php\/urun\/figuran\/"},"modified":"2026-04-15T03:37:37","modified_gmt":"2026-04-15T00:37:37","slug":"figuran","status":"publish","type":"product","link":"https:\/\/roveyayinevi.com.tr\/index.php\/urun\/figuran\/","title":{"rendered":"Fig\u00fcran"},"content":{"rendered":"<p>1968. Paris\u2019te bir lise \u00f6\u011frencisi olan anlat\u0131c\u0131m\u0131z bir tesad\u00fcf eseri kendini Fran\u00e7ois Truffaut\u2019nun \u00c7al\u0131nt\u0131 \u00d6p\u00fcc\u00fckler filminin setinde buluverir. \u00d6nc\u00fcleri aras\u0131nda Truffaut\u2019nun yan\u0131 s\u0131ra Godard, Rohmer, Rivette gibi y\u00f6netmenlerin oldu\u011fu Frans\u0131z sinemas\u0131n\u0131n k\u00fclt ak\u0131m\u0131 Yeni Dalga\u2019n\u0131n son demleri ya\u015fan\u0131rken kendisi de bir sinemasever olan kahraman\u0131m\u0131z\u0131n sete ad\u0131m at\u0131\u015f\u0131 yetmi\u015flere kadar s\u00fcrecek fig\u00fcranl\u0131k kariyerini ba\u015flatmakla kalmayacak, onu ilk g\u00f6r\u00fc\u015fte \u00e2\u015f\u0131k oldu\u011fu bir di\u011fer fig\u00fcranla yani Judith\u2019le tan\u0131\u015ft\u0131racakt\u0131r. 2014. Truffaut\u2019nun \u00f6l\u00fcm\u00fcn\u00fcn otuzuncu y\u0131l\u0131 \u015ferefine d\u00fczenlenen retrospektifte anlat\u0131c\u0131m\u0131z fig\u00fcranl\u0131k yapt\u0131\u011f\u0131 filmi yeniden izleme \u015fans\u0131 bulur. Beyazperdede gen\u00e7li\u011fi ve o y\u0131llar \u00e2\u015f\u0131k oldu\u011fu Judith belirdi\u011finde, y\u0131llar \u00f6nce izini kaybetti\u011fi bu kad\u0131n\u0131n pe\u015fine d\u00fc\u015fmeye karar verir. Tutku dolu, hatta saplant\u0131ya varan bu ara\u015ft\u0131rma onu, ge\u00e7mi\u015fin hayaletleriyle dolu bir Paris\u2019te kaybolmu\u015f zaman\u0131n izinde bir yolculu\u011fa \u00e7\u0131karacakt\u0131r. Kitaplar\u0131nda otobiyografik \u00f6\u011felerin yan\u0131 s\u0131ra sineman\u0131n unutulmu\u015f oyuncu ve fig\u00fcranlar\u0131na da yer veren Didier Blonde\u2019dan yar\u0131m kalan a\u015fklara ve zaman\u0131n ac\u0131mas\u0131zl\u0131\u011f\u0131na dair dokunakl\u0131 bir roman.<\/p>\n","protected":false},"excerpt":{"rendered":"<p>1968. Paris\u2019te bir lise \u00f6\u011frencisi olan anlat\u0131c\u0131m\u0131z bir tesad\u00fcf eseri kendini Fran\u00e7ois Truffaut\u2019nun \u00c7al\u0131nt\u0131 \u00d6p\u00fcc\u00fckler filminin setinde buluverir. \u00d6nc\u00fcleri aras\u0131nda Truffaut\u2019nun yan\u0131 s\u0131ra Godard, Rohmer, Rivette<span class=\"excerpt-hellip\"> [\u2026]<\/span><\/p>\n","protected":false},"featured_media":0,"template":"","meta":{"_monsterinsights_skip_tracking":false,"_monsterinsights_sitenote_active":false,"_monsterinsights_sitenote_note":"","_monsterinsights_sitenote_category":0},"product_brand":[],"product_cat":[12291,12711],"product_tag":[],"class_list":{"0":"post-771119","1":"product","2":"type-product","3":"status-publish","5":"product_cat-edebiyat","6":"product_cat-roman-oyku","7":"pa_cilt-ciltsiz","8":"pa_tur-kitap","9":"pa_yayinevi-is-bankasi-kultur-yayinlari","10":"pa_yazar-didier-blonde","12":"first","13":"instock","14":"sale","15":"shipping-taxable","16":"purchasable","17":"product-type-simple"},"_links":{"self":[{"href":"https:\/\/roveyayinevi.com.tr\/index.php\/wp-json\/wp\/v2\/product\/771119","targetHints":{"allow":["GET"]}}],"collection":[{"href":"https:\/\/roveyayinevi.com.tr\/index.php\/wp-json\/wp\/v2\/product"}],"about":[{"href":"https:\/\/roveyayinevi.com.tr\/index.php\/wp-json\/wp\/v2\/types\/product"}],"wp:attachment":[{"href":"https:\/\/roveyayinevi.com.tr\/index.php\/wp-json\/wp\/v2\/media?parent=771119"}],"wp:term":[{"taxonomy":"product_brand","embeddable":true,"href":"https:\/\/roveyayinevi.com.tr\/index.php\/wp-json\/wp\/v2\/product_brand?post=771119"},{"taxonomy":"product_cat","embeddable":true,"href":"https:\/\/roveyayinevi.com.tr\/index.php\/wp-json\/wp\/v2\/product_cat?post=771119"},{"taxonomy":"product_tag","embeddable":true,"href":"https:\/\/roveyayinevi.com.tr\/index.php\/wp-json\/wp\/v2\/product_tag?post=771119"}],"curies":[{"name":"wp","href":"https:\/\/api.w.org\/{rel}","templated":true}]}}