{"id":771118,"date":"2025-08-28T14:54:32","date_gmt":"2025-08-28T11:54:32","guid":{"rendered":"https:\/\/roveyayinevi.com.tr\/index.php\/urun\/komedyenler-ciltli\/"},"modified":"2026-04-15T03:37:37","modified_gmt":"2026-04-15T00:37:37","slug":"komedyenler-ciltli","status":"publish","type":"product","link":"https:\/\/roveyayinevi.com.tr\/index.php\/urun\/komedyenler-ciltli\/","title":{"rendered":"Komedyenler (Ciltli)"},"content":{"rendered":"<p>Graham Greene\u2019in 1965\u2019te yay\u0131mlanan Komedyenler\u2019i uzak ve yaban\u0131l bir co\u011frafyan\u0131n foto\u011fraf\u0131n\u0131 \u00e7eker; yoksullu\u011fun ve y\u0131k\u0131m\u0131n, \u015fiddetin ve cinnetin kol gezdi\u011fi bir \u00fclke: Haiti. Papa Doc adl\u0131 diktat\u00f6r\u00fcn ter\u00f6r estirdi\u011fi, Tonton Macoute denen kontrgerillalar\u0131n hesaps\u0131zca insan \u00f6ld\u00fcrd\u00fc\u011f\u00fc; akademiden bas\u0131na, politikadan i\u015f d\u00fcnyas\u0131na kadar toplumsal ya\u015fam\u0131n iyice yozla\u015ft\u0131\u011f\u0131 Haiti b\u00fct\u00fcn\u00fcyle bir \u201cK\u00e2bus Cumhuriyeti\u201ddir. Greene\u2019in \u00fcrk\u00fct\u00fcc\u00fc \u201cK\u00e2bus Cumhuriyeti\u201d mecaz\u0131 sadece trajedinin de\u011fil, genel anlam\u0131yla y\u0131k\u0131c\u0131 bir komedinin de \u00e7ekirde\u011fini olu\u015fturur: Komedyenler zarif bir ironiyle resmedilen say\u0131s\u0131z karakterin hazin ama bir o kadar da muzip ve sa\u011falt\u0131c\u0131 hik\u00e2yeleriyle hi\u00e7 eskimeyecek bir roman&#8230;<\/p>\n","protected":false},"excerpt":{"rendered":"<p>Graham Greene\u2019in 1965\u2019te yay\u0131mlanan Komedyenler\u2019i uzak ve yaban\u0131l bir co\u011frafyan\u0131n foto\u011fraf\u0131n\u0131 \u00e7eker; yoksullu\u011fun ve y\u0131k\u0131m\u0131n, \u015fiddetin ve cinnetin kol gezdi\u011fi bir \u00fclke: Haiti. Papa Doc adl\u0131<span class=\"excerpt-hellip\"> [\u2026]<\/span><\/p>\n","protected":false},"featured_media":0,"template":"","meta":{"_monsterinsights_skip_tracking":false,"_monsterinsights_sitenote_active":false,"_monsterinsights_sitenote_note":"","_monsterinsights_sitenote_category":0},"product_brand":[],"product_cat":[12291,12711],"product_tag":[],"class_list":{"0":"post-771118","1":"product","2":"type-product","3":"status-publish","5":"product_cat-edebiyat","6":"product_cat-roman-oyku","7":"pa_cilt-ciltli","8":"pa_tur-kitap","9":"pa_yayinevi-is-bankasi-kultur-yayinlari","10":"pa_yazar-graham-greene","12":"first","13":"instock","14":"sale","15":"shipping-taxable","16":"purchasable","17":"product-type-simple"},"_links":{"self":[{"href":"https:\/\/roveyayinevi.com.tr\/index.php\/wp-json\/wp\/v2\/product\/771118","targetHints":{"allow":["GET"]}}],"collection":[{"href":"https:\/\/roveyayinevi.com.tr\/index.php\/wp-json\/wp\/v2\/product"}],"about":[{"href":"https:\/\/roveyayinevi.com.tr\/index.php\/wp-json\/wp\/v2\/types\/product"}],"wp:attachment":[{"href":"https:\/\/roveyayinevi.com.tr\/index.php\/wp-json\/wp\/v2\/media?parent=771118"}],"wp:term":[{"taxonomy":"product_brand","embeddable":true,"href":"https:\/\/roveyayinevi.com.tr\/index.php\/wp-json\/wp\/v2\/product_brand?post=771118"},{"taxonomy":"product_cat","embeddable":true,"href":"https:\/\/roveyayinevi.com.tr\/index.php\/wp-json\/wp\/v2\/product_cat?post=771118"},{"taxonomy":"product_tag","embeddable":true,"href":"https:\/\/roveyayinevi.com.tr\/index.php\/wp-json\/wp\/v2\/product_tag?post=771118"}],"curies":[{"name":"wp","href":"https:\/\/api.w.org\/{rel}","templated":true}]}}