{"id":771113,"date":"2025-08-28T14:54:22","date_gmt":"2025-08-28T11:54:22","guid":{"rendered":"https:\/\/roveyayinevi.com.tr\/index.php\/urun\/osmanlilar-kusatilmis-bir-imparatorluk-1700-1923\/"},"modified":"2025-11-12T11:37:58","modified_gmt":"2025-11-12T08:37:58","slug":"osmanlilar-kusatilmis-bir-imparatorluk-1700-1923","status":"publish","type":"product","link":"https:\/\/roveyayinevi.com.tr\/index.php\/urun\/osmanlilar-kusatilmis-bir-imparatorluk-1700-1923\/","title":{"rendered":"Osmanl\u0131lar Ku\u015fat\u0131lm\u0131\u015f Bir \u0130mparatorluk 1700 \u2013 1923"},"content":{"rendered":"<p>\u00d6nde gelen Osmanl\u0131 tarihi profes\u00f6rlerinden, T\u00fcrk Tarih Kurumu \u015feref \u00fcyesi Virginia H.  Aksan, Ku\u015fat\u0131lm\u0131\u015f Bir \u0130mparatorluk: Osmanl\u0131lar, 1700-1923\u2019te Osmanl\u0131\u2019n\u0131n idari, askeri ve lojistik sisteminin yakla\u015f\u0131k iki as\u0131rl\u0131k d\u00f6n\u00fc\u015f\u00fcm\u00fcn\u00fc, tarihyaz\u0131m\u0131n\u0131n g\u00fcncel sorunsallar\u0131n\u0131 da g\u00f6zeterek irdeliyor. \u0130mparatorluk merkezindeki elitlerle s\u0131n\u0131r boylar\u0131ndaki milislerin \u00e7at\u0131\u015fma ve uzla\u015f\u0131lar\u0131n\u0131, Osmanl\u0131\u2019n\u0131n son as\u0131rlar\u0131nda ekonomiye b\u00fcy\u00fck y\u00fck olu\u015fturan sava\u015flar\u0131 ve yeni muharebe teknolojilerini kar\u015f\u0131la\u015ft\u0131rmal\u0131 bir perspektifle ortaya koyuyor.   Osmanl\u0131\u2019n\u0131n g\u00fcn\u00fcm\u00fcz Balkan ve Ortado\u011fu co\u011frafyas\u0131nda etkileri h\u00e2l\u00e2 devam eden miras\u0131n\u0131 kronikler, seyahatnameler, hat\u0131ratlar, haritalar ve resimleri kaynak alarak inceleyen Aksan\u2019\u0131n kitab\u0131, s\u0131n\u0131rlar\u0131n k\u00e2h a\u015f\u0131n\u0131p k\u00e2h kat\u0131la\u015ft\u0131\u011f\u0131, k\u00fcresel bilincin bir ivme kazan\u0131p bir geriledi\u011fi, mali felaketlerin ve devrimci co\u015fkunun atba\u015f\u0131 gitti\u011fi uzun bir d\u00f6nemin evrimini anlamak isteyen tarih merakl\u0131lar\u0131 i\u00e7in bir ba\u015fucu kitab\u0131. <\/p>\n","protected":false},"excerpt":{"rendered":"<p>\u00d6nde gelen Osmanl\u0131 tarihi profes\u00f6rlerinden, T\u00fcrk Tarih Kurumu \u015feref \u00fcyesi Virginia H. Aksan, Ku\u015fat\u0131lm\u0131\u015f Bir \u0130mparatorluk: Osmanl\u0131lar, 1700-1923\u2019te Osmanl\u0131\u2019n\u0131n idari, askeri ve lojistik sisteminin yakla\u015f\u0131k iki<span class=\"excerpt-hellip\"> [\u2026]<\/span><\/p>\n","protected":false},"featured_media":0,"template":"","meta":{"_monsterinsights_skip_tracking":false,"_monsterinsights_sitenote_active":false,"_monsterinsights_sitenote_note":"","_monsterinsights_sitenote_category":0},"product_brand":[],"product_cat":[13517,12304],"product_tag":[],"class_list":{"0":"post-771113","1":"product","2":"type-product","3":"status-publish","5":"product_cat-osmanli-tarihi","6":"product_cat-tarih","7":"pa_cilt-ciltsiz","8":"pa_tur-kitap","9":"pa_yayinevi-alfa-yayinlari","10":"pa_yazar-virginia-h-aksan","12":"first","13":"instock","14":"sale","15":"shipping-taxable","16":"purchasable","17":"product-type-simple"},"_links":{"self":[{"href":"https:\/\/roveyayinevi.com.tr\/index.php\/wp-json\/wp\/v2\/product\/771113","targetHints":{"allow":["GET"]}}],"collection":[{"href":"https:\/\/roveyayinevi.com.tr\/index.php\/wp-json\/wp\/v2\/product"}],"about":[{"href":"https:\/\/roveyayinevi.com.tr\/index.php\/wp-json\/wp\/v2\/types\/product"}],"wp:attachment":[{"href":"https:\/\/roveyayinevi.com.tr\/index.php\/wp-json\/wp\/v2\/media?parent=771113"}],"wp:term":[{"taxonomy":"product_brand","embeddable":true,"href":"https:\/\/roveyayinevi.com.tr\/index.php\/wp-json\/wp\/v2\/product_brand?post=771113"},{"taxonomy":"product_cat","embeddable":true,"href":"https:\/\/roveyayinevi.com.tr\/index.php\/wp-json\/wp\/v2\/product_cat?post=771113"},{"taxonomy":"product_tag","embeddable":true,"href":"https:\/\/roveyayinevi.com.tr\/index.php\/wp-json\/wp\/v2\/product_tag?post=771113"}],"curies":[{"name":"wp","href":"https:\/\/api.w.org\/{rel}","templated":true}]}}