{"id":771112,"date":"2025-08-28T14:54:20","date_gmt":"2025-08-28T11:54:20","guid":{"rendered":"https:\/\/roveyayinevi.com.tr\/index.php\/urun\/turkmen-asiretleri\/"},"modified":"2026-04-15T03:37:37","modified_gmt":"2026-04-15T00:37:37","slug":"turkmen-asiretleri","status":"publish","type":"product","link":"https:\/\/roveyayinevi.com.tr\/index.php\/urun\/turkmen-asiretleri\/","title":{"rendered":"T\u00fcrkmen  A\u015firetleri"},"content":{"rendered":"<p>\u0130ttihat ve Terakki iktidar\u0131n\u0131n Te\u015fkilat-\u0131 Mahsusa \u00f6rg\u00fctlenmesine ba\u011fl\u0131 A\u015f\u00e2ir ve Muhacirin M\u00fcd\u00fcriyet-i Um\u00fbmiyesi\u2019nin 1918\u2019de yay\u0131mlad\u0131\u011f\u0131 T\u00fcrkmen A\u015firetleri kitab\u0131, a\u015firetlerin n\u00fcfus ve cevelan sahalar\u0131ndan \u00e7ad\u0131rlar\u0131n obada hiyerar\u015fik yerle\u015fimine, konuk kabul ve evlenme hukukundan a\u015firetler ve bireyler aras\u0131ndaki \u201chukuk-u \u015fahsiye\u201d uygulamalar\u0131na dek folkloruna ili\u015fkin bug\u00fcne kadar yeterince konu edinilmemi\u015f ayr\u0131nt\u0131l\u0131 bilgiler i\u00e7ermekle be\u015feri ve sosyal bilimlerimiz i\u00e7in \u00f6nem ta\u015f\u0131maktad\u0131r. Konuyla ilgili alan g\u00f6zlemine dayal\u0131 say\u0131l\u0131 ara\u015ft\u0131rman\u0131n ilklerindendir ve T\u00fcrkmen etnografyas\u0131n\u0131n yan\u0131s\u0131ra \u0130ttihat\u00e7\u0131larla i\u015fbirli\u011fi i\u00e7inde bulundu\u011fu Almanlar\u2019\u0131n T\u00fcrkmen a\u015firetlere nas\u0131l bakt\u0131klar\u0131 ve ne t\u00fcr \u00e7\u0131karlar umduklar\u0131n\u0131 da ortaya koymaktad\u0131r. Bug\u00fcn art\u0131k neredeyse t\u00fcm\u00fcyle yerle\u015fik ya\u015fama ge\u00e7mi\u015f T\u00fcrkmenlerin geleneksel ya\u015fam bi\u00e7imlerine ili\u015fkin \u201cson\u201d tan\u0131kl\u0131kla bir y\u00fczle\u015fme ve d\u00f6nemin ruhunun anla\u015f\u0131lmas\u0131na \u00f6nemli bir katk\u0131\u2026 Kitab\u0131n \u201c\u00e7evirmeni\u201d taraf\u0131ndan Almancadan \u00e7evrildi\u011fi iddia olunur ancak \u201cDoktor Frayli\u00e7\u201d ve \u201cM\u00fchendis Ravling\u201d hayal\u00ee ki\u015filerdir. \u201cHabil Adem\u201d takma ad\u0131n\u0131 kullanan Naci Pelister\u2019in birtak\u0131m Alman raporlar\u0131ndan derleyip ne\u015fretti\u011fi izlenimi yaratan T\u00fcrkmen A\u015firetleri bu konuya ili\u015fkin ilk derli toplu \u00e7al\u0131\u015fma ve Osmanl\u0131 \u00e7a\u011f\u0131 i\u00e7inde T\u00fcrkmenler hakk\u0131nda orijinal bilgiler ihtiva eden yay\u0131nlardand\u0131r. Suavi Ayd\u0131n <\/p>\n","protected":false},"excerpt":{"rendered":"<p>\u0130ttihat ve Terakki iktidar\u0131n\u0131n Te\u015fkilat-\u0131 Mahsusa \u00f6rg\u00fctlenmesine ba\u011fl\u0131 A\u015f\u00e2ir ve Muhacirin M\u00fcd\u00fcriyet-i Um\u00fbmiyesi\u2019nin 1918\u2019de yay\u0131mlad\u0131\u011f\u0131 T\u00fcrkmen A\u015firetleri kitab\u0131, a\u015firetlerin n\u00fcfus ve cevelan sahalar\u0131ndan \u00e7ad\u0131rlar\u0131n obada hiyerar\u015fik<span class=\"excerpt-hellip\"> [\u2026]<\/span><\/p>\n","protected":false},"featured_media":0,"template":"","meta":{"_monsterinsights_skip_tracking":false,"_monsterinsights_sitenote_active":false,"_monsterinsights_sitenote_note":"","_monsterinsights_sitenote_category":0},"product_brand":[],"product_cat":[12304,13650],"product_tag":[],"class_list":{"0":"post-771112","1":"product","2":"type-product","3":"status-publish","5":"product_cat-tarih","6":"product_cat-turk-tarihi-arastirmalari","7":"pa_cilt-ciltsiz","8":"pa_tur-kitap","9":"pa_yayinevi-kapi-yayinlari","10":"pa_yazar-kolektif","12":"first","13":"instock","14":"sale","15":"shipping-taxable","16":"purchasable","17":"product-type-simple"},"_links":{"self":[{"href":"https:\/\/roveyayinevi.com.tr\/index.php\/wp-json\/wp\/v2\/product\/771112","targetHints":{"allow":["GET"]}}],"collection":[{"href":"https:\/\/roveyayinevi.com.tr\/index.php\/wp-json\/wp\/v2\/product"}],"about":[{"href":"https:\/\/roveyayinevi.com.tr\/index.php\/wp-json\/wp\/v2\/types\/product"}],"wp:attachment":[{"href":"https:\/\/roveyayinevi.com.tr\/index.php\/wp-json\/wp\/v2\/media?parent=771112"}],"wp:term":[{"taxonomy":"product_brand","embeddable":true,"href":"https:\/\/roveyayinevi.com.tr\/index.php\/wp-json\/wp\/v2\/product_brand?post=771112"},{"taxonomy":"product_cat","embeddable":true,"href":"https:\/\/roveyayinevi.com.tr\/index.php\/wp-json\/wp\/v2\/product_cat?post=771112"},{"taxonomy":"product_tag","embeddable":true,"href":"https:\/\/roveyayinevi.com.tr\/index.php\/wp-json\/wp\/v2\/product_tag?post=771112"}],"curies":[{"name":"wp","href":"https:\/\/api.w.org\/{rel}","templated":true}]}}