{"id":771110,"date":"2025-08-28T14:54:15","date_gmt":"2025-08-28T11:54:15","guid":{"rendered":"https:\/\/roveyayinevi.com.tr\/index.php\/urun\/hikayenin-sonu\/"},"modified":"2026-04-15T03:37:37","modified_gmt":"2026-04-15T00:37:37","slug":"hikayenin-sonu","status":"publish","type":"product","link":"https:\/\/roveyayinevi.com.tr\/index.php\/urun\/hikayenin-sonu\/","title":{"rendered":"Hikayenin Sonu"},"content":{"rendered":"<p>\u201cRotam\u0131z ne olursa olsun, eskiden yapt\u0131klar\u0131m\u0131z\u0131n ve eskiden oldu\u011fumuz ki\u015finin g\u00f6lgesi, bir lanetin inad\u0131yla bizi takip eder.\u201d   Juan Belmonte, \u015eili\u2019nin g\u00fcney k\u0131y\u0131s\u0131nda, ge\u00e7mi\u015fin y\u00fck\u00fcnden uzakta sade bir ya\u015fam s\u00fcrmektedir. Ancak eski bir gerilla ve ajan olarak sahip oldu\u011fu tecr\u00fcbe, onu zaman zaman ge\u00e7mi\u015fin g\u00f6lgesine \u00e7eker. Bir g\u00fcn ald\u0131\u011f\u0131 bir telefonla yeniden harekete ge\u00e7mek zorunda kal\u0131r: Bu seferki i\u015f, vaktiyle Pinochet ordusunda g\u00f6rev alm\u0131\u015f, sonradan mahk\u00fbm edilerek hapsedilmi\u015f biriyle ilgilidir. \u0130kinci D\u00fcnya Sava\u015f\u0131 s\u0131ras\u0131nda SS birliklerinde g\u00f6rev alan Kazaklar\u0131n soyundan gelen bu i\u015fkenceciden nefret etmek i\u00e7in Belmonte\u2019nin ayr\u0131ca ki\u015fisel sebepleri de vard\u0131r.   Hik\u00e2yenin Sonu, Luis Sep\u00falveda\u2019n\u0131n ustal\u0131kl\u0131 diliyle, bireysel ge\u00e7mi\u015fle politik haf\u0131zay\u0131, Latin Amerika\u2019n\u0131n karanl\u0131k d\u00f6nemleriyle Rus Devrimi\u2019nden gelen izleri birle\u015ftiren \u00e7arp\u0131c\u0131 bir politik gerilim roman\u0131.   Belmonte da\u011flara bakarak ama onlar\u0131 g\u00f6rmeden bekledi. Akl\u0131na gelen tek \u015fey, kay\u0131p bir alb\u00fcmdeki foto\u011fraflar gibi art arda gele g\u00f6r\u00fcnt\u00fclerdi ve hepsinde Veronica vard\u0131. O sabah, bir park\u0131n yaprakl\u0131 a\u011fa\u00e7lar\u0131 alt\u0131ndaki siyasi bir mitingde ona yakla\u015fm\u0131\u015f ve ondan ayr\u0131lmak istemedi\u011fini anlam\u0131\u015ft\u0131. Ak\u015fam onun y\u00fcz\u00fcn\u00fc ellerinin aras\u0131na ald\u0131, k\u0131rm\u0131z\u0131 dudaklar\u0131na dokunana kadar yakla\u015ft\u0131rd\u0131 ve a\u015fk\u0131n m\u00fcmk\u00fcn oldu\u011funu anlad\u0131&#8230;<\/p>\n","protected":false},"excerpt":{"rendered":"<p>\u201cRotam\u0131z ne olursa olsun, eskiden yapt\u0131klar\u0131m\u0131z\u0131n ve eskiden oldu\u011fumuz ki\u015finin g\u00f6lgesi, bir lanetin inad\u0131yla bizi takip eder.\u201d Juan Belmonte, \u015eili\u2019nin g\u00fcney k\u0131y\u0131s\u0131nda, ge\u00e7mi\u015fin y\u00fck\u00fcnden uzakta sade<span class=\"excerpt-hellip\"> [\u2026]<\/span><\/p>\n","protected":false},"featured_media":0,"template":"","meta":{"_monsterinsights_skip_tracking":false,"_monsterinsights_sitenote_active":false,"_monsterinsights_sitenote_note":"","_monsterinsights_sitenote_category":0},"product_brand":[],"product_cat":[12291,12711],"product_tag":[],"class_list":{"0":"post-771110","1":"product","2":"type-product","3":"status-publish","5":"product_cat-edebiyat","6":"product_cat-roman-oyku","7":"pa_cilt-ciltsiz","8":"pa_tur-kitap","9":"pa_yayinevi-everest-yayinlari","10":"pa_yazar-luis-sepulveda","12":"first","13":"instock","14":"sale","15":"shipping-taxable","16":"purchasable","17":"product-type-simple"},"_links":{"self":[{"href":"https:\/\/roveyayinevi.com.tr\/index.php\/wp-json\/wp\/v2\/product\/771110","targetHints":{"allow":["GET"]}}],"collection":[{"href":"https:\/\/roveyayinevi.com.tr\/index.php\/wp-json\/wp\/v2\/product"}],"about":[{"href":"https:\/\/roveyayinevi.com.tr\/index.php\/wp-json\/wp\/v2\/types\/product"}],"wp:attachment":[{"href":"https:\/\/roveyayinevi.com.tr\/index.php\/wp-json\/wp\/v2\/media?parent=771110"}],"wp:term":[{"taxonomy":"product_brand","embeddable":true,"href":"https:\/\/roveyayinevi.com.tr\/index.php\/wp-json\/wp\/v2\/product_brand?post=771110"},{"taxonomy":"product_cat","embeddable":true,"href":"https:\/\/roveyayinevi.com.tr\/index.php\/wp-json\/wp\/v2\/product_cat?post=771110"},{"taxonomy":"product_tag","embeddable":true,"href":"https:\/\/roveyayinevi.com.tr\/index.php\/wp-json\/wp\/v2\/product_tag?post=771110"}],"curies":[{"name":"wp","href":"https:\/\/api.w.org\/{rel}","templated":true}]}}