{"id":771108,"date":"2025-08-28T14:54:12","date_gmt":"2025-08-28T11:54:12","guid":{"rendered":"https:\/\/roveyayinevi.com.tr\/index.php\/urun\/korku-tuzaklari\/"},"modified":"2026-04-15T03:37:37","modified_gmt":"2026-04-15T00:37:37","slug":"korku-tuzaklari","status":"publish","type":"product","link":"https:\/\/roveyayinevi.com.tr\/index.php\/urun\/korku-tuzaklari\/","title":{"rendered":"Korku Tuzaklar\u0131"},"content":{"rendered":"<p>Korkular\u0131m\u0131za Hapsolmak ya da \u00d6zg\u00fcrle\u015fmek   Hayat\u0131n\u0131z\u0131 korkular\u0131n\u0131z m\u0131 y\u00f6netiyor? Olur olmad\u0131k \u015feylerin sizi tetiklemesinden yoruldunuz mu? K\u00f6\u015feye s\u0131k\u0131\u015fm\u0131\u015f ve hayat\u0131n\u0131z\u0131 hakk\u0131yla ya\u015fayamad\u0131\u011f\u0131n\u0131z\u0131 m\u0131 hissediyorsunuz? Klinik ve sosyal psikoloji uzman\u0131 Dr. Nancy Stella Korku Tuzaklar\u0131\u2019nda yaln\u0131zl\u0131k, reddedilme, y\u00fczle\u015fme, yok say\u0131lma, ba\u015far\u0131s\u0131zl\u0131k, bilinmezlik gibi yayg\u0131n korku tuzaklar\u0131n\u0131 inceleyerek beynimizin korkuyla ili\u015fkisini ve korkuya ba\u011fl\u0131 d\u00f6ng\u00fclerimizi nas\u0131l k\u0131rabilece\u011fimizi a\u00e7\u0131kl\u0131yor. Beyni cesaretlendirmeye y\u00f6nelik geli\u015ftirdi\u011fi \u00f6zel terapi tekni\u011finin yard\u0131m\u0131yla savunma mekanizmalar\u0131n\u0131z\u0131n sizi dibe \u00e7ekmesini engelleyebilir, hayat\u0131n\u0131zdaki zorluklar\u0131n \u00fcstesinden \u00f6zg\u00fcvenle gelebilirsiniz. Korkular sizi susturabilir, eylemsizli\u011fe itebilir ya da \u00f6l\u00e7\u00fcs\u00fcz tepkiler vermenize neden olabilir. Ama unutmay\u0131n, siz g\u00fc\u00e7l\u00fcs\u00fcn\u00fcz ve korku tuza\u011f\u0131n\u0131z ne olursa olsun ondan kurtulmay\u0131 ba\u015farabilirsiniz. Ger\u00e7ek vakalardan \u00f6rnekler ve uygulanabilir al\u0131\u015ft\u0131rmalarla desteklenen Korku Tuzaklar\u0131 daha cesur ve olas\u0131l\u0131klarla dolu bir hayata ad\u0131m atabilmek i\u00e7in zihninizde yeni bir kap\u0131 a\u00e7acak. <\/p>\n","protected":false},"excerpt":{"rendered":"<p>Korkular\u0131m\u0131za Hapsolmak ya da \u00d6zg\u00fcrle\u015fmek Hayat\u0131n\u0131z\u0131 korkular\u0131n\u0131z m\u0131 y\u00f6netiyor? Olur olmad\u0131k \u015feylerin sizi tetiklemesinden yoruldunuz mu? K\u00f6\u015feye s\u0131k\u0131\u015fm\u0131\u015f ve hayat\u0131n\u0131z\u0131 hakk\u0131yla ya\u015fayamad\u0131\u011f\u0131n\u0131z\u0131 m\u0131 hissediyorsunuz? Klinik ve<span class=\"excerpt-hellip\"> [\u2026]<\/span><\/p>\n","protected":false},"featured_media":0,"template":"","meta":{"_monsterinsights_skip_tracking":false,"_monsterinsights_sitenote_active":false,"_monsterinsights_sitenote_note":"","_monsterinsights_sitenote_category":0},"product_brand":[],"product_cat":[20502,12357],"product_tag":[],"class_list":{"0":"post-771108","1":"product","2":"type-product","3":"status-publish","5":"product_cat-basvuru-kitaplari-psikoloji","6":"product_cat-psikoloji","7":"pa_cilt-ciltsiz","8":"pa_tur-kitap","9":"pa_yayinevi-aganta","10":"pa_yazar-nancy-stella","12":"first","13":"instock","14":"sale","15":"shipping-taxable","16":"purchasable","17":"product-type-simple"},"_links":{"self":[{"href":"https:\/\/roveyayinevi.com.tr\/index.php\/wp-json\/wp\/v2\/product\/771108","targetHints":{"allow":["GET"]}}],"collection":[{"href":"https:\/\/roveyayinevi.com.tr\/index.php\/wp-json\/wp\/v2\/product"}],"about":[{"href":"https:\/\/roveyayinevi.com.tr\/index.php\/wp-json\/wp\/v2\/types\/product"}],"wp:attachment":[{"href":"https:\/\/roveyayinevi.com.tr\/index.php\/wp-json\/wp\/v2\/media?parent=771108"}],"wp:term":[{"taxonomy":"product_brand","embeddable":true,"href":"https:\/\/roveyayinevi.com.tr\/index.php\/wp-json\/wp\/v2\/product_brand?post=771108"},{"taxonomy":"product_cat","embeddable":true,"href":"https:\/\/roveyayinevi.com.tr\/index.php\/wp-json\/wp\/v2\/product_cat?post=771108"},{"taxonomy":"product_tag","embeddable":true,"href":"https:\/\/roveyayinevi.com.tr\/index.php\/wp-json\/wp\/v2\/product_tag?post=771108"}],"curies":[{"name":"wp","href":"https:\/\/api.w.org\/{rel}","templated":true}]}}