{"id":771105,"date":"2025-08-28T14:54:06","date_gmt":"2025-08-28T11:54:06","guid":{"rendered":"https:\/\/roveyayinevi.com.tr\/index.php\/urun\/manaraga\/"},"modified":"2026-04-15T03:37:37","modified_gmt":"2026-04-15T00:37:37","slug":"manaraga","status":"publish","type":"product","link":"https:\/\/roveyayinevi.com.tr\/index.php\/urun\/manaraga\/","title":{"rendered":"Manaraga"},"content":{"rendered":"<p>D\u00fcnyada, kurtar\u0131lan ve m\u00fczelerde korunan az say\u0131da eser d\u0131\u015f\u0131nda art\u0131k neredeyse hi\u00e7 bas\u0131l\u0131 kitap yoktur. Ancak kitaplar\u0131n m\u00fckemmel bir yak\u0131t oldu\u011fu ke\u015ffedilince, \u201cMutfak\u201d adl\u0131 yeralt\u0131 \u00f6rg\u00fct\u00fc taraf\u0131ndan yeni ve yasad\u0131\u015f\u0131 bir i\u015f alan\u0131 do\u011far: Book\u2019n\u2019grill. Bu elitist ve illegal etkinliklerde, zengin m\u00fc\u015fteriler i\u00e7in kitaplar\u0131n nadir, eski ve ilk bask\u0131lar\u0131 k\u00f6m\u00fcr olarak kullan\u0131larak \u00fczerinde gurme yemekler pi\u015firilir.Ba\u015fkarakter Geza, bu tehlikeli ve prestijli mesle\u011fin \u00f6nde gelen ustalar\u0131ndand\u0131r; hangi klasiklerin ve bask\u0131lar\u0131n hangi yemeklerle uyumlu oldu\u011funu, hangilerinin en iyi lezzeti verdi\u011fini bilen, se\u00e7kin book\u2019n\u2019grill \u015feflerinden biridir. K\u0131sa s\u00fcrede Avrupa\u2019n\u0131n da en \u00e7ok aranan \u015feflerinden biri haline gelir. Ancak bu i\u015fin do\u011fas\u0131 gere\u011fi s\u00fcrekli risk alt\u0131ndad\u0131r; rakipleri, yasalar ve kitap yakma sanat\u0131n\u0131n giderek daha karma\u015f\u0131k hale gelmesi onu zor durumlara s\u00fcr\u00fckler.\u00c7a\u011fda\u015f Rus edebiyat\u0131n\u0131n \u00f6zg\u00fcr ve ayk\u0131r\u0131 sesi Vladimir Sorokin 2037 y\u0131l\u0131nda ge\u00e7en distopik roman\u0131 Manaraga\u2019da kitaplar\u0131 ve edebiyat\u0131 nelerin bekledi\u011fini sorguluyor.<\/p>\n","protected":false},"excerpt":{"rendered":"<p>D\u00fcnyada, kurtar\u0131lan ve m\u00fczelerde korunan az say\u0131da eser d\u0131\u015f\u0131nda art\u0131k neredeyse hi\u00e7 bas\u0131l\u0131 kitap yoktur. Ancak kitaplar\u0131n m\u00fckemmel bir yak\u0131t oldu\u011fu ke\u015ffedilince, \u201cMutfak\u201d adl\u0131 yeralt\u0131 \u00f6rg\u00fct\u00fc<span class=\"excerpt-hellip\"> [\u2026]<\/span><\/p>\n","protected":false},"featured_media":0,"template":"","meta":{"_monsterinsights_skip_tracking":false,"_monsterinsights_sitenote_active":false,"_monsterinsights_sitenote_note":"","_monsterinsights_sitenote_category":0},"product_brand":[],"product_cat":[12291,12711],"product_tag":[],"class_list":{"0":"post-771105","1":"product","2":"type-product","3":"status-publish","5":"product_cat-edebiyat","6":"product_cat-roman-oyku","7":"pa_cilt-ciltsiz","8":"pa_tur-kitap","9":"pa_yayinevi-can-yayinlari","10":"pa_yazar-vladimir-sorokin","12":"first","13":"instock","14":"sale","15":"shipping-taxable","16":"purchasable","17":"product-type-simple"},"_links":{"self":[{"href":"https:\/\/roveyayinevi.com.tr\/index.php\/wp-json\/wp\/v2\/product\/771105","targetHints":{"allow":["GET"]}}],"collection":[{"href":"https:\/\/roveyayinevi.com.tr\/index.php\/wp-json\/wp\/v2\/product"}],"about":[{"href":"https:\/\/roveyayinevi.com.tr\/index.php\/wp-json\/wp\/v2\/types\/product"}],"wp:attachment":[{"href":"https:\/\/roveyayinevi.com.tr\/index.php\/wp-json\/wp\/v2\/media?parent=771105"}],"wp:term":[{"taxonomy":"product_brand","embeddable":true,"href":"https:\/\/roveyayinevi.com.tr\/index.php\/wp-json\/wp\/v2\/product_brand?post=771105"},{"taxonomy":"product_cat","embeddable":true,"href":"https:\/\/roveyayinevi.com.tr\/index.php\/wp-json\/wp\/v2\/product_cat?post=771105"},{"taxonomy":"product_tag","embeddable":true,"href":"https:\/\/roveyayinevi.com.tr\/index.php\/wp-json\/wp\/v2\/product_tag?post=771105"}],"curies":[{"name":"wp","href":"https:\/\/api.w.org\/{rel}","templated":true}]}}