{"id":771104,"date":"2025-08-28T14:54:04","date_gmt":"2025-08-28T11:54:04","guid":{"rendered":"https:\/\/roveyayinevi.com.tr\/index.php\/urun\/define-adasi-kisaltilmis-klasikler\/"},"modified":"2026-04-15T03:37:37","modified_gmt":"2026-04-15T00:37:37","slug":"define-adasi-kisaltilmis-klasikler","status":"publish","type":"product","link":"https:\/\/roveyayinevi.com.tr\/index.php\/urun\/define-adasi-kisaltilmis-klasikler\/","title":{"rendered":"Define Adas\u0131 &#8211; K\u0131salt\u0131lm\u0131\u015f Klasikler"},"content":{"rendered":"<p>Gen\u00e7 Jim Hawkins\u2019in hayat\u0131, tesad\u00fcfen buldu\u011fu eski bir haritayla tamamen de\u011fi\u015fir. Efsanevi kaptan Flint\u2019in g\u00f6m\u00fcl\u00fc hazinesini aramak i\u00e7in yola \u00e7\u0131kan Jim, k\u0131sa s\u00fcrede bu yolculu\u011fun \u00e7ok tehlikeli oldu\u011funu anlar. Gemide dost gibi g\u00f6r\u00fcnen hain korsanlar, ac\u0131mas\u0131z John Silver ve ihanetle \u00f6r\u00fcl\u00fc bir ser\u00fcven onu bekler.Robert Louis Stevenson, okurlar\u0131n\u0131 define haritalar\u0131, isyan ve korsanlarla dolu bir yolculu\u011fa \u00e7\u0131kar\u0131yor.<\/p>\n","protected":false},"excerpt":{"rendered":"<p>Gen\u00e7 Jim Hawkins\u2019in hayat\u0131, tesad\u00fcfen buldu\u011fu eski bir haritayla tamamen de\u011fi\u015fir. Efsanevi kaptan Flint\u2019in g\u00f6m\u00fcl\u00fc hazinesini aramak i\u00e7in yola \u00e7\u0131kan Jim, k\u0131sa s\u00fcrede bu yolculu\u011fun \u00e7ok<span class=\"excerpt-hellip\"> [\u2026]<\/span><\/p>\n","protected":false},"featured_media":0,"template":"","meta":{"_monsterinsights_skip_tracking":false,"_monsterinsights_sitenote_active":false,"_monsterinsights_sitenote_note":"","_monsterinsights_sitenote_category":0},"product_brand":[],"product_cat":[12274,12284],"product_tag":[],"class_list":{"0":"post-771104","1":"product","2":"type-product","3":"status-publish","5":"product_cat-cocuk-ve-genclik-kitaplari","6":"product_cat-hikayeler","7":"pa_cilt-ciltsiz","8":"pa_tur-kitap","9":"pa_yayinevi-mundi","10":"pa_yazar-robert-louis-stevenson","12":"first","13":"instock","14":"sale","15":"shipping-taxable","16":"purchasable","17":"product-type-simple"},"_links":{"self":[{"href":"https:\/\/roveyayinevi.com.tr\/index.php\/wp-json\/wp\/v2\/product\/771104","targetHints":{"allow":["GET"]}}],"collection":[{"href":"https:\/\/roveyayinevi.com.tr\/index.php\/wp-json\/wp\/v2\/product"}],"about":[{"href":"https:\/\/roveyayinevi.com.tr\/index.php\/wp-json\/wp\/v2\/types\/product"}],"wp:attachment":[{"href":"https:\/\/roveyayinevi.com.tr\/index.php\/wp-json\/wp\/v2\/media?parent=771104"}],"wp:term":[{"taxonomy":"product_brand","embeddable":true,"href":"https:\/\/roveyayinevi.com.tr\/index.php\/wp-json\/wp\/v2\/product_brand?post=771104"},{"taxonomy":"product_cat","embeddable":true,"href":"https:\/\/roveyayinevi.com.tr\/index.php\/wp-json\/wp\/v2\/product_cat?post=771104"},{"taxonomy":"product_tag","embeddable":true,"href":"https:\/\/roveyayinevi.com.tr\/index.php\/wp-json\/wp\/v2\/product_tag?post=771104"}],"curies":[{"name":"wp","href":"https:\/\/api.w.org\/{rel}","templated":true}]}}