{"id":771101,"date":"2025-08-28T14:53:59","date_gmt":"2025-08-28T11:53:59","guid":{"rendered":"https:\/\/roveyayinevi.com.tr\/index.php\/urun\/kurumsal-surdurulebilirlik-raporlamasi\/"},"modified":"2026-04-15T03:37:37","modified_gmt":"2026-04-15T00:37:37","slug":"kurumsal-surdurulebilirlik-raporlamasi","status":"publish","type":"product","link":"https:\/\/roveyayinevi.com.tr\/index.php\/urun\/kurumsal-surdurulebilirlik-raporlamasi\/","title":{"rendered":"Kurumsal S\u00fcrd\u00fcr\u00fclebilirlik Raporlamas\u0131"},"content":{"rendered":"<p>G\u00fcn\u00fcm\u00fczde s\u00fcrd\u00fcr\u00fclebilirlik, \u015firketlerin ve kurumlar\u0131n g\u00fcndeminde \u00f6nemli bir yer tutmakta, ekonomik ba\u015far\u0131yla \u00e7evresel ve sosyal sorumlulu\u011fun birle\u015fti\u011fi noktay\u0131 ifade etmektedir. Bu kitap, T\u00fcrkiye\u2019de ilk defa s\u00fcrd\u00fcr\u00fclebilirlik raporlama s\u00fcrecini ba\u015ftan sona t\u00fcm y\u00f6nleriyle kapsayan ve uygulama \u00f6rnekleriyle zenginle\u015ftirilmi\u015f kapsaml\u0131 bir rehber niteli\u011fi ta\u015f\u0131maktad\u0131r. 2024 y\u0131l\u0131ndan itibaren zorunlu hale gelen s\u00fcrd\u00fcr\u00fclebilirlik raporlamas\u0131 \u00e7er\u00e7evesinde \u015firketlere ve kurumlara ihtiya\u00e7 duyduklar\u0131 bilgileri net, anla\u015f\u0131l\u0131r ve uygulanabilir bir formatta sunmaktad\u0131r. Kitap; s\u00fcrd\u00fcr\u00fclebilirlikle ilgili temel kavramlardan uluslararas\u0131 raporlama standartlar\u0131 olan IFRS S1 ve S2\u2019ye, emisyon y\u00f6netiminden kurumsal y\u00f6neti\u015fim ilkelerine kadar geni\u015f bir i\u00e7erik yelpazesine sahiptir. Kurumlar\u0131n s\u00fcrd\u00fcr\u00fclebilirlik raporlar\u0131n\u0131 do\u011fru, etkin ve \u015feffaf bir bi\u00e7imde haz\u0131rlayabilmesi i\u00e7in gerekli teorik altyap\u0131n\u0131n yan\u0131 s\u0131ra, T\u00fcrkiye\u2019den ve d\u00fcnyadan \u00f6rnek olaylar ve vaka analizleriyle i\u00e7eri\u011fi somutla\u015ft\u0131rmaktad\u0131r. Sakarya \u00dcniversitesi ve Vak\u0131fBank i\u015f birli\u011fi ile haz\u0131rlanan bu eser, akademisyenler, s\u00fcrd\u00fcr\u00fclebilirlik uzmanlar\u0131, sekt\u00f6r \u00e7al\u0131\u015fanlar\u0131, \u015firket y\u00f6neticileri ve \u00f6\u011frenciler ba\u015fta olmak \u00fczere s\u00fcrd\u00fcr\u00fclebilirlik konusunda bilgi sahibi olmak ve uygulamal\u0131 \u00e7\u00f6z\u00fcmler \u00fcretmek isteyen herkes i\u00e7in de\u011ferli bir ba\u015fvuru kayna\u011f\u0131 olacakt\u0131r. Gelecek nesiller i\u00e7in s\u00fcrd\u00fcr\u00fclebilir bir d\u00fcnya in\u015fa etme yolunda at\u0131lan bu \u00f6nemli ad\u0131ma katk\u0131da bulunmak isteyen herkes i\u00e7in faydal\u0131 ve yol g\u00f6sterici olacakt\u0131r. <\/p>\n","protected":false},"excerpt":{"rendered":"<p>G\u00fcn\u00fcm\u00fczde s\u00fcrd\u00fcr\u00fclebilirlik, \u015firketlerin ve kurumlar\u0131n g\u00fcndeminde \u00f6nemli bir yer tutmakta, ekonomik ba\u015far\u0131yla \u00e7evresel ve sosyal sorumlulu\u011fun birle\u015fti\u011fi noktay\u0131 ifade etmektedir. Bu kitap, T\u00fcrkiye\u2019de ilk defa s\u00fcrd\u00fcr\u00fclebilirlik<span class=\"excerpt-hellip\"> [\u2026]<\/span><\/p>\n","protected":false},"featured_media":0,"template":"","meta":{"_monsterinsights_skip_tracking":false,"_monsterinsights_sitenote_active":false,"_monsterinsights_sitenote_note":"","_monsterinsights_sitenote_category":0},"product_brand":[],"product_cat":[13043],"product_tag":[],"class_list":{"0":"post-771101","1":"product","2":"type-product","3":"status-publish","5":"product_cat-ekonomi","6":"pa_cilt-ciltsiz","7":"pa_tur-kitap","8":"pa_yayinevi-vakifbank-kultur-yayinlari","9":"pa_yazar-kolektif","11":"first","12":"instock","13":"sale","14":"shipping-taxable","15":"purchasable","16":"product-type-simple"},"_links":{"self":[{"href":"https:\/\/roveyayinevi.com.tr\/index.php\/wp-json\/wp\/v2\/product\/771101","targetHints":{"allow":["GET"]}}],"collection":[{"href":"https:\/\/roveyayinevi.com.tr\/index.php\/wp-json\/wp\/v2\/product"}],"about":[{"href":"https:\/\/roveyayinevi.com.tr\/index.php\/wp-json\/wp\/v2\/types\/product"}],"wp:attachment":[{"href":"https:\/\/roveyayinevi.com.tr\/index.php\/wp-json\/wp\/v2\/media?parent=771101"}],"wp:term":[{"taxonomy":"product_brand","embeddable":true,"href":"https:\/\/roveyayinevi.com.tr\/index.php\/wp-json\/wp\/v2\/product_brand?post=771101"},{"taxonomy":"product_cat","embeddable":true,"href":"https:\/\/roveyayinevi.com.tr\/index.php\/wp-json\/wp\/v2\/product_cat?post=771101"},{"taxonomy":"product_tag","embeddable":true,"href":"https:\/\/roveyayinevi.com.tr\/index.php\/wp-json\/wp\/v2\/product_tag?post=771101"}],"curies":[{"name":"wp","href":"https:\/\/api.w.org\/{rel}","templated":true}]}}