{"id":771099,"date":"2025-08-28T14:53:54","date_gmt":"2025-08-28T11:53:54","guid":{"rendered":"https:\/\/roveyayinevi.com.tr\/index.php\/urun\/katil-kalpler-sehri-1-ciltli\/"},"modified":"2026-04-15T03:37:37","modified_gmt":"2026-04-15T00:37:37","slug":"katil-kalpler-sehri-1-ciltli","status":"publish","type":"product","link":"https:\/\/roveyayinevi.com.tr\/index.php\/urun\/katil-kalpler-sehri-1-ciltli\/","title":{"rendered":"Katil Kalpler \u015eehri 1 (Ciltli)"},"content":{"rendered":"<p>\u0130ntikam, tehlikeli bir oyun ve en derin yaralar\u0131n alevlendi\u011fi bir arzudur. Annesinin katilini ararken par\u00e7alanm\u0131\u015f kalbini geride b\u0131rakan, s\u0131rlarla dolu karanl\u0131k bir ge\u00e7mi\u015fin derinliklerinde kaybolan Toprak; intikam yemini etmi\u015f, ac\u0131lar\u0131yla g\u00fc\u00e7lenmi\u015f bir kad\u0131nd\u0131r. Cinayet, a\u015fk ve intikam\u0131n i\u00e7 i\u00e7e ge\u00e7ti\u011fi bir oyun ve Toprak\u2019\u0131n ac\u0131larla yo\u011frulmu\u015f yolu\u2026 Her \u015fey o a\u011fac\u0131n alt\u0131nda ba\u015flad\u0131 ve yine orada son bulacak. Bu yolculukta sars\u0131lmaya haz\u0131rlan\u0131n. \u00c7\u00fcnk\u00fc bir kez ad\u0131m att\u0131\u011f\u0131n\u0131zda, hi\u00e7bir \u015fey eskisi gibi olmayacak. \u201cSen benim i\u00e7in yasakl\u0131s\u0131n, i\u015fledi\u011fim en b\u00fcy\u00fck g\u00fcnahs\u0131n.\u201d<\/p>\n","protected":false},"excerpt":{"rendered":"<p>\u0130ntikam, tehlikeli bir oyun ve en derin yaralar\u0131n alevlendi\u011fi bir arzudur. Annesinin katilini ararken par\u00e7alanm\u0131\u015f kalbini geride b\u0131rakan, s\u0131rlarla dolu karanl\u0131k bir ge\u00e7mi\u015fin derinliklerinde kaybolan Toprak;<span class=\"excerpt-hellip\"> [\u2026]<\/span><\/p>\n","protected":false},"featured_media":0,"template":"","meta":{"_monsterinsights_skip_tracking":false,"_monsterinsights_sitenote_active":false,"_monsterinsights_sitenote_note":"","_monsterinsights_sitenote_category":0},"product_brand":[],"product_cat":[12291,12711],"product_tag":[],"class_list":{"0":"post-771099","1":"product","2":"type-product","3":"status-publish","5":"product_cat-edebiyat","6":"product_cat-roman-oyku","7":"pa_cilt-ciltli","8":"pa_tur-kitap","9":"pa_yayinevi-ephesus-yayinlari","10":"pa_yazar-elif-melissa","12":"first","13":"instock","14":"sale","15":"shipping-taxable","16":"purchasable","17":"product-type-simple"},"_links":{"self":[{"href":"https:\/\/roveyayinevi.com.tr\/index.php\/wp-json\/wp\/v2\/product\/771099","targetHints":{"allow":["GET"]}}],"collection":[{"href":"https:\/\/roveyayinevi.com.tr\/index.php\/wp-json\/wp\/v2\/product"}],"about":[{"href":"https:\/\/roveyayinevi.com.tr\/index.php\/wp-json\/wp\/v2\/types\/product"}],"wp:attachment":[{"href":"https:\/\/roveyayinevi.com.tr\/index.php\/wp-json\/wp\/v2\/media?parent=771099"}],"wp:term":[{"taxonomy":"product_brand","embeddable":true,"href":"https:\/\/roveyayinevi.com.tr\/index.php\/wp-json\/wp\/v2\/product_brand?post=771099"},{"taxonomy":"product_cat","embeddable":true,"href":"https:\/\/roveyayinevi.com.tr\/index.php\/wp-json\/wp\/v2\/product_cat?post=771099"},{"taxonomy":"product_tag","embeddable":true,"href":"https:\/\/roveyayinevi.com.tr\/index.php\/wp-json\/wp\/v2\/product_tag?post=771099"}],"curies":[{"name":"wp","href":"https:\/\/api.w.org\/{rel}","templated":true}]}}