{"id":771097,"date":"2025-08-28T14:53:51","date_gmt":"2025-08-28T11:53:51","guid":{"rendered":"https:\/\/roveyayinevi.com.tr\/index.php\/urun\/turkiyede-2000-2021-yillari-arasinda-3-6-yas-grubu-cocuklar-icin-basilan-cocuk-kitaplarindaki-illustrasyonlarin-analizi\/"},"modified":"2026-04-15T03:37:37","modified_gmt":"2026-04-15T00:37:37","slug":"turkiyede-2000-2021-yillari-arasinda-3-6-yas-grubu-cocuklar-icin-basilan-cocuk-kitaplarindaki-illustrasyonlarin-analizi","status":"publish","type":"product","link":"https:\/\/roveyayinevi.com.tr\/index.php\/urun\/turkiyede-2000-2021-yillari-arasinda-3-6-yas-grubu-cocuklar-icin-basilan-cocuk-kitaplarindaki-illustrasyonlarin-analizi\/","title":{"rendered":"T\u00fcrkiye\u2019de 2000-2021 Y\u0131llar\u0131 Aras\u0131nda 3-6 Ya\u015f Grubu \u00c7ocuklar \u0130\u00e7in Bas\u0131lan \u00c7ocuk Kitaplar\u0131ndaki \u0130ll\u00fcstrasyonlar\u0131n Analizi"},"content":{"rendered":"<p>\u0130ll\u00fcstrasyon; iletilmek istenen bir mesaj\u0131, anlat\u0131lmak istenen konu, olay ya da durumu betimleyerek a\u00e7\u0131klama amac\u0131yla yap\u0131lan resimlemelerdir. \u0130ll\u00fcstrasyonlar, anlat\u0131lmak isteneni kolayca alg\u0131lamaya ve kavramaya fayda sa\u011flayan insanlar\u0131n ya\u015famlar\u0131nda kolayl\u0131k sunan k\u00fclt\u00fcrleraras\u0131 ortak bir dili olu\u015fturan \u00f6nemli \u00f6gelerdir. G\u00fcndelik ya\u015fam\u0131n i\u00e7erisinde her alanda ill\u00fcstrasyonlara denk gelmek m\u00fcmk\u00fcnd\u00fcr. Bu alanlardan birisi de \u00e7ocuk kitaplar\u0131d\u0131r. \u00c7ocuk kitaplar\u0131ndaki ill\u00fcstrasyonlarda, \u00e7ocuklar i\u00e7in yol g\u00f6sterici temel unsurlard\u0131r. \u00d6zellikle 3-6 ya\u015f grubu gibi hen\u00fcz okuma-yazma bilmeyen \u00e7ocuklar i\u00e7in de ill\u00fcstrasyonlar olduk\u00e7a fayda sa\u011flamaktad\u0131r. \u00c7al\u0131\u015fman\u0131n amac\u0131 3-6 ya\u015f grubu \u00e7ocuk kitaplar\u0131 ile ilgili olarak; i\u00e7eri\u011finin nas\u0131l olmas\u0131 gerekti\u011fi, kitap se\u00e7imi yap\u0131l\u0131rken nelere dikkat edilmesi gerekti\u011fi, ill\u00fcstrasyonlar\u0131n\u0131n nas\u0131l olmas\u0131 gerekti\u011fi ve bu kitaplardaki ill\u00fcstrasyonlar\u0131n, hedef kitlenin ya\u015f\u0131na uygun bir bi\u00e7imde yap\u0131l\u0131p yap\u0131lmad\u0131\u011f\u0131 sorular\u0131na cevap bulmakt\u0131r. \u00c7al\u0131\u015fman\u0131n kapsam\u0131nda \u00f6ncelikle literat\u00fcr taramas\u0131 yap\u0131lm\u0131\u015f olup, ill\u00fcstrasyonlar\u0131 analiz edilecek olan kitaplar belirlenmi\u015ftir. Bu ara\u015ft\u0131rma i\u00e7in, 3-6 ya\u015f grubu \u00e7ocuk kitaplar\u0131 ile ilgilenen ki\u015filerin g\u00f6r\u00fc\u015flerinden de yararlanma amac\u0131yla bu ya\u015f grubu \u00e7ocuk sahibi olan ebeveynler, anaokulu \u00f6\u011fretmenleri, ill\u00fcstrat\u00f6rler ve pedagoglar ile derinlemesine g\u00f6r\u00fc\u015fmeler yap\u0131lm\u0131\u015ft\u0131r. Yap\u0131lan ara\u015ft\u0131rmalar ve derinlemesine g\u00f6r\u00fc\u015fmeler sonucunda belirlenmi\u015f olan 3-6 ya\u015f grubu \u00e7ocuk kitaplar\u0131ndaki ill\u00fcstrasyonlar analiz edilerek sonu\u00e7 olu\u015fturulmu\u015ftur. <\/p>\n","protected":false},"excerpt":{"rendered":"<p>\u0130ll\u00fcstrasyon; iletilmek istenen bir mesaj\u0131, anlat\u0131lmak istenen konu, olay ya da durumu betimleyerek a\u00e7\u0131klama amac\u0131yla yap\u0131lan resimlemelerdir. \u0130ll\u00fcstrasyonlar, anlat\u0131lmak isteneni kolayca alg\u0131lamaya ve kavramaya fayda sa\u011flayan<span class=\"excerpt-hellip\"> [\u2026]<\/span><\/p>\n","protected":false},"featured_media":0,"template":"","meta":{"_monsterinsights_skip_tracking":false,"_monsterinsights_sitenote_active":false,"_monsterinsights_sitenote_note":"","_monsterinsights_sitenote_category":0},"product_brand":[],"product_cat":[12408],"product_tag":[],"class_list":{"0":"post-771097","1":"product","2":"type-product","3":"status-publish","5":"product_cat-sanat","6":"pa_cilt-ciltsiz","7":"pa_tur-kitap","8":"pa_yayinevi-astana-yayinlari","9":"pa_yazar-sena-durdagi","11":"first","12":"instock","13":"sale","14":"shipping-taxable","15":"purchasable","16":"product-type-simple"},"_links":{"self":[{"href":"https:\/\/roveyayinevi.com.tr\/index.php\/wp-json\/wp\/v2\/product\/771097","targetHints":{"allow":["GET"]}}],"collection":[{"href":"https:\/\/roveyayinevi.com.tr\/index.php\/wp-json\/wp\/v2\/product"}],"about":[{"href":"https:\/\/roveyayinevi.com.tr\/index.php\/wp-json\/wp\/v2\/types\/product"}],"wp:attachment":[{"href":"https:\/\/roveyayinevi.com.tr\/index.php\/wp-json\/wp\/v2\/media?parent=771097"}],"wp:term":[{"taxonomy":"product_brand","embeddable":true,"href":"https:\/\/roveyayinevi.com.tr\/index.php\/wp-json\/wp\/v2\/product_brand?post=771097"},{"taxonomy":"product_cat","embeddable":true,"href":"https:\/\/roveyayinevi.com.tr\/index.php\/wp-json\/wp\/v2\/product_cat?post=771097"},{"taxonomy":"product_tag","embeddable":true,"href":"https:\/\/roveyayinevi.com.tr\/index.php\/wp-json\/wp\/v2\/product_tag?post=771097"}],"curies":[{"name":"wp","href":"https:\/\/api.w.org\/{rel}","templated":true}]}}