{"id":771094,"date":"2025-08-28T14:53:46","date_gmt":"2025-08-28T11:53:46","guid":{"rendered":"https:\/\/roveyayinevi.com.tr\/index.php\/urun\/relife-1\/"},"modified":"2026-04-15T03:37:36","modified_gmt":"2026-04-15T00:37:36","slug":"relife-1","status":"publish","type":"product","link":"https:\/\/roveyayinevi.com.tr\/index.php\/urun\/relife-1\/","title":{"rendered":"ReLife &#8211; 1"},"content":{"rendered":"<p>Arata Kaizaki, yirmi yedi ya\u015f\u0131nda ve i\u015fsiz bir adam. Liseden sonra \u00fcniversiteye girebilmek i\u00e7in fazladan iki sene harcayan Arata, mezun olduktan sonra girdi\u011fi i\u015ften \u00fc\u00e7 ay i\u00e7inde \u00e7\u0131k\u0131yor ve bir yandan i\u015f g\u00f6r\u00fc\u015fmelerinden olumsuz sonu\u00e7larla ayr\u0131l\u0131rken di\u011fer yandan hem i\u015fsizli\u011fini \u00e7evresinden saklamaya \u00e7al\u0131\u015f\u0131yor hem de sevgilisinin bile olmamas\u0131na dertleniyor. Bir g\u00fcn aniden kar\u015f\u0131s\u0131na \u00e7\u0131kan Ryou Yoake isimli bir adam, \u00e7al\u0131\u015ft\u0131\u011f\u0131 firman\u0131n yapt\u0131\u011f\u0131 deneyden bahsediyor ve ona bir kaps\u00fcl veriyor. Deneye dahil oldu\u011fu s\u00fcrece b\u00fct\u00fcn masraflar\u0131n\u0131n kar\u015f\u0131lanaca\u011f\u0131n\u0131 s\u00f6yl\u00fcyor. En ba\u015fta kaps\u00fcl\u00fc i\u00e7meyi reddeden Arata, k\u00f6t\u00fc ge\u00e7irdi\u011fi gecenin ard\u0131ndan sabah aynaya bakt\u0131\u011f\u0131nda\u2026 kendini yeniden lise \u00e7a\u011flar\u0131nda buluyor!<\/p>\n","protected":false},"excerpt":{"rendered":"<p>Arata Kaizaki, yirmi yedi ya\u015f\u0131nda ve i\u015fsiz bir adam. Liseden sonra \u00fcniversiteye girebilmek i\u00e7in fazladan iki sene harcayan Arata, mezun olduktan sonra girdi\u011fi i\u015ften \u00fc\u00e7 ay<span class=\"excerpt-hellip\"> [\u2026]<\/span><\/p>\n","protected":false},"featured_media":0,"template":"","meta":{"_monsterinsights_skip_tracking":false,"_monsterinsights_sitenote_active":false,"_monsterinsights_sitenote_note":"","_monsterinsights_sitenote_category":0},"product_brand":[],"product_cat":[12416,12291],"product_tag":[],"class_list":{"0":"post-771094","1":"product","2":"type-product","3":"status-publish","5":"product_cat-cizgi-roman","6":"product_cat-edebiyat","7":"pa_cilt-ciltsiz","8":"pa_tur-kitap","9":"pa_yayinevi-kayip-kita-yayinlari","10":"pa_yazar-yayoiso","12":"first","13":"instock","14":"sale","15":"shipping-taxable","16":"purchasable","17":"product-type-simple"},"_links":{"self":[{"href":"https:\/\/roveyayinevi.com.tr\/index.php\/wp-json\/wp\/v2\/product\/771094","targetHints":{"allow":["GET"]}}],"collection":[{"href":"https:\/\/roveyayinevi.com.tr\/index.php\/wp-json\/wp\/v2\/product"}],"about":[{"href":"https:\/\/roveyayinevi.com.tr\/index.php\/wp-json\/wp\/v2\/types\/product"}],"wp:attachment":[{"href":"https:\/\/roveyayinevi.com.tr\/index.php\/wp-json\/wp\/v2\/media?parent=771094"}],"wp:term":[{"taxonomy":"product_brand","embeddable":true,"href":"https:\/\/roveyayinevi.com.tr\/index.php\/wp-json\/wp\/v2\/product_brand?post=771094"},{"taxonomy":"product_cat","embeddable":true,"href":"https:\/\/roveyayinevi.com.tr\/index.php\/wp-json\/wp\/v2\/product_cat?post=771094"},{"taxonomy":"product_tag","embeddable":true,"href":"https:\/\/roveyayinevi.com.tr\/index.php\/wp-json\/wp\/v2\/product_tag?post=771094"}],"curies":[{"name":"wp","href":"https:\/\/api.w.org\/{rel}","templated":true}]}}