{"id":771091,"date":"2025-08-28T14:53:42","date_gmt":"2025-08-28T11:53:42","guid":{"rendered":"https:\/\/roveyayinevi.com.tr\/index.php\/urun\/komplolar-ve-komplo-teorileri-bu-isin-icinde-bir-is-var\/"},"modified":"2026-04-15T03:37:36","modified_gmt":"2026-04-15T00:37:36","slug":"komplolar-ve-komplo-teorileri-bu-isin-icinde-bir-is-var","status":"publish","type":"product","link":"https:\/\/roveyayinevi.com.tr\/index.php\/urun\/komplolar-ve-komplo-teorileri-bu-isin-icinde-bir-is-var\/","title":{"rendered":"Komplolar ve Komplo Teorileri &#8211; Bu \u0130\u015fin \u0130\u00e7inde Bir \u0130\u015f Var"},"content":{"rendered":"<p>Hi\u00e7bir \u015feyin tesad\u00fcf olmad\u0131\u011f\u0131na, her olay\u0131n bir plan\u0131n par\u00e7as\u0131 oldu\u011funa inanmak insanlara neden bu kadar cazip geliyor? Tan\u0131nm\u0131\u015f ku\u015fkucu ve psikolog Michael Shermer, bu \u00e7arp\u0131c\u0131 kitab\u0131nda insan zihninin rastlant\u0131lara tahamm\u00fcls\u00fczl\u00fc\u011f\u00fcn\u00fc, belirsizlik anlar\u0131nda kontrol duygusunu yeniden kazanma \u00e7abas\u0131n\u0131, kal\u0131plarla d\u00fc\u015f\u00fcnme al\u0131\u015fkanl\u0131\u011f\u0131n\u0131 ve son kertede karmakar\u0131\u015f\u0131k bir d\u00fcnyada yal\u0131n ama doyurucu anlamlar aray\u0131\u015f\u0131n\u0131 mercek alt\u0131na al\u0131yor. UFO\u2019lar, QAnon, Derin Devlet, D\u00fcz D\u00fcnya, Pizzagate,  s\u00fcr\u00fcngenimsi uzayl\u0131lar, Ay\u2019a ayak bas\u0131lmad\u0131\u011f\u0131 iddias\u0131, COVID-19\u2019un kayna\u011f\u0131, 2020 ABD se\u00e7imlerine hile kar\u0131\u015ft\u0131r\u0131ld\u0131\u011f\u0131 iddias\u0131 gibi halk aras\u0131nda son derece yayg\u0131n komplo teorileri \u00fczerinden insan zihninin i\u015fleyi\u015fini ve zaaflar\u0131n\u0131 g\u00f6zler \u00f6n\u00fcne seriyor. Bu kadarla da kalm\u0131yor, bir zamanlar \u201cdeli sa\u00e7mas\u0131\u201d san\u0131l\u0131p sonradan ger\u00e7ek oldu\u011fu ortaya \u00e7\u0131kan komplolar\u0131 da cesurca masaya yat\u0131r\u0131yor: Watergate skandal\u0131, MK-Ultra deneyleri, CIA\u2019in gizli operasyonlar\u0131, JFK suikast\u0131, Tuskegee deneyleri, \u00f6jeni programlar\u0131, Iran-Kontra skandal\u0131, 11 Eyl\u00fcl ve belki de d\u00fcnya tarihinin g\u00f6rd\u00fc\u011f\u00fc en kanl\u0131 sonu\u00e7lanan komplo olup Birinci D\u00fcnya Sava\u015f\u0131\u2019n\u0131n ba\u015flamas\u0131na neden olan Franz Ferdinand\u2019\u0131n \u00f6ld\u00fcr\u00fclmesi vakas\u0131n\u0131 da ayr\u0131nt\u0131lar\u0131yla ele alarak ger\u00e7ekle kurgu aras\u0131ndaki \u00e7izgiyi netle\u015ftiriyor ve soruyor: Bunca komplonun ger\u00e7ek \u00e7\u0131kt\u0131\u011f\u0131, ger\u00e7ek ile kurgu aras\u0131ndaki s\u0131n\u0131r\u0131n neredeyse tamamen silindi\u011fi bir d\u00fcnyada komplo teorileriyle d\u00fc\u015f\u00fcnmek bili\u015fsel bir zaaf de\u011fil de meziyet olabilir mi? Unutmay\u0131n, baz\u0131 insanlar her \u015feyin ard\u0131nda gizli bir el ararlar. Ve bazen o el ger\u00e7ekten de oradad\u0131r.<\/p>\n","protected":false},"excerpt":{"rendered":"<p>Hi\u00e7bir \u015feyin tesad\u00fcf olmad\u0131\u011f\u0131na, her olay\u0131n bir plan\u0131n par\u00e7as\u0131 oldu\u011funa inanmak insanlara neden bu kadar cazip geliyor? Tan\u0131nm\u0131\u015f ku\u015fkucu ve psikolog Michael Shermer, bu \u00e7arp\u0131c\u0131 kitab\u0131nda<span class=\"excerpt-hellip\"> [\u2026]<\/span><\/p>\n","protected":false},"featured_media":0,"template":"","meta":{"_monsterinsights_skip_tracking":false,"_monsterinsights_sitenote_active":false,"_monsterinsights_sitenote_note":"","_monsterinsights_sitenote_category":0},"product_brand":[],"product_cat":[13005],"product_tag":[],"class_list":{"0":"post-771091","1":"product","2":"type-product","3":"status-publish","5":"product_cat-bilim-muhendislik","6":"pa_cilt-ciltsiz","7":"pa_tur-kitap","8":"pa_yayinevi-fol-kitap","9":"pa_yazar-michael-shermer","11":"first","12":"instock","13":"sale","14":"shipping-taxable","15":"purchasable","16":"product-type-simple"},"_links":{"self":[{"href":"https:\/\/roveyayinevi.com.tr\/index.php\/wp-json\/wp\/v2\/product\/771091","targetHints":{"allow":["GET"]}}],"collection":[{"href":"https:\/\/roveyayinevi.com.tr\/index.php\/wp-json\/wp\/v2\/product"}],"about":[{"href":"https:\/\/roveyayinevi.com.tr\/index.php\/wp-json\/wp\/v2\/types\/product"}],"wp:attachment":[{"href":"https:\/\/roveyayinevi.com.tr\/index.php\/wp-json\/wp\/v2\/media?parent=771091"}],"wp:term":[{"taxonomy":"product_brand","embeddable":true,"href":"https:\/\/roveyayinevi.com.tr\/index.php\/wp-json\/wp\/v2\/product_brand?post=771091"},{"taxonomy":"product_cat","embeddable":true,"href":"https:\/\/roveyayinevi.com.tr\/index.php\/wp-json\/wp\/v2\/product_cat?post=771091"},{"taxonomy":"product_tag","embeddable":true,"href":"https:\/\/roveyayinevi.com.tr\/index.php\/wp-json\/wp\/v2\/product_tag?post=771091"}],"curies":[{"name":"wp","href":"https:\/\/api.w.org\/{rel}","templated":true}]}}