{"id":771090,"date":"2025-08-28T14:53:41","date_gmt":"2025-08-28T11:53:41","guid":{"rendered":"https:\/\/roveyayinevi.com.tr\/index.php\/urun\/hukukun-unsurlari\/"},"modified":"2026-04-15T03:37:36","modified_gmt":"2026-04-15T00:37:36","slug":"hukukun-unsurlari","status":"publish","type":"product","link":"https:\/\/roveyayinevi.com.tr\/index.php\/urun\/hukukun-unsurlari\/","title":{"rendered":"Hukukun Unsurlar\u0131"},"content":{"rendered":"<p>\u00dcnl\u00fc \u0130ngiliz filozof Thomas Hobbes\u2019un erken d\u00f6nem ba\u015fyap\u0131t\u0131 olan Hukukun Unsurlar\u0131, modern siyaset felsefesinin \u00f6nc\u00fclerinden birinin d\u00fc\u015f\u00fcnce d\u00fcnyas\u0131na a\u00e7\u0131lan etkileyici bir kap\u0131 g\u00f6revini g\u00f6rmeye bug\u00fcn de devam ediyor. Felsefi titizlikle kaleme al\u0131nm\u0131\u015f bu eser, bir yandan insan do\u011fas\u0131n\u0131n tutkular\u0131n\u0131, arzular\u0131n\u0131 ve akl\u0131n y\u00f6nlendirici g\u00fcc\u00fcn\u00fc irdelerken, di\u011fer yandan bireyden topluma, karga\u015fadan d\u00fczene uzanan bir d\u00fcnyan\u0131n zihinsel haritas\u0131n\u0131 sunuyor. Hobbes, do\u011fa durumunun ac\u0131mas\u0131z ger\u00e7ekli\u011fini ve buradan do\u011fan siyasal otorite ihtiyac\u0131n\u0131 nesnel ve \u00e7arp\u0131c\u0131 bir \u00fcslupla ele al\u0131yor ve s\u00f6zle\u015fme kuram\u0131n\u0131n temel ta\u015flar\u0131n\u0131 ilk kez bu metinde d\u00f6\u015ferken, okurlar\u0131n\u0131 yerle\u015fik d\u00fczenin kayna\u011f\u0131 ve me\u015fruiyeti \u00fczerine d\u00fc\u015f\u00fcnmeye de \u00e7a\u011f\u0131r\u0131yor. Her sat\u0131r\u0131yla okuru toplumun, adaletin ve siyasetin temelleri ve gelece\u011fi \u00fczerinde d\u00fc\u015f\u00fcnmeye sevk eden bu klasik, \u00e7a\u011fda\u015f siyaset biliminin ve etik d\u00fc\u015f\u00fcncenin \u00f6nc\u00fc metinlerinden biri olma \u00f6zelli\u011fini koruyor. <\/p>\n","protected":false},"excerpt":{"rendered":"<p>\u00dcnl\u00fc \u0130ngiliz filozof Thomas Hobbes\u2019un erken d\u00f6nem ba\u015fyap\u0131t\u0131 olan Hukukun Unsurlar\u0131, modern siyaset felsefesinin \u00f6nc\u00fclerinden birinin d\u00fc\u015f\u00fcnce d\u00fcnyas\u0131na a\u00e7\u0131lan etkileyici bir kap\u0131 g\u00f6revini g\u00f6rmeye bug\u00fcn de<span class=\"excerpt-hellip\"> [\u2026]<\/span><\/p>\n","protected":false},"featured_media":0,"template":"","meta":{"_monsterinsights_skip_tracking":false,"_monsterinsights_sitenote_active":false,"_monsterinsights_sitenote_note":"","_monsterinsights_sitenote_category":0},"product_brand":[],"product_cat":[15350],"product_tag":[],"class_list":{"0":"post-771090","1":"product","2":"type-product","3":"status-publish","5":"product_cat-hukuk","6":"pa_cilt-ciltsiz","7":"pa_tur-kitap","8":"pa_yayinevi-fol-kitap","9":"pa_yazar-thomas-hobbes","11":"first","12":"instock","13":"sale","14":"shipping-taxable","15":"purchasable","16":"product-type-simple"},"_links":{"self":[{"href":"https:\/\/roveyayinevi.com.tr\/index.php\/wp-json\/wp\/v2\/product\/771090","targetHints":{"allow":["GET"]}}],"collection":[{"href":"https:\/\/roveyayinevi.com.tr\/index.php\/wp-json\/wp\/v2\/product"}],"about":[{"href":"https:\/\/roveyayinevi.com.tr\/index.php\/wp-json\/wp\/v2\/types\/product"}],"wp:attachment":[{"href":"https:\/\/roveyayinevi.com.tr\/index.php\/wp-json\/wp\/v2\/media?parent=771090"}],"wp:term":[{"taxonomy":"product_brand","embeddable":true,"href":"https:\/\/roveyayinevi.com.tr\/index.php\/wp-json\/wp\/v2\/product_brand?post=771090"},{"taxonomy":"product_cat","embeddable":true,"href":"https:\/\/roveyayinevi.com.tr\/index.php\/wp-json\/wp\/v2\/product_cat?post=771090"},{"taxonomy":"product_tag","embeddable":true,"href":"https:\/\/roveyayinevi.com.tr\/index.php\/wp-json\/wp\/v2\/product_tag?post=771090"}],"curies":[{"name":"wp","href":"https:\/\/api.w.org\/{rel}","templated":true}]}}