{"id":771089,"date":"2025-08-28T14:53:39","date_gmt":"2025-08-28T11:53:39","guid":{"rendered":"https:\/\/roveyayinevi.com.tr\/index.php\/urun\/fahiseligin-tarihi-antikcagda-ve-ortacagda\/"},"modified":"2026-04-15T03:37:36","modified_gmt":"2026-04-15T00:37:36","slug":"fahiseligin-tarihi-antikcagda-ve-ortacagda","status":"publish","type":"product","link":"https:\/\/roveyayinevi.com.tr\/index.php\/urun\/fahiseligin-tarihi-antikcagda-ve-ortacagda\/","title":{"rendered":"Fahi\u015feli\u011fin Tarihi &#8211; Antik\u00e7a\u011fda ve Orta\u00e7a\u011fda"},"content":{"rendered":"<p>Fahi\u015felik ya da fuhu\u015f, insanl\u0131k tarihi boyunca var olmu\u015f, \u00e7o\u011fu zaman ahlaki damgalamaya maruz kalm\u0131\u015f ama bir o kadar da toplumsal d\u00fczenin ayr\u0131lmaz bir par\u00e7as\u0131 olmu\u015f bir olgu. Hatta bir\u00e7oklar\u0131na g\u00f6re \u201ctarihin en eski mesleklerinden\u201d biri. 20. y\u00fczy\u0131l\u0131n ba\u015flar\u0131nda bilgiyi halka ula\u015ft\u0131rma idealini benimseyen radikal ayd\u0131n ve yazar Leo Markun\u2019un kaleme ald\u0131\u011f\u0131 bu k\u0131sa ama yo\u011fun ve \u00f6nemli eser, fahi\u015feli\u011fin tarihte ge\u00e7irdi\u011fi d\u00f6n\u00fc\u015f\u00fcmleri g\u00f6zler \u00f6n\u00fcne sermeyi ama\u00e7l\u0131yor. Mezopotamya\u2019da tanr\u0131\u00e7alar ad\u0131na hizmet eden kutsal fahi\u015felerden ba\u015flayarak, Antik Yunan\u2019da hem k\u00fclt\u00fcrel hem de entelekt\u00fcel ya\u015fam\u0131n par\u00e7as\u0131 olan hetairalar\u0131, Roma \u0130mparatorlu\u011fu\u2019nun yasalarla d\u00fczenlenmi\u015f karma\u015f\u0131k ve \u015fa\u015f\u0131rt\u0131c\u0131 genelev sistemini, erkek fahi\u015feleri, ev hayat\u0131n\u0131, ikili ili\u015fkileri ve nihayetinde Orta\u00e7a\u011f Avrupas\u0131\u2019n\u0131n bask\u0131c\u0131 ahlak rejimleri alt\u0131nda var olmaya \u00e7al\u0131\u015fan kad\u0131nlar\u0131 anlat\u0131yor. Her d\u00f6nemin kendi ko\u015fullar\u0131 i\u00e7inde fuh\u015fa y\u00fckledi\u011fi anlamlar\u0131 ortaya koyarken, bu mesle\u011fin tarih boyunca nas\u0131l denetlenmeye, bast\u0131r\u0131lmaya ya da devlet eliyle d\u00fczenlenmeye ve kullan\u0131lmaya \u00e7al\u0131\u015f\u0131ld\u0131\u011f\u0131n\u0131 da analiz ediyor. Kad\u0131n bedeni \u00fczerinde kurulan kontrol mekanizmalar\u0131n\u0131, dinin ve devletin bu konudaki rollerini, s\u0131n\u0131f farkl\u0131l\u0131klar\u0131n\u0131 ve kad\u0131nlar\u0131n ya\u015fam m\u00fccadelelerini yal\u0131n ama etkileyici bir dille aktararak sadece bir tarih anlat\u0131s\u0131 de\u011fil, ayn\u0131 zamanda toplumsal ahlak, iktidar ve cinsellik \u00fczerine d\u00fc\u015f\u00fcnd\u00fcr\u00fcc\u00fc bir okuma deneyimi de sunuyor.<\/p>\n","protected":false},"excerpt":{"rendered":"<p>Fahi\u015felik ya da fuhu\u015f, insanl\u0131k tarihi boyunca var olmu\u015f, \u00e7o\u011fu zaman ahlaki damgalamaya maruz kalm\u0131\u015f ama bir o kadar da toplumsal d\u00fczenin ayr\u0131lmaz bir par\u00e7as\u0131 olmu\u015f<span class=\"excerpt-hellip\"> [\u2026]<\/span><\/p>\n","protected":false},"featured_media":0,"template":"","meta":{"_monsterinsights_skip_tracking":false,"_monsterinsights_sitenote_active":false,"_monsterinsights_sitenote_note":"","_monsterinsights_sitenote_category":0},"product_brand":[],"product_cat":[12304],"product_tag":[],"class_list":{"0":"post-771089","1":"product","2":"type-product","3":"status-publish","5":"product_cat-tarih","6":"pa_cilt-ciltsiz","7":"pa_tur-kitap","8":"pa_yayinevi-fol-kitap","9":"pa_yazar-leo-markun","11":"first","12":"instock","13":"sale","14":"shipping-taxable","15":"purchasable","16":"product-type-simple"},"_links":{"self":[{"href":"https:\/\/roveyayinevi.com.tr\/index.php\/wp-json\/wp\/v2\/product\/771089","targetHints":{"allow":["GET"]}}],"collection":[{"href":"https:\/\/roveyayinevi.com.tr\/index.php\/wp-json\/wp\/v2\/product"}],"about":[{"href":"https:\/\/roveyayinevi.com.tr\/index.php\/wp-json\/wp\/v2\/types\/product"}],"wp:attachment":[{"href":"https:\/\/roveyayinevi.com.tr\/index.php\/wp-json\/wp\/v2\/media?parent=771089"}],"wp:term":[{"taxonomy":"product_brand","embeddable":true,"href":"https:\/\/roveyayinevi.com.tr\/index.php\/wp-json\/wp\/v2\/product_brand?post=771089"},{"taxonomy":"product_cat","embeddable":true,"href":"https:\/\/roveyayinevi.com.tr\/index.php\/wp-json\/wp\/v2\/product_cat?post=771089"},{"taxonomy":"product_tag","embeddable":true,"href":"https:\/\/roveyayinevi.com.tr\/index.php\/wp-json\/wp\/v2\/product_tag?post=771089"}],"curies":[{"name":"wp","href":"https:\/\/api.w.org\/{rel}","templated":true}]}}