{"id":771088,"date":"2025-08-28T14:53:38","date_gmt":"2025-08-28T11:53:38","guid":{"rendered":"https:\/\/roveyayinevi.com.tr\/index.php\/urun\/daglar-bizimdir\/"},"modified":"2026-04-15T03:37:36","modified_gmt":"2026-04-15T00:37:36","slug":"daglar-bizimdir","status":"publish","type":"product","link":"https:\/\/roveyayinevi.com.tr\/index.php\/urun\/daglar-bizimdir\/","title":{"rendered":"Da\u011flar Bizimdir"},"content":{"rendered":"<p>\u201cOsmanl\u0131 \u00e7al\u0131\u015fmalar\u0131n\u0131 yeni bir d\u00fczeye ta\u015f\u0131yan \u00e7\u0131\u011f\u0131r a\u00e7\u0131c\u0131 bir kitap. Chris Gratien\u2019in \u00c7ukurova b\u00f6lgesinin nas\u0131l isk\u00e2n edildi\u011fine dair canl\u0131 anlat\u0131m\u0131, devlet, kapitalizm ve \u00e7evresel etmenlerle ilgili b\u00fcy\u00fck sorular\u0131 ele al\u0131rken, sonu\u00e7lar\u0131n ceremesini \u00e7eken bireyleri de g\u00f6zden ka\u00e7\u0131rm\u0131yor.\u201d Re\u015fat Kasaba, Bir Konarg\u00f6\u00e7er \u0130mparatorluk: Osmanl\u0131da G\u00f6\u00e7ebeler G\u00f6\u00e7menler ve S\u0131\u011f\u0131nmac\u0131lar kitab\u0131n\u0131n yazar\u0131 Bu kitap, tarihin b\u00fcy\u00fck anlat\u0131lar\u0131nda sessiz kalan bir co\u011frafyan\u0131n sesini duyuruyor. \u00c7ukurova&#8217;n\u0131n bereketli topraklar\u0131, yaln\u0131zca pamuk tarlar\u0131yla de\u011fil; s\u00fcrg\u00fcn yollar\u0131ndan ge\u00e7mi\u015f bedenler, yeni bir ba\u015flang\u0131\u00e7 umuduyla dolup ta\u015fan k\u00f6yler ve m\u00fccadeleyle \u015fekillenen g\u00fcndelik hayatlarla da \u00f6r\u00fcl\u00fcd\u00fcr. Chris Gratien, 19. y\u00fczy\u0131l\u0131n sonundan Cumhuriyet\u2019in erken d\u00f6nemine uzanan bu \u00e7alkant\u0131l\u0131 zaman diliminde, g\u00f6\u00e7, isk\u00e2n ve hayatta kalma pratikleri \u00fczerinden k\u0131rsal \u00e7evrenin nas\u0131l d\u00f6n\u00fc\u015ft\u00fc\u011f\u00fcn\u00fc titizlikle inceliyor. Sadece bir b\u00f6lgenin de\u011fil, ayn\u0131 zamanda bir d\u00f6nemin ruhunu yakalayan bu \u00e7al\u0131\u015fma; m\u00fcltecilerin, tehcire u\u011frayanlar\u0131n, mevsimlik i\u015f\u00e7ilerin ve g\u00f6\u00e7ebelerin hik\u00e2yeleri arac\u0131l\u0131\u011f\u0131yla, modern devletin ve kapitalist ekonomilerin k\u0131rsal ya\u015fama etkisini g\u00f6zler \u00f6n\u00fcne seriyor. Osmanl\u0131ca ve Ermenice ar\u015fiv belgelerinden faydalanarak Osmanl\u0131\u2019n\u0131n son y\u00fczy\u0131l\u0131nda s\u0131radan insanlar\u0131n do\u011fayla, hastal\u0131kla, emekle ve bo\u015f zamanla kurdu\u011fu ili\u015fki; hem tarihe hem bug\u00fcne ayna tutuyor.<\/p>\n","protected":false},"excerpt":{"rendered":"<p>\u201cOsmanl\u0131 \u00e7al\u0131\u015fmalar\u0131n\u0131 yeni bir d\u00fczeye ta\u015f\u0131yan \u00e7\u0131\u011f\u0131r a\u00e7\u0131c\u0131 bir kitap. Chris Gratien\u2019in \u00c7ukurova b\u00f6lgesinin nas\u0131l isk\u00e2n edildi\u011fine dair canl\u0131 anlat\u0131m\u0131, devlet, kapitalizm ve \u00e7evresel etmenlerle ilgili<span class=\"excerpt-hellip\"> [\u2026]<\/span><\/p>\n","protected":false},"featured_media":0,"template":"","meta":{"_monsterinsights_skip_tracking":false,"_monsterinsights_sitenote_active":false,"_monsterinsights_sitenote_note":"","_monsterinsights_sitenote_category":0},"product_brand":[],"product_cat":[12304],"product_tag":[],"class_list":{"0":"post-771088","1":"product","2":"type-product","3":"status-publish","5":"product_cat-tarih","6":"pa_cilt-ciltsiz","7":"pa_tur-kitap","8":"pa_yayinevi-fol-kitap","9":"pa_yazar-chris-gratien","11":"first","12":"instock","13":"sale","14":"shipping-taxable","15":"purchasable","16":"product-type-simple"},"_links":{"self":[{"href":"https:\/\/roveyayinevi.com.tr\/index.php\/wp-json\/wp\/v2\/product\/771088","targetHints":{"allow":["GET"]}}],"collection":[{"href":"https:\/\/roveyayinevi.com.tr\/index.php\/wp-json\/wp\/v2\/product"}],"about":[{"href":"https:\/\/roveyayinevi.com.tr\/index.php\/wp-json\/wp\/v2\/types\/product"}],"wp:attachment":[{"href":"https:\/\/roveyayinevi.com.tr\/index.php\/wp-json\/wp\/v2\/media?parent=771088"}],"wp:term":[{"taxonomy":"product_brand","embeddable":true,"href":"https:\/\/roveyayinevi.com.tr\/index.php\/wp-json\/wp\/v2\/product_brand?post=771088"},{"taxonomy":"product_cat","embeddable":true,"href":"https:\/\/roveyayinevi.com.tr\/index.php\/wp-json\/wp\/v2\/product_cat?post=771088"},{"taxonomy":"product_tag","embeddable":true,"href":"https:\/\/roveyayinevi.com.tr\/index.php\/wp-json\/wp\/v2\/product_tag?post=771088"}],"curies":[{"name":"wp","href":"https:\/\/api.w.org\/{rel}","templated":true}]}}