{"id":771081,"date":"2025-08-28T14:53:22","date_gmt":"2025-08-28T11:53:22","guid":{"rendered":"https:\/\/roveyayinevi.com.tr\/index.php\/urun\/efendi\/"},"modified":"2026-04-13T03:33:39","modified_gmt":"2026-04-13T00:33:39","slug":"efendi","status":"publish","type":"product","link":"https:\/\/roveyayinevi.com.tr\/index.php\/urun\/efendi\/","title":{"rendered":"Efendi"},"content":{"rendered":"<p>Mete Z., pop\u00fcler olmasa da mizah camias\u0131nda kendine yer edinebilmi\u015f, i\u00e7ine kapan\u0131k, \u00e7evresi taraf\u0131ndan \u201cEfendi \u00c7ocuk\u201d diye tabir edilen bir karikat\u00fcristtir. Bir yandan sadece \u00e7izerek ayakta kalmaya \u00e7al\u0131\u015f\u0131rken, bir yanda da toplumda varolu\u015f m\u00fccadelesi vermektedir. Kat\u0131ld\u0131\u011f\u0131 bir do\u011fum g\u00fcn\u00fc partisinde tan\u0131\u015ft\u0131\u011f\u0131 Seyran\u2019a g\u00f6r\u00fcr g\u00f6rmez \u00e2\u015f\u0131k olur. Fakat bu a\u015fk beraberinde, i\u00e7inden \u00e7\u0131k\u0131lmaz bir olaylar zincirini getirecektir.   Kendi de bir karikat\u00fcrist olan U\u011fur G\u00fcnel\u2019 den otobiyografik bir bak\u0131\u015fla yaz\u0131lm\u0131\u015f, kendi ya\u015fam\u0131yla da paralellikler ta\u015f\u0131yan bir roman. Toplumda \u201c\u00f6teki\u201d olarak yer etmi\u015f yazar-\u00e7izer-\u00fcretenler ad\u0131na yaz\u0131lm\u0131\u015f, dramatik, komik, yer yer erotik, fantastik ve mistik bir sistem ele\u015ftirisi.   Sayfalarda kaybolmaya haz\u0131r olun! <\/p>\n","protected":false},"excerpt":{"rendered":"<p>Mete Z., pop\u00fcler olmasa da mizah camias\u0131nda kendine yer edinebilmi\u015f, i\u00e7ine kapan\u0131k, \u00e7evresi taraf\u0131ndan \u201cEfendi \u00c7ocuk\u201d diye tabir edilen bir karikat\u00fcristtir. Bir yandan sadece \u00e7izerek ayakta<span class=\"excerpt-hellip\"> [\u2026]<\/span><\/p>\n","protected":false},"featured_media":0,"template":"","meta":{"_monsterinsights_skip_tracking":false,"_monsterinsights_sitenote_active":false,"_monsterinsights_sitenote_note":"","_monsterinsights_sitenote_category":0},"product_brand":[],"product_cat":[12291,12711],"product_tag":[],"class_list":{"0":"post-771081","1":"product","2":"type-product","3":"status-publish","5":"product_cat-edebiyat","6":"product_cat-roman-oyku","7":"pa_cilt-ciltsiz","8":"pa_tur-kitap","9":"pa_yayinevi-alden-yayinlari","10":"pa_yazar-ugur-gunel","12":"first","13":"instock","14":"sale","15":"shipping-taxable","16":"purchasable","17":"product-type-simple"},"_links":{"self":[{"href":"https:\/\/roveyayinevi.com.tr\/index.php\/wp-json\/wp\/v2\/product\/771081","targetHints":{"allow":["GET"]}}],"collection":[{"href":"https:\/\/roveyayinevi.com.tr\/index.php\/wp-json\/wp\/v2\/product"}],"about":[{"href":"https:\/\/roveyayinevi.com.tr\/index.php\/wp-json\/wp\/v2\/types\/product"}],"wp:attachment":[{"href":"https:\/\/roveyayinevi.com.tr\/index.php\/wp-json\/wp\/v2\/media?parent=771081"}],"wp:term":[{"taxonomy":"product_brand","embeddable":true,"href":"https:\/\/roveyayinevi.com.tr\/index.php\/wp-json\/wp\/v2\/product_brand?post=771081"},{"taxonomy":"product_cat","embeddable":true,"href":"https:\/\/roveyayinevi.com.tr\/index.php\/wp-json\/wp\/v2\/product_cat?post=771081"},{"taxonomy":"product_tag","embeddable":true,"href":"https:\/\/roveyayinevi.com.tr\/index.php\/wp-json\/wp\/v2\/product_tag?post=771081"}],"curies":[{"name":"wp","href":"https:\/\/api.w.org\/{rel}","templated":true}]}}