{"id":771078,"date":"2025-08-28T14:53:16","date_gmt":"2025-08-28T11:53:16","guid":{"rendered":"https:\/\/roveyayinevi.com.tr\/index.php\/urun\/cornelia-ve-orman-makinesi\/"},"modified":"2026-04-15T03:37:36","modified_gmt":"2026-04-15T00:37:36","slug":"cornelia-ve-orman-makinesi","status":"publish","type":"product","link":"https:\/\/roveyayinevi.com.tr\/index.php\/urun\/cornelia-ve-orman-makinesi\/","title":{"rendered":"Cornelia ve Orman Makinesi"},"content":{"rendered":"<p>Cornelia ve ailesi orman\u0131n yak\u0131nlar\u0131nda b\u00fcy\u00fck bir eve ta\u015f\u0131n\u0131rlar. Anne ve babas\u0131 yeni evi yerle\u015ftirirken Cornelia kendini yaln\u0131z hisseder ve ormanda ke\u015ffe \u00e7\u0131kar. Bu ke\u015fif, ona hem yeni bir arkada\u015f kazand\u0131r\u0131r hem de hayal g\u00fcc\u00fcn\u00fcn \u00f6tesinde bir macera sunar. \u00c7\u00fcnk\u00fc arkada\u015f\u0131n\u0131n bir orman makinesi vard\u0131r! Bu hik\u00e2ye, seni harika resimlerle dolu b\u00fcy\u00fcl\u00fc bir d\u00fcnyaya davet ediyor. S\u0131k\u0131 tutun, orman makinesiyle yolculuk ba\u015fl\u0131yor! <\/p>\n","protected":false},"excerpt":{"rendered":"<p>Cornelia ve ailesi orman\u0131n yak\u0131nlar\u0131nda b\u00fcy\u00fck bir eve ta\u015f\u0131n\u0131rlar. Anne ve babas\u0131 yeni evi yerle\u015ftirirken Cornelia kendini yaln\u0131z hisseder ve ormanda ke\u015ffe \u00e7\u0131kar. Bu ke\u015fif, ona<span class=\"excerpt-hellip\"> [\u2026]<\/span><\/p>\n","protected":false},"featured_media":0,"template":"","meta":{"_monsterinsights_skip_tracking":false,"_monsterinsights_sitenote_active":false,"_monsterinsights_sitenote_note":"","_monsterinsights_sitenote_category":0},"product_brand":[],"product_cat":[12274,12284],"product_tag":[],"class_list":{"0":"post-771078","1":"product","2":"type-product","3":"status-publish","5":"product_cat-cocuk-ve-genclik-kitaplari","6":"product_cat-hikayeler","7":"pa_cilt-ciltsiz","8":"pa_tur-kitap","9":"pa_yayinevi-minika","10":"pa_yazar-nora-brech","12":"first","13":"instock","14":"sale","15":"shipping-taxable","16":"purchasable","17":"product-type-simple"},"_links":{"self":[{"href":"https:\/\/roveyayinevi.com.tr\/index.php\/wp-json\/wp\/v2\/product\/771078","targetHints":{"allow":["GET"]}}],"collection":[{"href":"https:\/\/roveyayinevi.com.tr\/index.php\/wp-json\/wp\/v2\/product"}],"about":[{"href":"https:\/\/roveyayinevi.com.tr\/index.php\/wp-json\/wp\/v2\/types\/product"}],"wp:attachment":[{"href":"https:\/\/roveyayinevi.com.tr\/index.php\/wp-json\/wp\/v2\/media?parent=771078"}],"wp:term":[{"taxonomy":"product_brand","embeddable":true,"href":"https:\/\/roveyayinevi.com.tr\/index.php\/wp-json\/wp\/v2\/product_brand?post=771078"},{"taxonomy":"product_cat","embeddable":true,"href":"https:\/\/roveyayinevi.com.tr\/index.php\/wp-json\/wp\/v2\/product_cat?post=771078"},{"taxonomy":"product_tag","embeddable":true,"href":"https:\/\/roveyayinevi.com.tr\/index.php\/wp-json\/wp\/v2\/product_tag?post=771078"}],"curies":[{"name":"wp","href":"https:\/\/api.w.org\/{rel}","templated":true}]}}