{"id":771077,"date":"2025-08-28T14:53:14","date_gmt":"2025-08-28T11:53:14","guid":{"rendered":"https:\/\/roveyayinevi.com.tr\/index.php\/urun\/katip-bartleby-10\/"},"modified":"2026-04-15T03:37:36","modified_gmt":"2026-04-15T00:37:36","slug":"katip-bartleby-10","status":"publish","type":"product","link":"https:\/\/roveyayinevi.com.tr\/index.php\/urun\/katip-bartleby-10\/","title":{"rendered":"Katip Bartleby"},"content":{"rendered":"<p>\u201cKalabal\u0131\u011f\u0131n\u0131 g\u00f6rd\u00fc\u011f\u00fc, bildi\u011fi bir mek\u00e2n\u0131n yaln\u0131zl\u0131\u011f\u0131n\u0131n tek seyircisiydi o&#8230;\u201d   D\u00fcnya edebiyat\u0131n\u0131n k\u00fclt eserlerinden K\u00e2tip Bartleby, bir avukat\u0131n Wall Street\u2019teki hukuk b\u00fcrosuna bir k\u00e2tibi i\u015fe almas\u0131yla ba\u015flar. Bir s\u00fcre sonra \u00e7al\u0131\u015fmay\u0131 ve hatta ya\u015famay\u0131 reddederek h\u00e2kim d\u00fczeni ve en sars\u0131lmaz inan\u00e7lar\u0131 tersy\u00fcz eden Bartleby, d\u00fcnyaya kar\u015f\u0131 tak\u0131nd\u0131\u011f\u0131 al\u0131\u015f\u0131lmad\u0131k tavr\u0131yla avukat\u0131n elini kolunu ba\u011flar.   Bartleby, bireyin sessiz b\u0131rak\u0131ld\u0131\u011f\u0131 ve itaate ko\u015fuldu\u011fu modern d\u00fcnyada \u201cyapmamay\u0131 tercih ederek\u201d ya\u015fayan s\u0131radan bir k\u00e2tibin varolu\u015f n\u00fcshas\u0131d\u0131r. Sorgusuz sualsiz kabullerin kar\u015f\u0131s\u0131na dikilmi\u015f sessiz bir isyan bayra\u011f\u0131d\u0131r. \u00d6zg\u00fcrl\u00fc\u011f\u00fc yeniden tan\u0131mlayan, tu\u011fla duvara bakan bir masan\u0131n ard\u0131nda tarihin ba\u015fka t\u00fcrl\u00fc yaz\u0131ld\u0131\u011f\u0131 bir ba\u015fkald\u0131r\u0131 hik\u00e2yesidir. <\/p>\n","protected":false},"excerpt":{"rendered":"<p>\u201cKalabal\u0131\u011f\u0131n\u0131 g\u00f6rd\u00fc\u011f\u00fc, bildi\u011fi bir mek\u00e2n\u0131n yaln\u0131zl\u0131\u011f\u0131n\u0131n tek seyircisiydi o&#8230;\u201d D\u00fcnya edebiyat\u0131n\u0131n k\u00fclt eserlerinden K\u00e2tip Bartleby, bir avukat\u0131n Wall Street\u2019teki hukuk b\u00fcrosuna bir k\u00e2tibi i\u015fe almas\u0131yla ba\u015flar.<span class=\"excerpt-hellip\"> [\u2026]<\/span><\/p>\n","protected":false},"featured_media":0,"template":"","meta":{"_monsterinsights_skip_tracking":false,"_monsterinsights_sitenote_active":false,"_monsterinsights_sitenote_note":"","_monsterinsights_sitenote_category":0},"product_brand":[],"product_cat":[12291,12711],"product_tag":[],"class_list":{"0":"post-771077","1":"product","2":"type-product","3":"status-publish","5":"product_cat-edebiyat","6":"product_cat-roman-oyku","7":"pa_cilt-ciltsiz","8":"pa_tur-kitap","9":"pa_yayinevi-kolektif-kitap","10":"pa_yazar-herman-melville","12":"first","13":"instock","14":"sale","15":"shipping-taxable","16":"purchasable","17":"product-type-simple"},"_links":{"self":[{"href":"https:\/\/roveyayinevi.com.tr\/index.php\/wp-json\/wp\/v2\/product\/771077","targetHints":{"allow":["GET"]}}],"collection":[{"href":"https:\/\/roveyayinevi.com.tr\/index.php\/wp-json\/wp\/v2\/product"}],"about":[{"href":"https:\/\/roveyayinevi.com.tr\/index.php\/wp-json\/wp\/v2\/types\/product"}],"wp:attachment":[{"href":"https:\/\/roveyayinevi.com.tr\/index.php\/wp-json\/wp\/v2\/media?parent=771077"}],"wp:term":[{"taxonomy":"product_brand","embeddable":true,"href":"https:\/\/roveyayinevi.com.tr\/index.php\/wp-json\/wp\/v2\/product_brand?post=771077"},{"taxonomy":"product_cat","embeddable":true,"href":"https:\/\/roveyayinevi.com.tr\/index.php\/wp-json\/wp\/v2\/product_cat?post=771077"},{"taxonomy":"product_tag","embeddable":true,"href":"https:\/\/roveyayinevi.com.tr\/index.php\/wp-json\/wp\/v2\/product_tag?post=771077"}],"curies":[{"name":"wp","href":"https:\/\/api.w.org\/{rel}","templated":true}]}}