{"id":771076,"date":"2025-08-28T14:53:13","date_gmt":"2025-08-28T11:53:13","guid":{"rendered":"https:\/\/roveyayinevi.com.tr\/index.php\/urun\/robert-nozick-adalet-teorisi-ve-temel-kavramlari\/"},"modified":"2026-04-15T03:37:36","modified_gmt":"2026-04-15T00:37:36","slug":"robert-nozick-adalet-teorisi-ve-temel-kavramlari","status":"publish","type":"product","link":"https:\/\/roveyayinevi.com.tr\/index.php\/urun\/robert-nozick-adalet-teorisi-ve-temel-kavramlari\/","title":{"rendered":"Robert Nozick: Adalet Teorisi ve Temel Kavramlar\u0131"},"content":{"rendered":"<p>Robert Nozick, adalet kavram\u0131n\u0131 siyaset felsefesinin merkez\u00ee ara\u015ft\u0131rma nesnelerinden biri haline getirmi\u015ftir. Elinizdeki bu kitab\u0131n iki temel amac\u0131 bulunmaktad\u0131r. Bunlardan ilki, Nozick\u2019in adalet teorisinin farkl\u0131 unsurlar\u0131 i\u00e7eren boyutunu betimsel olarak a\u00e7\u0131klamakt\u0131r. \u0130kinci ama\u00e7 ise di\u011fer d\u00fc\u015f\u00fcn\u00fcrler taraf\u0131ndan Nozick\u2019in teorisine yap\u0131lan itirazlar \u00e7er\u00e7evesinde Nozick\u2019in  adalet teorisinin eksikliklerine ve tutars\u0131zl\u0131klar\u0131na i\u015faret etmek ve bunlar\u0131 a\u015fmaya \u00e7al\u0131\u015fmakt\u0131r. <\/p>\n","protected":false},"excerpt":{"rendered":"<p>Robert Nozick, adalet kavram\u0131n\u0131 siyaset felsefesinin merkez\u00ee ara\u015ft\u0131rma nesnelerinden biri haline getirmi\u015ftir. Elinizdeki bu kitab\u0131n iki temel amac\u0131 bulunmaktad\u0131r. Bunlardan ilki, Nozick\u2019in adalet teorisinin farkl\u0131 unsurlar\u0131<span class=\"excerpt-hellip\"> [\u2026]<\/span><\/p>\n","protected":false},"featured_media":0,"template":"","meta":{"_monsterinsights_skip_tracking":false,"_monsterinsights_sitenote_active":false,"_monsterinsights_sitenote_note":"","_monsterinsights_sitenote_category":0},"product_brand":[],"product_cat":[12351,12324],"product_tag":[],"class_list":{"0":"post-771076","1":"product","2":"type-product","3":"status-publish","5":"product_cat-siyaset-sosyolojisi","6":"product_cat-sosyoloji","7":"pa_cilt-ciltsiz","8":"pa_tur-kitap","9":"pa_yayinevi-vulgus-yayinlari","10":"pa_yazar-mehmet-kocaoglu","12":"first","13":"instock","14":"sale","15":"shipping-taxable","16":"purchasable","17":"product-type-simple"},"_links":{"self":[{"href":"https:\/\/roveyayinevi.com.tr\/index.php\/wp-json\/wp\/v2\/product\/771076","targetHints":{"allow":["GET"]}}],"collection":[{"href":"https:\/\/roveyayinevi.com.tr\/index.php\/wp-json\/wp\/v2\/product"}],"about":[{"href":"https:\/\/roveyayinevi.com.tr\/index.php\/wp-json\/wp\/v2\/types\/product"}],"wp:attachment":[{"href":"https:\/\/roveyayinevi.com.tr\/index.php\/wp-json\/wp\/v2\/media?parent=771076"}],"wp:term":[{"taxonomy":"product_brand","embeddable":true,"href":"https:\/\/roveyayinevi.com.tr\/index.php\/wp-json\/wp\/v2\/product_brand?post=771076"},{"taxonomy":"product_cat","embeddable":true,"href":"https:\/\/roveyayinevi.com.tr\/index.php\/wp-json\/wp\/v2\/product_cat?post=771076"},{"taxonomy":"product_tag","embeddable":true,"href":"https:\/\/roveyayinevi.com.tr\/index.php\/wp-json\/wp\/v2\/product_tag?post=771076"}],"curies":[{"name":"wp","href":"https:\/\/api.w.org\/{rel}","templated":true}]}}