{"id":771075,"date":"2025-08-28T14:53:11","date_gmt":"2025-08-28T11:53:11","guid":{"rendered":"https:\/\/roveyayinevi.com.tr\/index.php\/urun\/turkiyeye-schmitt-ile-bakmak-1970lerde-dusmanliklar-ve-otekiler\/"},"modified":"2026-04-15T03:37:36","modified_gmt":"2026-04-15T00:37:36","slug":"turkiyeye-schmitt-ile-bakmak-1970lerde-dusmanliklar-ve-otekiler","status":"publish","type":"product","link":"https:\/\/roveyayinevi.com.tr\/index.php\/urun\/turkiyeye-schmitt-ile-bakmak-1970lerde-dusmanliklar-ve-otekiler\/","title":{"rendered":"T\u00fcrkiye\u2019ye Schmitt ile Bakmak: 1970\u2019lerde D\u00fc\u015fmanl\u0131klar ve \u00d6tekiler"},"content":{"rendered":"<p>1970\u2019li y\u0131llar, T\u00fcrkiye siyas\u00ee tarihinde en \u00e7alkant\u0131l\u0131 d\u00f6nemlerden biridir. Bu d\u00f6nemde 12 Mart s\u00fcrecinden \u00e7\u0131k\u0131\u015fla birlikte sivil siyaset, CHP-MSP H\u00fck\u00fbmeti ile tekrar ba\u015flam\u0131\u015ft\u0131r. CHP-MSP h\u00fck\u00fbmeti d\u00f6neminde 1974 Genel Af Kanunu ve K\u0131br\u0131s Bar\u0131\u015f Harek\u00e2t\u0131 gibi \u00f6nemli iki hadise ger\u00e7ekle\u015fmi\u015ftir. 1975\u2019ten itibaren ise Milliyet\u00e7i Cephe iktidarlar\u0131 d\u00f6neminden ba\u015flayarak 12 Eyl\u00fcl darbesi ile sonlanan s\u00fcre\u00e7te \u00f6zellikle a\u015f\u0131r\u0131 politizasyon ve ideolojik kitlelerin militan m\u00fccadeleleri d\u00f6neme damga vurmu\u015ftur. 1970\u2019lerin ortalar\u0131ndan itibaren g\u00f6r\u00fclebilecek di\u011fer bask\u0131n tema ise devletin egemenlik ve karar kapasitesindeki fragmantasyondur. T\u00fcm bu olgular, bu d\u00f6nemi Carl Schmitt\u2019in \u00fc\u00e7 adet d\u00fc\u015fmanl\u0131k formu \u00fczerinden T\u00fcrkiye\u2019nin 1970\u2019li y\u0131llar\u0131na bakmay\u0131 \u00f6nermektedir. Bu do\u011frultuda \u201ci\u00e7 d\u00fc\u015fman\u201d, \u201cd\u0131\u015f d\u00fc\u015fman\u201d ve \u201cmutlak d\u00fc\u015fman\u201d tipolojileri ekseninde T\u00fcrkiye siyas\u00ee tarihinin en \u00e7alkant\u0131l\u0131 d\u00f6neminin izini s\u00fcrmektedir. Bu kritik d\u00f6nemi kronolojik bir tarihsel anlat\u0131 bi\u00e7iminde de\u011fil de Schmittyen kavramsal okuma ekseninde anlamaya \u00e7al\u0131\u015fmak hem tarihsel olgulara yeni bir yorum getirmeyi hem de d\u00f6nemin dinamiklerini kavramay\u0131 g\u00fc\u00e7lendirecek bir d\u00fc\u015f\u00fcnsel \u015fablon \u00e7\u0131karmay\u0131 sa\u011flayacakt\u0131r. <\/p>\n","protected":false},"excerpt":{"rendered":"<p>1970\u2019li y\u0131llar, T\u00fcrkiye siyas\u00ee tarihinde en \u00e7alkant\u0131l\u0131 d\u00f6nemlerden biridir. Bu d\u00f6nemde 12 Mart s\u00fcrecinden \u00e7\u0131k\u0131\u015fla birlikte sivil siyaset, CHP-MSP H\u00fck\u00fbmeti ile tekrar ba\u015flam\u0131\u015ft\u0131r. CHP-MSP h\u00fck\u00fbmeti d\u00f6neminde<span class=\"excerpt-hellip\"> [\u2026]<\/span><\/p>\n","protected":false},"featured_media":0,"template":"","meta":{"_monsterinsights_skip_tracking":false,"_monsterinsights_sitenote_active":false,"_monsterinsights_sitenote_note":"","_monsterinsights_sitenote_category":0},"product_brand":[],"product_cat":[12351,12324],"product_tag":[],"class_list":{"0":"post-771075","1":"product","2":"type-product","3":"status-publish","5":"product_cat-siyaset-sosyolojisi","6":"product_cat-sosyoloji","7":"pa_cilt-ciltsiz","8":"pa_tur-kitap","9":"pa_yayinevi-vulgus-yayinlari","10":"pa_yazar-turgay-kahveci","12":"first","13":"instock","14":"sale","15":"shipping-taxable","16":"purchasable","17":"product-type-simple"},"_links":{"self":[{"href":"https:\/\/roveyayinevi.com.tr\/index.php\/wp-json\/wp\/v2\/product\/771075","targetHints":{"allow":["GET"]}}],"collection":[{"href":"https:\/\/roveyayinevi.com.tr\/index.php\/wp-json\/wp\/v2\/product"}],"about":[{"href":"https:\/\/roveyayinevi.com.tr\/index.php\/wp-json\/wp\/v2\/types\/product"}],"wp:attachment":[{"href":"https:\/\/roveyayinevi.com.tr\/index.php\/wp-json\/wp\/v2\/media?parent=771075"}],"wp:term":[{"taxonomy":"product_brand","embeddable":true,"href":"https:\/\/roveyayinevi.com.tr\/index.php\/wp-json\/wp\/v2\/product_brand?post=771075"},{"taxonomy":"product_cat","embeddable":true,"href":"https:\/\/roveyayinevi.com.tr\/index.php\/wp-json\/wp\/v2\/product_cat?post=771075"},{"taxonomy":"product_tag","embeddable":true,"href":"https:\/\/roveyayinevi.com.tr\/index.php\/wp-json\/wp\/v2\/product_tag?post=771075"}],"curies":[{"name":"wp","href":"https:\/\/api.w.org\/{rel}","templated":true}]}}