{"id":771074,"date":"2025-08-28T14:53:10","date_gmt":"2025-08-28T11:53:10","guid":{"rendered":"https:\/\/roveyayinevi.com.tr\/index.php\/urun\/4-nesil-asimetrik-teror\/"},"modified":"2026-04-15T03:37:36","modified_gmt":"2026-04-15T00:37:36","slug":"4-nesil-asimetrik-teror","status":"publish","type":"product","link":"https:\/\/roveyayinevi.com.tr\/index.php\/urun\/4-nesil-asimetrik-teror\/","title":{"rendered":"4. Nesil Asimetrik Ter\u00f6r"},"content":{"rendered":"<p>Sava\u015f art\u0131k g\u00f6r\u00fcnmez bir tehdide d\u00f6n\u00fc\u015ft\u00fc. Asimetrik ter\u00f6rizm ve Hibrit Sava\u015flar, geleneksel askeri cepheleri a\u015farak, toplumlar\u0131n psikolojisini, ekonomilerini ve sosyal yap\u0131s\u0131n\u0131 hedef al\u0131yor. Art\u0131k d\u00fc\u015fman, yaln\u0131zca s\u0131n\u0131rlar\u0131n \u00f6tesinde de\u011fil; bilgi ak\u0131\u015f\u0131nda, sosyal medyada, finansal sistemlerde ve g\u00fcnl\u00fck hayat\u0131n her alan\u0131nda. Devletler nas\u0131l bu yeni tehditlere kar\u015f\u0131 koyuyor? Ter\u00f6r gruplar\u0131 hibrit sava\u015flar\u0131 nas\u0131l kullan\u0131yor? Bireyler ve toplumlar bu yeni sava\u015f bi\u00e7iminden nas\u0131l etkileniyor? Bu kitap, modern g\u00fcvenlik tehditlerinin en derin noktalar\u0131na inerek, sizi g\u00fcn\u00fcm\u00fcz sava\u015flar\u0131n\u0131n bilinmeyen y\u00fcz\u00fcyle tan\u0131\u015ft\u0131r\u0131yor. <\/p>\n","protected":false},"excerpt":{"rendered":"<p>Sava\u015f art\u0131k g\u00f6r\u00fcnmez bir tehdide d\u00f6n\u00fc\u015ft\u00fc. Asimetrik ter\u00f6rizm ve Hibrit Sava\u015flar, geleneksel askeri cepheleri a\u015farak, toplumlar\u0131n psikolojisini, ekonomilerini ve sosyal yap\u0131s\u0131n\u0131 hedef al\u0131yor. Art\u0131k d\u00fc\u015fman, yaln\u0131zca<span class=\"excerpt-hellip\"> [\u2026]<\/span><\/p>\n","protected":false},"featured_media":0,"template":"","meta":{"_monsterinsights_skip_tracking":false,"_monsterinsights_sitenote_active":false,"_monsterinsights_sitenote_note":"","_monsterinsights_sitenote_category":0},"product_brand":[],"product_cat":[13590,12337],"product_tag":[],"class_list":{"0":"post-771074","1":"product","2":"type-product","3":"status-publish","5":"product_cat-arastirma-inceleme-politika-siyaset","6":"product_cat-politika-siyaset","7":"pa_cilt-ciltsiz","8":"pa_tur-kitap","9":"pa_yayinevi-nergiz-yayinlari","10":"pa_yazar-ibrahim-sirin","12":"first","13":"instock","14":"sale","15":"shipping-taxable","16":"purchasable","17":"product-type-simple"},"_links":{"self":[{"href":"https:\/\/roveyayinevi.com.tr\/index.php\/wp-json\/wp\/v2\/product\/771074","targetHints":{"allow":["GET"]}}],"collection":[{"href":"https:\/\/roveyayinevi.com.tr\/index.php\/wp-json\/wp\/v2\/product"}],"about":[{"href":"https:\/\/roveyayinevi.com.tr\/index.php\/wp-json\/wp\/v2\/types\/product"}],"wp:attachment":[{"href":"https:\/\/roveyayinevi.com.tr\/index.php\/wp-json\/wp\/v2\/media?parent=771074"}],"wp:term":[{"taxonomy":"product_brand","embeddable":true,"href":"https:\/\/roveyayinevi.com.tr\/index.php\/wp-json\/wp\/v2\/product_brand?post=771074"},{"taxonomy":"product_cat","embeddable":true,"href":"https:\/\/roveyayinevi.com.tr\/index.php\/wp-json\/wp\/v2\/product_cat?post=771074"},{"taxonomy":"product_tag","embeddable":true,"href":"https:\/\/roveyayinevi.com.tr\/index.php\/wp-json\/wp\/v2\/product_tag?post=771074"}],"curies":[{"name":"wp","href":"https:\/\/api.w.org\/{rel}","templated":true}]}}