{"id":771068,"date":"2025-08-28T14:52:59","date_gmt":"2025-08-28T11:52:59","guid":{"rendered":"https:\/\/roveyayinevi.com.tr\/index.php\/urun\/baba-olmak-kolay-mi\/"},"modified":"2026-04-15T03:37:36","modified_gmt":"2026-04-15T00:37:36","slug":"baba-olmak-kolay-mi","status":"publish","type":"product","link":"https:\/\/roveyayinevi.com.tr\/index.php\/urun\/baba-olmak-kolay-mi\/","title":{"rendered":"Baba Olmak Kolay M\u0131?"},"content":{"rendered":"<p>Baba olmak sadece bir \u00fcnvan de\u011fil, sorumluluk ve fark\u0131ndal\u0131kla \u015fekillenen bir yolculuktur. Kendi \u00e7ocukluk deneyimlerimiz nas\u0131l bir baba olaca\u011f\u0131m\u0131z\u0131 ne kadar etkiler? Nas\u0131l bir baba olaca\u011f\u0131m\u0131za ger\u00e7ekten biz karar verebilir miyiz?   Eren G\u00fczel, baba olman\u0131n \u00e7o\u011fu zaman i\u00e7g\u00fcd\u00fclerle de\u011fil se\u00e7imlerimizle \u015fekillendi\u011finin alt\u0131n\u0131 \u00e7izerek kendi \u00e7ocukluk deneyimlerinden hareketle miras ald\u0131\u011f\u0131 ebeveynli\u011fi, nas\u0131l bir baba olmay\u0131 se\u00e7ti\u011fini, d\u00f6n\u00fc\u015f\u00fcm yolculu\u011funu ve kendi babal\u0131\u011f\u0131n\u0131 ad\u0131m ad\u0131m nas\u0131l in\u015fa etti\u011fini i\u00e7tenlikle anlat\u0131yor.  Babal\u0131\u011f\u0131n ilk y\u0131l\u0131na dair ya\u015fad\u0131\u011f\u0131 deneyimlerini ay ay bir rehber niteli\u011finde sunarken ikinci kez baba olu\u015fuyla birlikte iki \u00e7ocuklu bir baba olarak ya\u015fad\u0131\u011f\u0131 zorluklar\u0131 ve maceralar\u0131n\u0131 samimi bir dille payla\u015f\u0131yor.   Baba Olmak Kolay m\u0131? Belki de\u011fil\u2026 Ama her g\u00fcn yeniden \u00f6\u011frenmek, geli\u015fmek, de\u011fi\u015fmek ve daha iyi bir baba olmak m\u00fcmk\u00fcn\u2026 Bu kitap sadece baba olanlar i\u00e7in de\u011fil, baba olmay\u0131 planlayan, ebeveynlik \u00fczerine d\u00fc\u015f\u00fcnen, \u00e7ocuklar\u0131yla daha g\u00fc\u00e7l\u00fc bir ba\u011f kurmak isteyen, ebeveynli\u011fi e\u015fit payla\u015farak ya\u015famay\u0131 se\u00e7en herkes i\u00e7in yaz\u0131ld\u0131. Geleneksel kal\u0131plar\u0131n d\u0131\u015f\u0131na \u00e7\u0131kmaya cesaret edenleri baba olman\u0131n ger\u00e7ek anlam\u0131n\u0131 ke\u015ffetmeye ve hakk\u0131n\u0131 vermeye davet ediyor. <\/p>\n","protected":false},"excerpt":{"rendered":"<p>Baba olmak sadece bir \u00fcnvan de\u011fil, sorumluluk ve fark\u0131ndal\u0131kla \u015fekillenen bir yolculuktur. Kendi \u00e7ocukluk deneyimlerimiz nas\u0131l bir baba olaca\u011f\u0131m\u0131z\u0131 ne kadar etkiler? Nas\u0131l bir baba olaca\u011f\u0131m\u0131za<span class=\"excerpt-hellip\"> [\u2026]<\/span><\/p>\n","protected":false},"featured_media":0,"template":"","meta":{"_monsterinsights_skip_tracking":false,"_monsterinsights_sitenote_active":false,"_monsterinsights_sitenote_note":"","_monsterinsights_sitenote_category":0},"product_brand":[],"product_cat":[12831,12324],"product_tag":[],"class_list":{"0":"post-771068","1":"product","2":"type-product","3":"status-publish","5":"product_cat-aile-ve-cocuk","6":"product_cat-sosyoloji","7":"pa_cilt-ciltsiz","8":"pa_tur-kitap","9":"pa_yayinevi-profil-kitap","10":"pa_yazar-eren-g-guzel","12":"first","13":"instock","14":"sale","15":"shipping-taxable","16":"purchasable","17":"product-type-simple"},"_links":{"self":[{"href":"https:\/\/roveyayinevi.com.tr\/index.php\/wp-json\/wp\/v2\/product\/771068","targetHints":{"allow":["GET"]}}],"collection":[{"href":"https:\/\/roveyayinevi.com.tr\/index.php\/wp-json\/wp\/v2\/product"}],"about":[{"href":"https:\/\/roveyayinevi.com.tr\/index.php\/wp-json\/wp\/v2\/types\/product"}],"wp:attachment":[{"href":"https:\/\/roveyayinevi.com.tr\/index.php\/wp-json\/wp\/v2\/media?parent=771068"}],"wp:term":[{"taxonomy":"product_brand","embeddable":true,"href":"https:\/\/roveyayinevi.com.tr\/index.php\/wp-json\/wp\/v2\/product_brand?post=771068"},{"taxonomy":"product_cat","embeddable":true,"href":"https:\/\/roveyayinevi.com.tr\/index.php\/wp-json\/wp\/v2\/product_cat?post=771068"},{"taxonomy":"product_tag","embeddable":true,"href":"https:\/\/roveyayinevi.com.tr\/index.php\/wp-json\/wp\/v2\/product_tag?post=771068"}],"curies":[{"name":"wp","href":"https:\/\/api.w.org\/{rel}","templated":true}]}}