{"id":771067,"date":"2025-08-28T14:52:56","date_gmt":"2025-08-28T11:52:56","guid":{"rendered":"https:\/\/roveyayinevi.com.tr\/index.php\/urun\/bir-kraliceyle-dostluk-ve-ayrilik-hikayem\/"},"modified":"2026-04-15T03:37:36","modified_gmt":"2026-04-15T00:37:36","slug":"bir-kraliceyle-dostluk-ve-ayrilik-hikayem","status":"publish","type":"product","link":"https:\/\/roveyayinevi.com.tr\/index.php\/urun\/bir-kraliceyle-dostluk-ve-ayrilik-hikayem\/","title":{"rendered":"Bir Krali\u00e7eyle Dostluk ve Ayr\u0131l\u0131k Hikayem"},"content":{"rendered":"<p>T\u00fcrl\u00fc-\u00e7e\u015fitli \u00e7irkinlikler i\u00e7inde ya\u015fam\u0131\u015f ve ya\u015fayan bir toplumda, onun g\u00fczelli\u011fi sanki bunca y\u0131ld\u0131r hayatlar\u0131m\u0131z\u0131n en g\u00fczel arma\u011fanlar\u0131ndan, bize verilmi\u015f en g\u00fczel tesellilerden biridir.   O bir film oyuncusu, bir aktris, \u00fcnl\u00fc bir kad\u0131n, sorumlu bir anne, toplumuyla uyum ve kendisiyle bar\u0131\u015f i\u00e7inde ya\u015fam\u0131\u015f bir kad\u0131n de\u011fildir yaln\u0131zca&#8230; O, kendisine toplum taraf\u0131ndan verilmi\u015f o e\u015fsiz unvan\u0131n bir eldiven gibi uydu\u011fu m\u00fcstesna bir kad\u0131nd\u0131r; o T\u00fcrkan Sultan\u2019d\u0131r. Onu sevmemek kimin haddine!   O yazar ise ona hayranl\u0131\u011f\u0131n\u0131 hep s\u00fcrd\u00fcrecek ve bu hayranl\u0131\u011f\u0131n nedenlerini, belki bir g\u00fcn, bir t\u00fcrl\u00fc bitiremedi\u011fi bir kitapta daha iyi anlatmaya \u00e7al\u0131\u015facakt\u0131r.<\/p>\n","protected":false},"excerpt":{"rendered":"<p>T\u00fcrl\u00fc-\u00e7e\u015fitli \u00e7irkinlikler i\u00e7inde ya\u015fam\u0131\u015f ve ya\u015fayan bir toplumda, onun g\u00fczelli\u011fi sanki bunca y\u0131ld\u0131r hayatlar\u0131m\u0131z\u0131n en g\u00fczel arma\u011fanlar\u0131ndan, bize verilmi\u015f en g\u00fczel tesellilerden biridir. O bir film<span class=\"excerpt-hellip\"> [\u2026]<\/span><\/p>\n","protected":false},"featured_media":0,"template":"","meta":{"_monsterinsights_skip_tracking":false,"_monsterinsights_sitenote_active":false,"_monsterinsights_sitenote_note":"","_monsterinsights_sitenote_category":0},"product_brand":[],"product_cat":[13701,12291],"product_tag":[],"class_list":{"0":"post-771067","1":"product","2":"type-product","3":"status-publish","5":"product_cat-ani-mektup-gunluk","6":"product_cat-edebiyat","7":"pa_cilt-ciltsiz","8":"pa_tur-kitap","9":"pa_yayinevi-profil-kitap","10":"pa_yazar-atilla-dorsay","12":"first","13":"instock","14":"sale","15":"shipping-taxable","16":"purchasable","17":"product-type-simple"},"_links":{"self":[{"href":"https:\/\/roveyayinevi.com.tr\/index.php\/wp-json\/wp\/v2\/product\/771067","targetHints":{"allow":["GET"]}}],"collection":[{"href":"https:\/\/roveyayinevi.com.tr\/index.php\/wp-json\/wp\/v2\/product"}],"about":[{"href":"https:\/\/roveyayinevi.com.tr\/index.php\/wp-json\/wp\/v2\/types\/product"}],"wp:attachment":[{"href":"https:\/\/roveyayinevi.com.tr\/index.php\/wp-json\/wp\/v2\/media?parent=771067"}],"wp:term":[{"taxonomy":"product_brand","embeddable":true,"href":"https:\/\/roveyayinevi.com.tr\/index.php\/wp-json\/wp\/v2\/product_brand?post=771067"},{"taxonomy":"product_cat","embeddable":true,"href":"https:\/\/roveyayinevi.com.tr\/index.php\/wp-json\/wp\/v2\/product_cat?post=771067"},{"taxonomy":"product_tag","embeddable":true,"href":"https:\/\/roveyayinevi.com.tr\/index.php\/wp-json\/wp\/v2\/product_tag?post=771067"}],"curies":[{"name":"wp","href":"https:\/\/api.w.org\/{rel}","templated":true}]}}