{"id":771066,"date":"2025-08-28T14:52:54","date_gmt":"2025-08-28T11:52:54","guid":{"rendered":"https:\/\/roveyayinevi.com.tr\/index.php\/urun\/ankarada-bir-ev-yakin-tarihimizden-trajik-urkutucu-garip-olaylar\/"},"modified":"2026-04-15T03:37:36","modified_gmt":"2026-04-15T00:37:36","slug":"ankarada-bir-ev-yakin-tarihimizden-trajik-urkutucu-garip-olaylar","status":"publish","type":"product","link":"https:\/\/roveyayinevi.com.tr\/index.php\/urun\/ankarada-bir-ev-yakin-tarihimizden-trajik-urkutucu-garip-olaylar\/","title":{"rendered":"Ankara&#8217;da Bir Ev: Yak\u0131n Tarihimizden Trajik, \u00dcrk\u00fct\u00fcc\u00fc, Garip Olaylar"},"content":{"rendered":"<p>&#8220;Ankara&#8217;da bir evden tekrar merhaba.&#8221;M\u00fcnevver Elif, Aral\u0131k 2022&#8217;den beri Ankara&#8217;daki evinden kesintisiz s\u00fcrd\u00fcrd\u00fc\u011f\u00fc podcast yay\u0131n\u0131nda bu s\u00f6zle a\u00e7t\u0131 hep program\u0131n\u0131. Her bir kay\u0131tta, T\u00fcrkiye&#8217;nin yak\u0131n tarihinden, bas\u0131n\u0131n ve halk\u0131n g\u00fcndemini uzun s\u00fcre me\u015fgul etmi\u015f trajik, \u00fcrk\u00fct\u00fcc\u00fc, garip bir olay\u0131n \u00f6yk\u00fcs\u00fcn\u00fc anlatt\u0131 kulak verenlere. Amat\u00f6r bir u\u011fra\u015f olarak ba\u015flayan Ankara&#8217;da Bir Ev, g\u00fcnden g\u00fcne artan m\u00fcdavimleriyle podcast d\u00fcnyas\u0131n\u0131n en g\u00f6zde programlar\u0131 aras\u0131na girerken, bu ba\u015far\u0131s\u0131n\u0131 \u015fimdi de \u00f6zel olarak haz\u0131rlanm\u0131\u015f bir kitapla ta\u00e7land\u0131r\u0131yor.1920&#8217;lerin sonundan ba\u015flayarak 1980&#8217;lere var\u0131ncaya, T\u00fcrkiye&#8217;nin farkl\u0131 \u015fehirlerinde ama en \u00e7ok da \u0130stanbul&#8217;da ya\u015fanm\u0131\u015f, toplumda yaratt\u0131\u011f\u0131 onca infiale kar\u015f\u0131n zamanla unutulup gitmi\u015f, ak\u0131llara durgunluk veren bu hik\u00e2yelerde, deyim yerindeyse modern T\u00fcrkiye&#8217;nin g\u00fcndelik hayat\u0131n\u0131n i\u00e7ine dalarak, t\u00fcrl\u00fc \u00e7e\u015fit maraziliklerle g\u00fcn y\u00fcz\u00fcne \u00e7\u0131kan s\u0131radan ger\u00e7ekli\u011fimize tan\u0131kl\u0131k edece\u011fiz. Ayr\u0131ca olaylar\u0131n arkaplan\u0131nda g\u00f6z\u00fcm\u00fcze \u00e7arpan baz\u0131 adlara ve olgulara fener tutarak k\u00fclt\u00fcrel ve siyasal tarihimizin \u00e7e\u015fitli cephelerine de k\u00fc\u00e7\u00fck pencereler a\u00e7aca\u011f\u0131z.K\u00f6r talihin, bahts\u0131zl\u0131\u011f\u0131n yan\u0131 s\u0131ra ihtiras\u0131n, a\u00e7g\u00f6zl\u00fcl\u00fc\u011f\u00fcn, al\u00e7akl\u0131\u011f\u0131n, fukaral\u0131\u011f\u0131n, ezeli kad\u0131n d\u00fc\u015fmanl\u0131\u011f\u0131n\u0131n, cinsel sapk\u0131nl\u0131\u011f\u0131n, yamyaml\u0131\u011f\u0131n, zulm\u00fcn, i\u015fkencenin, \u00e7ilenin, cinnetin, y\u00fcrek burkan aymazl\u0131\u011f\u0131n, ezc\u00fcmle akla gelebilecek her \u00e7e\u015fit k\u00f6t\u00fcl\u00fc\u011f\u00fcn boy g\u00f6sterdi\u011fi bu hazin anlat\u0131larda ayn\u0131 zamanda hi\u00e7 dinmeyen bir ya\u015fama arzusunun izlerini bulacaks\u0131n\u0131z.<\/p>\n","protected":false},"excerpt":{"rendered":"<p>&#8220;Ankara&#8217;da bir evden tekrar merhaba.&#8221;M\u00fcnevver Elif, Aral\u0131k 2022&#8217;den beri Ankara&#8217;daki evinden kesintisiz s\u00fcrd\u00fcrd\u00fc\u011f\u00fc podcast yay\u0131n\u0131nda bu s\u00f6zle a\u00e7t\u0131 hep program\u0131n\u0131. Her bir kay\u0131tta, T\u00fcrkiye&#8217;nin yak\u0131n tarihinden,<span class=\"excerpt-hellip\"> [\u2026]<\/span><\/p>\n","protected":false},"featured_media":0,"template":"","meta":{"_monsterinsights_skip_tracking":false,"_monsterinsights_sitenote_active":false,"_monsterinsights_sitenote_note":"","_monsterinsights_sitenote_category":0},"product_brand":[],"product_cat":[13072,12291],"product_tag":[],"class_list":{"0":"post-771066","1":"product","2":"type-product","3":"status-publish","5":"product_cat-arastirma-inceleme-referans","6":"product_cat-edebiyat","7":"pa_cilt-ciltsiz","8":"pa_tur-kitap","9":"pa_yayinevi-sel-yayincilik","10":"pa_yazar-munevver-elif","12":"first","13":"instock","14":"sale","15":"shipping-taxable","16":"purchasable","17":"product-type-simple"},"_links":{"self":[{"href":"https:\/\/roveyayinevi.com.tr\/index.php\/wp-json\/wp\/v2\/product\/771066","targetHints":{"allow":["GET"]}}],"collection":[{"href":"https:\/\/roveyayinevi.com.tr\/index.php\/wp-json\/wp\/v2\/product"}],"about":[{"href":"https:\/\/roveyayinevi.com.tr\/index.php\/wp-json\/wp\/v2\/types\/product"}],"wp:attachment":[{"href":"https:\/\/roveyayinevi.com.tr\/index.php\/wp-json\/wp\/v2\/media?parent=771066"}],"wp:term":[{"taxonomy":"product_brand","embeddable":true,"href":"https:\/\/roveyayinevi.com.tr\/index.php\/wp-json\/wp\/v2\/product_brand?post=771066"},{"taxonomy":"product_cat","embeddable":true,"href":"https:\/\/roveyayinevi.com.tr\/index.php\/wp-json\/wp\/v2\/product_cat?post=771066"},{"taxonomy":"product_tag","embeddable":true,"href":"https:\/\/roveyayinevi.com.tr\/index.php\/wp-json\/wp\/v2\/product_tag?post=771066"}],"curies":[{"name":"wp","href":"https:\/\/api.w.org\/{rel}","templated":true}]}}