{"id":771065,"date":"2025-08-28T14:52:51","date_gmt":"2025-08-28T11:52:51","guid":{"rendered":"https:\/\/roveyayinevi.com.tr\/index.php\/urun\/bnin-kelimeleri-2\/"},"modified":"2026-04-15T03:37:36","modified_gmt":"2026-04-15T00:37:36","slug":"bnin-kelimeleri-2","status":"publish","type":"product","link":"https:\/\/roveyayinevi.com.tr\/index.php\/urun\/bnin-kelimeleri-2\/","title":{"rendered":"B\u2018nin Kelimeleri"},"content":{"rendered":"<p>B, hayatta en \u00e7ok kelimeleri severdi. Bir de onlar\u0131n uyand\u0131rd\u0131\u011f\u0131 hisler \u00fczerine d\u00fc\u015f\u00fcnmeyi. \u0130nsanlar\u0131n fark etmeden, \u2018\u00f6ylesine\u2019 kulland\u0131\u011f\u0131 her kelime ona ve herkese asl\u0131nda ne \u00e7ok \u015fey anlat\u0131yor, ne \u00e7ok \u015fey hissettiriyordu&#8230;Bir sabah uyand\u0131 ve hayalindeki s\u00f6zl\u00fc\u011f\u00fc yazmaya karar verdi. Yaln\u0131zca onun se\u00e7ti\u011fi kelimeleri ve onun hislerini anlatan bir s\u00f6zl\u00fck. Okuldakiler bunu \u00f6\u011frenir ve onunla dalga ge\u00e7erler diye korkuyor, belki de s\u0131rf bu y\u00fczden bu hayalini s\u00fcrekli erteliyordu. Ama daha fazla erteleyemezdi \u00e7\u00fcnk\u00fc bir karde\u015fi olaca\u011f\u0131n\u0131 \u00f6\u011frenmi\u015fti\u2026Yazar Nazl\u0131 Deniz G\u00fcler hislerimizi, deneyimlerimizi anlamakta yaz\u0131n\u0131n bize sundu\u011fu destek \u00fczerine e\u011flenceli bir \u00f6yk\u00fc anlat\u0131rken, O\u011fuz Demir capcanl\u0131 sahneleriyle bu \u00f6yk\u00fcye \u00f6zg\u00fcn bir boyut kat\u0131yor.<\/p>\n","protected":false},"excerpt":{"rendered":"<p>B, hayatta en \u00e7ok kelimeleri severdi. Bir de onlar\u0131n uyand\u0131rd\u0131\u011f\u0131 hisler \u00fczerine d\u00fc\u015f\u00fcnmeyi. \u0130nsanlar\u0131n fark etmeden, \u2018\u00f6ylesine\u2019 kulland\u0131\u011f\u0131 her kelime ona ve herkese asl\u0131nda ne \u00e7ok<span class=\"excerpt-hellip\"> [\u2026]<\/span><\/p>\n","protected":false},"featured_media":0,"template":"","meta":{"_monsterinsights_skip_tracking":false,"_monsterinsights_sitenote_active":false,"_monsterinsights_sitenote_note":"","_monsterinsights_sitenote_category":0},"product_brand":[],"product_cat":[12274,12284],"product_tag":[],"class_list":{"0":"post-771065","1":"product","2":"type-product","3":"status-publish","5":"product_cat-cocuk-ve-genclik-kitaplari","6":"product_cat-hikayeler","7":"pa_cilt-ciltsiz","8":"pa_tur-kitap","9":"pa_yayinevi-can-cocuk-yayinlari","10":"pa_yazar-nazli-deniz-guler","12":"first","13":"instock","14":"sale","15":"shipping-taxable","16":"purchasable","17":"product-type-simple"},"_links":{"self":[{"href":"https:\/\/roveyayinevi.com.tr\/index.php\/wp-json\/wp\/v2\/product\/771065","targetHints":{"allow":["GET"]}}],"collection":[{"href":"https:\/\/roveyayinevi.com.tr\/index.php\/wp-json\/wp\/v2\/product"}],"about":[{"href":"https:\/\/roveyayinevi.com.tr\/index.php\/wp-json\/wp\/v2\/types\/product"}],"wp:attachment":[{"href":"https:\/\/roveyayinevi.com.tr\/index.php\/wp-json\/wp\/v2\/media?parent=771065"}],"wp:term":[{"taxonomy":"product_brand","embeddable":true,"href":"https:\/\/roveyayinevi.com.tr\/index.php\/wp-json\/wp\/v2\/product_brand?post=771065"},{"taxonomy":"product_cat","embeddable":true,"href":"https:\/\/roveyayinevi.com.tr\/index.php\/wp-json\/wp\/v2\/product_cat?post=771065"},{"taxonomy":"product_tag","embeddable":true,"href":"https:\/\/roveyayinevi.com.tr\/index.php\/wp-json\/wp\/v2\/product_tag?post=771065"}],"curies":[{"name":"wp","href":"https:\/\/api.w.org\/{rel}","templated":true}]}}