{"id":771064,"date":"2025-08-28T14:52:49","date_gmt":"2025-08-28T11:52:49","guid":{"rendered":"https:\/\/roveyayinevi.com.tr\/index.php\/urun\/dnin-mektuplari-2\/"},"modified":"2026-04-15T03:37:36","modified_gmt":"2026-04-15T00:37:36","slug":"dnin-mektuplari-2","status":"publish","type":"product","link":"https:\/\/roveyayinevi.com.tr\/index.php\/urun\/dnin-mektuplari-2\/","title":{"rendered":"D\u2018nin Mektuplar\u0131"},"content":{"rendered":"<p>Zeynep&#8230; pardon, Zeze \u00e7ok mutsuzdu. \u00c7ok ama \u00e7ok mutsuz! Hi\u00e7bir \u015fey eskisi gibi de\u011fildi \u00e7\u00fcnk\u00fc anneannesi ortada yoktu. Annesine ve babas\u0131na sordu\u011funda, anneannesinin bir yolculu\u011fa \u00e7\u0131kt\u0131\u011f\u0131n\u0131 s\u00f6ylemi\u015flerdi. Zeze\u2019nin do\u011fum g\u00fcn\u00fcne yaln\u0131zca be\u015f g\u00fcn kala, olacak \u015fey miydi bu!.. Derken, okulda beklenmedik bir \u015fey oldu. Defterini \u00e7antas\u0131na yerle\u015ftirdi\u011fi s\u0131rada, bir k\u00e2\u011f\u0131t Zeze\u2019nin ellerinin aras\u0131ndan kayd\u0131 ve usul usul yere d\u00fc\u015ft\u00fc. Bir mektuptu bu. \u2018D\u2019 diye imzalanm\u0131\u015f bir \u015fiir&#8230; Kimdi bu D? Zeze\u2019ye bu mektubu ni\u00e7in g\u00f6ndermi\u015fti?..Yazar Nazl\u0131 Deniz G\u00fcler kayg\u0131lar\u0131m\u0131z\u0131 ve h\u00fcsranlar\u0131m\u0131z\u0131 gidermekte ileti\u015fimin \u00f6nemi \u00fczerine e\u011flenceli bir \u00f6yk\u00fc anlat\u0131rken, O\u011fuz Demir capcanl\u0131 sahneleriyle bu \u00f6yk\u00fcye \u00f6zg\u00fcn bir boyut kat\u0131yor.<\/p>\n","protected":false},"excerpt":{"rendered":"<p>Zeynep&#8230; pardon, Zeze \u00e7ok mutsuzdu. \u00c7ok ama \u00e7ok mutsuz! Hi\u00e7bir \u015fey eskisi gibi de\u011fildi \u00e7\u00fcnk\u00fc anneannesi ortada yoktu. Annesine ve babas\u0131na sordu\u011funda, anneannesinin bir yolculu\u011fa \u00e7\u0131kt\u0131\u011f\u0131n\u0131<span class=\"excerpt-hellip\"> [\u2026]<\/span><\/p>\n","protected":false},"featured_media":0,"template":"","meta":{"_monsterinsights_skip_tracking":false,"_monsterinsights_sitenote_active":false,"_monsterinsights_sitenote_note":"","_monsterinsights_sitenote_category":0},"product_brand":[],"product_cat":[12274,12284],"product_tag":[],"class_list":{"0":"post-771064","1":"product","2":"type-product","3":"status-publish","5":"product_cat-cocuk-ve-genclik-kitaplari","6":"product_cat-hikayeler","7":"pa_cilt-ciltsiz","8":"pa_tur-kitap","9":"pa_yayinevi-can-cocuk-yayinlari","10":"pa_yazar-nazli-deniz-guler","12":"first","13":"instock","14":"sale","15":"shipping-taxable","16":"purchasable","17":"product-type-simple"},"_links":{"self":[{"href":"https:\/\/roveyayinevi.com.tr\/index.php\/wp-json\/wp\/v2\/product\/771064","targetHints":{"allow":["GET"]}}],"collection":[{"href":"https:\/\/roveyayinevi.com.tr\/index.php\/wp-json\/wp\/v2\/product"}],"about":[{"href":"https:\/\/roveyayinevi.com.tr\/index.php\/wp-json\/wp\/v2\/types\/product"}],"wp:attachment":[{"href":"https:\/\/roveyayinevi.com.tr\/index.php\/wp-json\/wp\/v2\/media?parent=771064"}],"wp:term":[{"taxonomy":"product_brand","embeddable":true,"href":"https:\/\/roveyayinevi.com.tr\/index.php\/wp-json\/wp\/v2\/product_brand?post=771064"},{"taxonomy":"product_cat","embeddable":true,"href":"https:\/\/roveyayinevi.com.tr\/index.php\/wp-json\/wp\/v2\/product_cat?post=771064"},{"taxonomy":"product_tag","embeddable":true,"href":"https:\/\/roveyayinevi.com.tr\/index.php\/wp-json\/wp\/v2\/product_tag?post=771064"}],"curies":[{"name":"wp","href":"https:\/\/api.w.org\/{rel}","templated":true}]}}