{"id":771062,"date":"2025-08-28T14:52:45","date_gmt":"2025-08-28T11:52:45","guid":{"rendered":"https:\/\/roveyayinevi.com.tr\/index.php\/urun\/babamin-oyuncak-sandigi\/"},"modified":"2026-04-15T03:37:36","modified_gmt":"2026-04-15T00:37:36","slug":"babamin-oyuncak-sandigi","status":"publish","type":"product","link":"https:\/\/roveyayinevi.com.tr\/index.php\/urun\/babamin-oyuncak-sandigi\/","title":{"rendered":"Babam\u0131n Oyuncak Sand\u0131\u011f\u0131"},"content":{"rendered":"<p>Hayal g\u00fcc\u00fcn\u00fcz\u00fc serbest b\u0131rak\u0131n ve oyuncaklar\u0131n gizemini ke\u015ffetmeye haz\u0131r olun! U\u00e7urtmalar r\u00fczg\u00e2r\u0131 \u00e7a\u011f\u0131r\u0131rken, d\u00fcrb\u00fcnlerle ba\u015fka yerlere \u0131\u015f\u0131nlanacak  ve pilot g\u00f6zl\u00fckleriyle g\u00f6ky\u00fcz\u00fcne s\u00fcz\u00fcleceklerdir! Ali, Zeynep, Efe ve Berk, bir yaz tatilinde k\u00f6yde ge\u00e7irdikleri s\u0131radan g\u00fcnlerde bir tavan aras\u0131nda bulduklar\u0131 eski bir oyuncak sand\u0131\u011f\u0131yla bamba\u015fka bir maceraya ad\u0131m atarlar. Ama her \u015fey bir oyundan ibaret de\u011fildir&#8230; Sand\u0131ktaki oyuncaklar kaybolunca i\u015fler ciddile\u015fir. D\u00f6rt arkada\u015f, zek\u00e2lar\u0131n\u0131, cesaretlerini ve dostluklar\u0131n\u0131 birle\u015ftirerek, gizemli koleksiyoncu Mezat\u00e7\u0131\u2019n\u0131n pe\u015fine d\u00fc\u015fer. Peki, onlar\u0131 bekleyen s\u0131rlar nelerdir? Babam\u0131n Oyuncak Sand\u0131\u011f\u0131; s\u0131cak, e\u011flenceli ve d\u00fc\u015f\u00fcnd\u00fcr\u00fcc\u00fc diliyle okurlar\u0131n\u0131 maceran\u0131n tam ortas\u0131na s\u00fcr\u00fckl\u00fcyor. Bu kitap, eski oyuncaklar\u0131n ard\u0131nda yatan s\u0131rlar\u0131 ve el birli\u011fiylebu s\u0131rr\u0131 \u00e7\u00f6zmenin g\u00fcc\u00fcn\u00fc ke\u015ffetmek isteyen her ya\u015ftan okuru bekliyor. Haydi siz de bu maceraya kat\u0131l\u0131n.  Geleneksel oyuncaklar\u0131n \u015fa\u015f\u0131rt\u0131c\u0131 g\u00fcc\u00fc, dostluk, macera ve s\u0131cac\u0131k bir hik\u00e2ye.<\/p>\n","protected":false},"excerpt":{"rendered":"<p>Hayal g\u00fcc\u00fcn\u00fcz\u00fc serbest b\u0131rak\u0131n ve oyuncaklar\u0131n gizemini ke\u015ffetmeye haz\u0131r olun! U\u00e7urtmalar r\u00fczg\u00e2r\u0131 \u00e7a\u011f\u0131r\u0131rken, d\u00fcrb\u00fcnlerle ba\u015fka yerlere \u0131\u015f\u0131nlanacak ve pilot g\u00f6zl\u00fckleriyle g\u00f6ky\u00fcz\u00fcne s\u00fcz\u00fcleceklerdir! Ali, Zeynep, Efe ve<span class=\"excerpt-hellip\"> [\u2026]<\/span><\/p>\n","protected":false},"featured_media":0,"template":"","meta":{"_monsterinsights_skip_tracking":false,"_monsterinsights_sitenote_active":false,"_monsterinsights_sitenote_note":"","_monsterinsights_sitenote_category":0},"product_brand":[],"product_cat":[12274,12284],"product_tag":[],"class_list":{"0":"post-771062","1":"product","2":"type-product","3":"status-publish","5":"product_cat-cocuk-ve-genclik-kitaplari","6":"product_cat-hikayeler","7":"pa_cilt-ciltsiz","8":"pa_tur-kitap","9":"pa_yayinevi-hayat-yayinlari","10":"pa_yazar-mehmet-hilmi-aygun","12":"first","13":"instock","14":"sale","15":"shipping-taxable","16":"purchasable","17":"product-type-simple"},"_links":{"self":[{"href":"https:\/\/roveyayinevi.com.tr\/index.php\/wp-json\/wp\/v2\/product\/771062","targetHints":{"allow":["GET"]}}],"collection":[{"href":"https:\/\/roveyayinevi.com.tr\/index.php\/wp-json\/wp\/v2\/product"}],"about":[{"href":"https:\/\/roveyayinevi.com.tr\/index.php\/wp-json\/wp\/v2\/types\/product"}],"wp:attachment":[{"href":"https:\/\/roveyayinevi.com.tr\/index.php\/wp-json\/wp\/v2\/media?parent=771062"}],"wp:term":[{"taxonomy":"product_brand","embeddable":true,"href":"https:\/\/roveyayinevi.com.tr\/index.php\/wp-json\/wp\/v2\/product_brand?post=771062"},{"taxonomy":"product_cat","embeddable":true,"href":"https:\/\/roveyayinevi.com.tr\/index.php\/wp-json\/wp\/v2\/product_cat?post=771062"},{"taxonomy":"product_tag","embeddable":true,"href":"https:\/\/roveyayinevi.com.tr\/index.php\/wp-json\/wp\/v2\/product_tag?post=771062"}],"curies":[{"name":"wp","href":"https:\/\/api.w.org\/{rel}","templated":true}]}}