{"id":771058,"date":"2025-08-28T14:52:35","date_gmt":"2025-08-28T11:52:35","guid":{"rendered":"https:\/\/roveyayinevi.com.tr\/index.php\/urun\/balik-baliktir-ciltli\/"},"modified":"2026-04-15T03:37:35","modified_gmt":"2026-04-15T00:37:35","slug":"balik-baliktir-ciltli","status":"publish","type":"product","link":"https:\/\/roveyayinevi.com.tr\/index.php\/urun\/balik-baliktir-ciltli\/","title":{"rendered":"Bal\u0131k Bal\u0131kt\u0131r (Ciltli)"},"content":{"rendered":"<p>ac\u0131k tefecik iriba\u015f ile yavru bal\u0131k, k\u00fc\u00e7\u00fck bir g\u00f6lde ya\u015fayan iki arkada\u015ft\u0131r. G\u00fcn gelir iriba\u015f\u0131n bacaklar\u0131 \u00e7\u0131kar, g\u00f6l\u00fc b\u0131rak\u0131p yery\u00fcz\u00fcn\u00fc ke\u015ffetmeye gider. D\u00f6nd\u00fc\u011f\u00fcnde neler anlat\u0131r neler\u2026 Bal\u0131ksa hayal eder, eder ama yetmez. O da yery\u00fcz\u00fcn\u00fc, di\u011fer canl\u0131lar\u0131 g\u00f6rmek ister. Bir g\u00fcn denemeye karar verir ancak bu yeni yolculuk, hayalindeki gibi olmayacakt\u0131r. Elbette dostluk y\u00fcz\u00fcn\u00fc g\u00f6sterene kadar\u2026 Yal\u0131n \u00f6yk\u00fcn\u00fcn ustas\u0131 yine bildi\u011finiz gibi. Biricik Leo Lionni\u2019den su gibi ak\u0131p gidecek bir eser daha. Dostluk, hayal g\u00fcc\u00fc, bak\u0131\u015f a\u00e7\u0131lar\u0131m\u0131z ama en \u00e7ok da kendi d\u00fcnyam\u0131z\u0131, do\u011fam\u0131z\u0131 kabul etmekle ba\u015flayan de\u011ferli yolculuklar\u0131m\u0131z \u00fczerine\u2026 Orada oldu\u011funu bildi\u011fimiz yeti\u015fkin okurlar, size de iyi okumalar. Bu kez bir bal\u0131k \u00e7alacak kalbinizi, engin maviliklerde. Sayfadan sayfaya s\u00fcz\u00fcld\u00fck\u00e7e g\u00f6receksiniz ki ba\u015fkarakterimiz asl\u0131nda hepimizden izler ta\u015f\u0131yor. Bu minik bal\u0131k da farkl\u0131l\u0131klar\u0131 anlay\u0131p kabul etti\u011finde kim oldu\u011funu ke\u015ffetmeye ba\u015flayacak. Kendi varl\u0131\u011f\u0131n\u0131n g\u00fczelli\u011fiyle dolarken hafifleyecek, de\u011fi\u015fecek, d\u00f6n\u00fc\u015fecek ve e\u015fsiz hayat\u0131n\u0131n tad\u0131na varacak. Elbette \u00e7ok sevece\u011finiz \u00e7ocukluk arkada\u015f\u0131yla beraber\u2026   \u201cG\u00fcn\u00fcm\u00fczde resimli kitap yeni bir g\u00f6rsel sanat formuysa e\u011fer, Leo Lionni kesinlikle t\u00fcr\u00fcn bir ustas\u0131 olarak de\u011ferlendirilecektir.\u201d The New York Times   \u201c\u00dcst\u00fcn bir kitap. Yal\u0131n ancak dikkat \u00e7ekici.\u201d School Library Journal ***Bir sabah iriba\u015f, gece iki minik baca\u011f\u0131n\u0131n \u00e7\u0131kt\u0131\u011f\u0131n\u0131 fark etti. \u201cBak\u201d dedi gururla, \u201cBak, ben bir kurba\u011fay\u0131m!\u201d \u201cSa\u00e7ma\u201d dedi k\u00fc\u00e7\u00fck bal\u0131k. \u201cD\u00fcn gece benim gibi k\u00fc\u00e7\u00fck bir bal\u0131kken nas\u0131l kurba\u011fa olursun!\u201d Uzun uzun tart\u0131\u015ft\u0131lar ve en sonunda iriba\u015f \u015f\u00f6yle dedi: \u201cKurba\u011fa kurba\u011fad\u0131r, bal\u0131k da bal\u0131k, hepsi bu.\u201d *** Sonra bir g\u00fcn kurba\u011fa, yosunlar\u0131 sarsan mutlu bir \u015f\u0131p\u0131rt\u0131yla g\u00f6lc\u00fc\u011f\u00fcn i\u00e7ine atlad\u0131. \u201cNerelerdeydin?\u201d diye sordu bal\u0131k heyecanla. \u201cOraya buraya z\u0131playarak d\u00fcnyay\u0131 dola\u015ft\u0131m ve s\u0131rad\u0131\u015f\u0131 \u015feyler g\u00f6rd\u00fcm\u201d dedi kurba\u011fa. \u201cNas\u0131l \u015feyler?\u201d diye sordu bal\u0131k. \u201cKu\u015flar\u201d dedi kurba\u011fa gizemli bir sesle. \u201cKu\u015flar\u2026\u201d Ard\u0131ndan kanatlar\u0131, iki bacaklar\u0131 ve bir s\u00fcr\u00fc, bir s\u00fcr\u00fc renkleri olan ku\u015flar\u0131 anlatt\u0131. Kurba\u011fa anlatt\u0131k\u00e7a arkada\u015f\u0131, ku\u015flar\u0131n b\u00fcy\u00fck t\u00fcyl\u00fc bal\u0131klar gibi kafas\u0131n\u0131n i\u00e7inde u\u00e7tu\u011funu g\u00f6rd\u00fc. \u201cBa\u015fka?\u201d diye sordu bal\u0131k sab\u0131rs\u0131zca. *** Bal\u0131k, bir s\u00fcre \u015fa\u015fk\u0131n \u015fa\u015fk\u0131n etrafta y\u00fczd\u00fc. Sonra derin bir nefes alarak temiz ve serin suyu solunga\u00e7lar\u0131na \u00e7ekti. \u015eimdi yine hafif hissediyordu. Eskisi gibi, kuyru\u011funun en ufak hareketiyle \u00f6ne arkaya, yukar\u0131 ve a\u015fa\u011f\u0131ya gidebiliyordu. G\u00fcne\u015f \u0131\u015f\u0131nlar\u0131 yosunlar\u0131n aras\u0131na uzan\u0131yor, p\u0131r\u0131lt\u0131l\u0131 renkleri usulca de\u011fi\u015ftiriyordu. Bu d\u00fcnya, kesinlikle d\u00fcnyalar\u0131n en g\u00fczeliydi. Bal\u0131k, bir nil\u00fcfer yapra\u011f\u0131na oturarak kendisini izleyen kurba\u011fa arkada\u015f\u0131na g\u00fcl\u00fcmsedi. \u201cHakl\u0131yd\u0131n\u201d dedi. \u201cBal\u0131k, bal\u0131kt\u0131r.\u201d <\/p>\n","protected":false},"excerpt":{"rendered":"<p>ac\u0131k tefecik iriba\u015f ile yavru bal\u0131k, k\u00fc\u00e7\u00fck bir g\u00f6lde ya\u015fayan iki arkada\u015ft\u0131r. G\u00fcn gelir iriba\u015f\u0131n bacaklar\u0131 \u00e7\u0131kar, g\u00f6l\u00fc b\u0131rak\u0131p yery\u00fcz\u00fcn\u00fc ke\u015ffetmeye gider. D\u00f6nd\u00fc\u011f\u00fcnde neler anlat\u0131r neler\u2026<span class=\"excerpt-hellip\"> [\u2026]<\/span><\/p>\n","protected":false},"featured_media":0,"template":"","meta":{"_monsterinsights_skip_tracking":false,"_monsterinsights_sitenote_active":false,"_monsterinsights_sitenote_note":"","_monsterinsights_sitenote_category":0},"product_brand":[],"product_cat":[12274,12284],"product_tag":[],"class_list":{"0":"post-771058","1":"product","2":"type-product","3":"status-publish","5":"product_cat-cocuk-ve-genclik-kitaplari","6":"product_cat-hikayeler","7":"pa_cilt-ciltli","8":"pa_tur-kitap","9":"pa_yayinevi-elma-cocuk","10":"pa_yazar-leo-lionni","12":"first","13":"instock","14":"sale","15":"shipping-taxable","16":"purchasable","17":"product-type-simple"},"_links":{"self":[{"href":"https:\/\/roveyayinevi.com.tr\/index.php\/wp-json\/wp\/v2\/product\/771058","targetHints":{"allow":["GET"]}}],"collection":[{"href":"https:\/\/roveyayinevi.com.tr\/index.php\/wp-json\/wp\/v2\/product"}],"about":[{"href":"https:\/\/roveyayinevi.com.tr\/index.php\/wp-json\/wp\/v2\/types\/product"}],"wp:attachment":[{"href":"https:\/\/roveyayinevi.com.tr\/index.php\/wp-json\/wp\/v2\/media?parent=771058"}],"wp:term":[{"taxonomy":"product_brand","embeddable":true,"href":"https:\/\/roveyayinevi.com.tr\/index.php\/wp-json\/wp\/v2\/product_brand?post=771058"},{"taxonomy":"product_cat","embeddable":true,"href":"https:\/\/roveyayinevi.com.tr\/index.php\/wp-json\/wp\/v2\/product_cat?post=771058"},{"taxonomy":"product_tag","embeddable":true,"href":"https:\/\/roveyayinevi.com.tr\/index.php\/wp-json\/wp\/v2\/product_tag?post=771058"}],"curies":[{"name":"wp","href":"https:\/\/api.w.org\/{rel}","templated":true}]}}