{"id":771056,"date":"2025-08-28T14:52:31","date_gmt":"2025-08-28T11:52:31","guid":{"rendered":"https:\/\/roveyayinevi.com.tr\/index.php\/urun\/parker-avci\/"},"modified":"2026-04-15T03:37:35","modified_gmt":"2026-04-15T00:37:35","slug":"parker-avci","status":"publish","type":"product","link":"https:\/\/roveyayinevi.com.tr\/index.php\/urun\/parker-avci\/","title":{"rendered":"Parker: Avc\u0131"},"content":{"rendered":"<p>AVCI, g\u00f6\u011f\u00fcste patlayan bir pompal\u0131 t\u00fcfek gibi New York\u2019u yere sermi\u015f bir adam\u0131n hik\u00e2yesi. Sevdi\u011fi kad\u0131n taraf\u0131ndan aldat\u0131l\u0131p su\u00e7 orta\u011f\u0131 taraf\u0131ndan ihanete u\u011frayan Parker, kafas\u0131na koydu\u011fu tek bir hedef u\u011fruna \u00fclkeyi bir u\u00e7tan di\u011ferine kat ediyor. \u00c7\u00fcnk\u00fc hem intikam\u0131n\u0131 hem de kendine ait olan\u0131 so\u011fukkanl\u0131 bir \u015fekilde geri almak istiyor. <\/p>\n","protected":false},"excerpt":{"rendered":"<p>AVCI, g\u00f6\u011f\u00fcste patlayan bir pompal\u0131 t\u00fcfek gibi New York\u2019u yere sermi\u015f bir adam\u0131n hik\u00e2yesi. Sevdi\u011fi kad\u0131n taraf\u0131ndan aldat\u0131l\u0131p su\u00e7 orta\u011f\u0131 taraf\u0131ndan ihanete u\u011frayan Parker, kafas\u0131na koydu\u011fu<span class=\"excerpt-hellip\"> [\u2026]<\/span><\/p>\n","protected":false},"featured_media":0,"template":"","meta":{"_monsterinsights_skip_tracking":false,"_monsterinsights_sitenote_active":false,"_monsterinsights_sitenote_note":"","_monsterinsights_sitenote_category":0},"product_brand":[],"product_cat":[12416,12291],"product_tag":[],"class_list":{"0":"post-771056","1":"product","2":"type-product","3":"status-publish","5":"product_cat-cizgi-roman","6":"product_cat-edebiyat","7":"pa_cilt-ciltsiz","8":"pa_tur-kitap","9":"pa_yayinevi-kara-karga-yayinlari","10":"pa_yazar-darwyn-cooke","12":"first","13":"instock","14":"sale","15":"shipping-taxable","16":"purchasable","17":"product-type-simple"},"_links":{"self":[{"href":"https:\/\/roveyayinevi.com.tr\/index.php\/wp-json\/wp\/v2\/product\/771056","targetHints":{"allow":["GET"]}}],"collection":[{"href":"https:\/\/roveyayinevi.com.tr\/index.php\/wp-json\/wp\/v2\/product"}],"about":[{"href":"https:\/\/roveyayinevi.com.tr\/index.php\/wp-json\/wp\/v2\/types\/product"}],"wp:attachment":[{"href":"https:\/\/roveyayinevi.com.tr\/index.php\/wp-json\/wp\/v2\/media?parent=771056"}],"wp:term":[{"taxonomy":"product_brand","embeddable":true,"href":"https:\/\/roveyayinevi.com.tr\/index.php\/wp-json\/wp\/v2\/product_brand?post=771056"},{"taxonomy":"product_cat","embeddable":true,"href":"https:\/\/roveyayinevi.com.tr\/index.php\/wp-json\/wp\/v2\/product_cat?post=771056"},{"taxonomy":"product_tag","embeddable":true,"href":"https:\/\/roveyayinevi.com.tr\/index.php\/wp-json\/wp\/v2\/product_tag?post=771056"}],"curies":[{"name":"wp","href":"https:\/\/api.w.org\/{rel}","templated":true}]}}