{"id":771054,"date":"2025-08-28T14:52:27","date_gmt":"2025-08-28T11:52:27","guid":{"rendered":"https:\/\/roveyayinevi.com.tr\/index.php\/urun\/mit-yaratimi\/"},"modified":"2026-04-13T03:33:38","modified_gmt":"2026-04-13T00:33:38","slug":"mit-yaratimi","status":"publish","type":"product","link":"https:\/\/roveyayinevi.com.tr\/index.php\/urun\/mit-yaratimi\/","title":{"rendered":"Mit Yarat\u0131m\u0131"},"content":{"rendered":"<p>HER HAYAT B\u0130R MASAL, HER ANI B\u0130R M\u0130T OLAB\u0130L\u0130R   Herkesin bir hik\u00e2yesi vard\u0131r. Peki ya senin hik\u00e2yen bir mite d\u00f6n\u00fc\u015fmek \u00fczereyse?   Maureen Murdock, Mit Yarat\u0131m\u0131\u2019nda an\u0131 yaz\u0131m\u0131n\u0131 ki\u015fisel ke\u015fif, d\u00f6n\u00fc\u015f\u00fcm ve \u015fifa yolculu\u011fu haline getiriyor. Jung\u2019un arketiplerinden Joseph Campbell\u2019\u0131n \u201cKahraman\u0131n Sonsuz Yolculu\u011fu\u201dna, ku\u015fak travmalar\u0131ndan aile mitlerine uzanan geni\u015f bir yelpazede, okuyucuyu kendi ya\u015fam anlat\u0131s\u0131n\u0131 yeniden kurgulamaya davet ediyor.   Bu kitap, sadece yazmak isteyenler i\u00e7in de\u011fil; ge\u00e7mi\u015fini anlamland\u0131rmak, k\u00f6kleriyle ba\u011f kurmak ve i\u00e7sel sesiyle y\u00fczle\u015fmek isteyen herkes i\u00e7in e\u015fsiz bir rehber.   K\u00f6kler g\u00f6r\u00fcnmezdir ama en derin ba\u011flar\u0131 onlar kurar. <\/p>\n","protected":false},"excerpt":{"rendered":"<p>HER HAYAT B\u0130R MASAL, HER ANI B\u0130R M\u0130T OLAB\u0130L\u0130R Herkesin bir hik\u00e2yesi vard\u0131r. Peki ya senin hik\u00e2yen bir mite d\u00f6n\u00fc\u015fmek \u00fczereyse? Maureen Murdock, Mit Yarat\u0131m\u0131\u2019nda an\u0131<span class=\"excerpt-hellip\"> [\u2026]<\/span><\/p>\n","protected":false},"featured_media":0,"template":"","meta":{"_monsterinsights_skip_tracking":false,"_monsterinsights_sitenote_active":false,"_monsterinsights_sitenote_note":"","_monsterinsights_sitenote_category":0},"product_brand":[],"product_cat":[12364,12376],"product_tag":[],"class_list":{"0":"post-771054","1":"product","2":"type-product","3":"status-publish","5":"product_cat-genel-konular","6":"product_cat-kisisel-gelisim","7":"pa_cilt-ciltsiz","8":"pa_tur-kitap","9":"pa_yayinevi-beyaz-baykus-yayinlari","10":"pa_yazar-maureen-murdock","12":"first","13":"instock","14":"sale","15":"shipping-taxable","16":"purchasable","17":"product-type-simple"},"_links":{"self":[{"href":"https:\/\/roveyayinevi.com.tr\/index.php\/wp-json\/wp\/v2\/product\/771054","targetHints":{"allow":["GET"]}}],"collection":[{"href":"https:\/\/roveyayinevi.com.tr\/index.php\/wp-json\/wp\/v2\/product"}],"about":[{"href":"https:\/\/roveyayinevi.com.tr\/index.php\/wp-json\/wp\/v2\/types\/product"}],"wp:attachment":[{"href":"https:\/\/roveyayinevi.com.tr\/index.php\/wp-json\/wp\/v2\/media?parent=771054"}],"wp:term":[{"taxonomy":"product_brand","embeddable":true,"href":"https:\/\/roveyayinevi.com.tr\/index.php\/wp-json\/wp\/v2\/product_brand?post=771054"},{"taxonomy":"product_cat","embeddable":true,"href":"https:\/\/roveyayinevi.com.tr\/index.php\/wp-json\/wp\/v2\/product_cat?post=771054"},{"taxonomy":"product_tag","embeddable":true,"href":"https:\/\/roveyayinevi.com.tr\/index.php\/wp-json\/wp\/v2\/product_tag?post=771054"}],"curies":[{"name":"wp","href":"https:\/\/api.w.org\/{rel}","templated":true}]}}